{"id":41338,"date":"2023-11-05T23:51:00","date_gmt":"2024-07-02T19:44:30","guid":{"rendered":"https:\/\/pikasworld.ch\/product\/bunte-servietten-happy-birthday20-stk\/"},"modified":"2024-11-08T13:45:45","modified_gmt":"2024-11-08T12:45:45","slug":"bunte-servietten-happy-birthday20-stk","status":"publish","type":"product","link":"https:\/\/camaleoparty.ch\/de\/produkt\/bunte-servietten-happy-birthday20-stk\/","title":{"rendered":"Bunte Servietten &#8222;Happy Birthday&#8220;,20 Stk"},"content":{"rendered":"<p>? Entdecken Sie unsere neue, spritzige und farbenfrohe &#8222;Happy Birthday&#8220;-Kollektion, ideal f\u00fcr alle Geburtstage, Erwachsene und Kinder! ?<\/p>\n<p>Diese 20 Papierservietten sind mit dem Schriftzug &#8222;Happy Birthday&#8220; und bunten Kotillons verziert. Kombinieren Sie sie mit den Bechern und Tellern der &#8222;Happy Birthday&#8220;-Kollektion f\u00fcr einen festlichen und selbstbewussten Total-Look. Perfekt, um Ihrer Geburtstagsparty einen Hauch von Freude und Farbe zu verleihen!<\/p>\n<p>\u2728 Eigenschaften :<\/p>\n<ul>\n<li>In Paris entworfen, in Europa hergestellt<\/li>\n<li>FSC-Papier, pflanzliche und recycelbare Tinten<\/li>\n<li>3 Schichten f\u00fcr eine hohe Qualit\u00e4t<\/li>\n<li>Abmessungen der Verpackung: 2 x 16,5 x 16,5 cm<\/li>\n<li>Gewicht: 100g<\/li>\n<\/ul>\n<p>? Wahlmen\u00fc :<\/p>\n<ul>\n<li>20 Handt\u00fccher<\/li>\n<\/ul>\n<p>? Zusammensetzung :<\/p>\n<ul>\n<li>FSC-Papier, Zellulosefolie, pflanzliche Druckfarben<\/li>\n<\/ul>\n<p>Diese Servietten wurden entworfen, um Ihrer Veranstaltung eine festliche und umweltbewusste Atmosph\u00e4re zu verleihen. Lassen Sie Ihre Party mit dieser fr\u00f6hlichen und umweltfreundlichen Kollektion gl\u00e4nzen!<\/p>\n","protected":false},"excerpt":{"rendered":"<p>Diese farbenfrohen Servietten wurden entworfen, um Ihrer Veranstaltung eine festliche und umweltbewusste Atmosph\u00e4re zu verleihen.<\/p>\n","protected":false},"featured_media":36221,"comment_status":"open","ping_status":"closed","template":"","meta":[],"product_cat":[183,181,161,147],"product_tag":[],"class_list":{"0":"post-41338","1":"product","2":"type-product","3":"status-publish","4":"has-post-thumbnail","6":"product_brand-mylittleday-de","7":"product_cat-geburtstag","8":"product_cat-saisonal","9":"product_cat-servietten","10":"product_cat-verjaardags-en-feesttafelversieringen","12":"first","13":"instock","14":"taxable","15":"shipping-taxable","16":"purchasable","17":"product-type-simple"},"_links":{"self":[{"href":"https:\/\/camaleoparty.ch\/de\/wp-json\/wp\/v2\/product\/41338","targetHints":{"allow":["GET"]}}],"collection":[{"href":"https:\/\/camaleoparty.ch\/de\/wp-json\/wp\/v2\/product"}],"about":[{"href":"https:\/\/camaleoparty.ch\/de\/wp-json\/wp\/v2\/types\/product"}],"replies":[{"embeddable":true,"href":"https:\/\/camaleoparty.ch\/de\/wp-json\/wp\/v2\/comments?post=41338"}],"wp:featuredmedia":[{"embeddable":true,"href":"https:\/\/camaleoparty.ch\/de\/wp-json\/wp\/v2\/media\/36221"}],"wp:attachment":[{"href":"https:\/\/camaleoparty.ch\/de\/wp-json\/wp\/v2\/media?parent=41338"}],"wp:term":[{"taxonomy":"product_cat","embeddable":true,"href":"https:\/\/camaleoparty.ch\/de\/wp-json\/wp\/v2\/product_cat?post=41338"},{"taxonomy":"product_tag","embeddable":true,"href":"https:\/\/camaleoparty.ch\/de\/wp-json\/wp\/v2\/product_tag?post=41338"}],"curies":[{"name":"wp","href":"https:\/\/api.w.org\/{rel}","templated":true}]}}