{"id":41324,"date":"2024-01-11T21:45:44","date_gmt":"2024-07-02T14:51:55","guid":{"rendered":"https:\/\/pikasworld.ch\/product\/strohhalme-pferd-10-stueck\/"},"modified":"2024-11-08T13:42:20","modified_gmt":"2024-11-08T12:42:20","slug":"strohhalme-pferd-10-stueck","status":"publish","type":"product","link":"https:\/\/camaleoparty.ch\/de\/produkt\/strohhalme-pferd-10-stueck\/","title":{"rendered":"Strohhalme Pferd, 10 St\u00fcck"},"content":{"rendered":"<p>? Verleihe deinen Feierlichkeiten einen Hauch von Eleganz mit dem Set &#8222;Cheval d&#8217;Amour&#8220;! ?<\/p>\n<p>Dieses Set enth\u00e4lt 10 Strohhalme mit einer L\u00e4nge von 19,7 cm und einem Durchmesser von 0,6 cm. Die dekorativen Motive sind 4,2 x 4,6 cm und 2,4 x 5,8 cm gro\u00df und verleihen Ihren Getr\u00e4nken ein schickes und raffiniertes Aussehen.<\/p>\n<p>\u2728 Eigenschaften :<\/p>\n<ul>\n<li>Menge: 10 Strohhalme<\/li>\n<li>L\u00e4nge: 19,7 cm<\/li>\n<li>Durchmesser: 0,6 cm<\/li>\n<li>Dekorative Motive: 4,2 x 4,6 cm und 2,4 x 5,8 cm<\/li>\n<\/ul>\n<p>Diese eleganten Strohhalme eignen sich perfekt f\u00fcr Geburtstage oder andere besondere Anl\u00e4sse und werden bei Ihren G\u00e4sten f\u00fcr Aufsehen sorgen. Bereiten Sie sich auf Komplimente und &#8222;Wow&#8220;-Rufe vor, indem Sie diese raffinierten Strohhalme zum Thema Reiten verwenden!<\/p>\n","protected":false},"excerpt":{"rendered":"<p>? Verleihe deinen Feierlichkeiten einen Hauch von Eleganz mit dem Set &#8222;Cheval d&#8217;Amour&#8220;! ?<\/p>\n","protected":false},"featured_media":37618,"comment_status":"open","ping_status":"closed","template":"","meta":[],"product_cat":[183,1168,159,147],"product_tag":[],"class_list":{"0":"post-41324","1":"product","2":"type-product","3":"status-publish","4":"has-post-thumbnail","6":"product_cat-geburtstag","7":"product_cat-pferde-und-reiter","8":"product_cat-strohhalme","9":"product_cat-verjaardags-en-feesttafelversieringen","11":"first","12":"instock","13":"taxable","14":"shipping-taxable","15":"purchasable","16":"product-type-simple"},"_links":{"self":[{"href":"https:\/\/camaleoparty.ch\/de\/wp-json\/wp\/v2\/product\/41324","targetHints":{"allow":["GET"]}}],"collection":[{"href":"https:\/\/camaleoparty.ch\/de\/wp-json\/wp\/v2\/product"}],"about":[{"href":"https:\/\/camaleoparty.ch\/de\/wp-json\/wp\/v2\/types\/product"}],"replies":[{"embeddable":true,"href":"https:\/\/camaleoparty.ch\/de\/wp-json\/wp\/v2\/comments?post=41324"}],"wp:featuredmedia":[{"embeddable":true,"href":"https:\/\/camaleoparty.ch\/de\/wp-json\/wp\/v2\/media\/37618"}],"wp:attachment":[{"href":"https:\/\/camaleoparty.ch\/de\/wp-json\/wp\/v2\/media?parent=41324"}],"wp:term":[{"taxonomy":"product_cat","embeddable":true,"href":"https:\/\/camaleoparty.ch\/de\/wp-json\/wp\/v2\/product_cat?post=41324"},{"taxonomy":"product_tag","embeddable":true,"href":"https:\/\/camaleoparty.ch\/de\/wp-json\/wp\/v2\/product_tag?post=41324"}],"curies":[{"name":"wp","href":"https:\/\/api.w.org\/{rel}","templated":true}]}}