{"id":41239,"date":"2024-01-30T13:50:24","date_gmt":"2024-06-30T18:45:34","guid":{"rendered":"https:\/\/pikasworld.ch\/product\/cocktailservietten-koralle-neon-20-stk\/"},"modified":"2024-11-08T13:37:52","modified_gmt":"2024-11-08T12:37:52","slug":"cocktailservietten-koralle-neon-20-stk","status":"publish","type":"product","link":"https:\/\/camaleoparty.ch\/de\/produkt\/cocktailservietten-koralle-neon-20-stk\/","title":{"rendered":"Cocktailservietten- Koralle Neon, 20 Stk"},"content":{"rendered":"<div class=\"flex flex-grow flex-col max-w-full\">\n<div class=\"min-h-[20px] text-message flex flex-col items-start whitespace-pre-wrap break-words [.text-message+&amp;]:mt-5 juice:w-full juice:items-end overflow-x-auto gap-2\" dir=\"auto\" data-message-author-role=\"assistant\" data-message-id=\"3515e65c-28e7-422c-89f7-46a4f84baff4\">\n<div class=\"flex w-full flex-col gap-1 juice:empty:hidden juice:first:pt-[3px]\">\n<div class=\"markdown prose w-full break-words dark:prose-invert dark\">\n<p><strong>? Raffinesse und Eleganz f\u00fcr jeden Anlass! ?<\/strong><\/p>\n<p>Verleihen Sie Ihrer Party einen raffinierten Touch mit unserem Set aus 20 Cocktailservietten! Mit einer Gr\u00f6\u00dfe von etwa 12 mal 12 Zentimetern eignen sich diese eleganten Servietten perfekt f\u00fcr jede Feier.<\/p>\n<p><strong>Eigenschaften :<\/strong><\/p>\n<ul>\n<li><strong>Menge:<\/strong> 20 Handt\u00fccher pro Packung<\/li>\n<li><strong>Ma\u00dfe:<\/strong> Ca. 12 x 12 cm<\/li>\n<li><strong>Farben<\/strong>: In verschiedenen Farben erh\u00e4ltlich, um zu jedem Thema zu passen.<\/li>\n<li><strong>Vielseitigkeit:<\/strong> Ideal f\u00fcr einen intimen Cocktail, einen lebhaften Brunch oder jeden besonderen Anlass<\/li>\n<\/ul>\n<p>Diese Servietten sind die praktische und elegante Wahl, um das Ambiente Ihrer Veranstaltung zu vervollst\u00e4ndigen. Verwandeln Sie Ihren Tisch mit Leichtigkeit und verleihen Sie jedem Detail einen Hauch von Raffinesse. Ob bei einem intimen Dinner, einer Hochzeit, einem Geburtstag oder einer Familienfeier, diese Servietten sorgen f\u00fcr eine schicke und festliche Note.<\/p>\n<p><strong>Warum sollte man sie w\u00e4hlen?<\/strong><\/p>\n<ul>\n<li><strong>Elegantes Design :<\/strong> Servietten, die Ihrer Tischdekoration einen Hauch von Klasse verleihen.<\/li>\n<li><strong>Vielseitig einsetzbar : <\/strong> Perfekt f\u00fcr alle Arten von Veranstaltungen.<\/li>\n<li><strong>Einfach zu verwenden:<\/strong> Verwandeln Sie Ihren Tisch schnell, um Ihre G\u00e4ste zu beeindrucken.<\/li>\n<\/ul>\n<p>Bereiten Sie Ihre Party stilvoll vor mit diesem Set aus 20 Cocktailservietten. Sie sind das perfekte Accessoire, um jeden Moment unvergesslich zu machen! ?\u2728<\/p>\n<\/div>\n<\/div>\n<\/div>\n<\/div>\n<div class=\"mt-1 flex gap-3 empty:hidden juice:-ml-3\">\n<div class=\"items-center justify-start rounded-xl p-1 flex\">\n<div class=\"flex items-center\"><button class=\"rounded-lg text-token-text-secondary hover:bg-token-main-surface-secondary\"><\/button><button class=\"rounded-lg text-token-text-secondary hover:bg-token-main-surface-secondary\"><\/button><button class=\"rounded-lg text-token-text-secondary hover:bg-token-main-surface-secondary\"><\/button><\/p>\n<div class=\"flex\"><\/div>\n<div class=\"flex items-center pb-0.5 juice:pb-0\">\n<div class=\"[&amp;_svg]:h-full [&amp;_svg]:w-full icon-md h-4 w-4\"><\/div>\n<\/div>\n<\/div>\n<\/div>\n<\/div>\n","protected":false},"excerpt":{"rendered":"<p>Diese Servietten sind die praktische und elegante Wahl, um das Ambiente Ihrer Veranstaltung zu vervollst\u00e4ndigen.<\/p>\n","protected":false},"featured_media":37998,"comment_status":"open","ping_status":"closed","template":"","meta":[],"product_cat":[161,147],"product_tag":[],"class_list":{"0":"post-41239","1":"product","2":"type-product","3":"status-publish","4":"has-post-thumbnail","6":"product_brand-ohhappyday-de","7":"product_cat-servietten","8":"product_cat-verjaardags-en-feesttafelversieringen","10":"first","11":"instock","12":"taxable","13":"shipping-taxable","14":"purchasable","15":"product-type-simple"},"_links":{"self":[{"href":"https:\/\/camaleoparty.ch\/de\/wp-json\/wp\/v2\/product\/41239","targetHints":{"allow":["GET"]}}],"collection":[{"href":"https:\/\/camaleoparty.ch\/de\/wp-json\/wp\/v2\/product"}],"about":[{"href":"https:\/\/camaleoparty.ch\/de\/wp-json\/wp\/v2\/types\/product"}],"replies":[{"embeddable":true,"href":"https:\/\/camaleoparty.ch\/de\/wp-json\/wp\/v2\/comments?post=41239"}],"wp:featuredmedia":[{"embeddable":true,"href":"https:\/\/camaleoparty.ch\/de\/wp-json\/wp\/v2\/media\/37998"}],"wp:attachment":[{"href":"https:\/\/camaleoparty.ch\/de\/wp-json\/wp\/v2\/media?parent=41239"}],"wp:term":[{"taxonomy":"product_cat","embeddable":true,"href":"https:\/\/camaleoparty.ch\/de\/wp-json\/wp\/v2\/product_cat?post=41239"},{"taxonomy":"product_tag","embeddable":true,"href":"https:\/\/camaleoparty.ch\/de\/wp-json\/wp\/v2\/product_tag?post=41239"}],"curies":[{"name":"wp","href":"https:\/\/api.w.org\/{rel}","templated":true}]}}