{"id":41102,"date":"2023-10-12T14:56:00","date_gmt":"2024-06-28T11:49:32","guid":{"rendered":"https:\/\/pikasworld.ch\/product\/sirene-ballons-6st-30cm\/"},"modified":"2024-11-08T13:50:37","modified_gmt":"2024-11-08T12:50:37","slug":"sirene-ballons-6st-30cm","status":"publish","type":"product","link":"https:\/\/camaleoparty.ch\/de\/produkt\/sirene-ballons-6st-30cm\/","title":{"rendered":"Sirene-Ballons, 6St., 30cm"},"content":{"rendered":"<p>? Tauchen Sie mit diesen tollen &#8222;Sirene&#8220;-Ballons in die Welt der Meere ein! Perfekt f\u00fcr Ihre Meerjungfrauen-, Unterwasser- oder Narwal-Party, wird dieses Set aus 6 Ballons Ihrer Dekoration einen magischen Touch verleihen. ?<\/p>\n<p>Das Set enth\u00e4lt:<\/p>\n<ul>\n<li>1 Ballon Crystal Clear mit Farbdruck<\/li>\n<li>1 Ballon Pale Pink mit Farbdruck<\/li>\n<li>1 Ballon Light Lilac mit Farbdruck<\/li>\n<li>2 Luftballons Mintgr\u00fcn<\/li>\n<li>1 Ballon Light Lilac<\/li>\n<\/ul>\n<p>? <strong>Caract\u00e9ristiques :<\/strong><\/p>\n<ul>\n<li>Durchmesser: ca. 30 cm<\/li>\n<li>Menge: 1 Packung mit 6 Ballons<\/li>\n<\/ul>\n<p>Verwandeln Sie Ihre Party mit diesen bunten und lustigen Luftballons in eine echte Unterwasserwelt. Ihre G\u00e4ste werden \u00fcber diese maritime Deko staunen, die perfekt f\u00fcr jeden Anlass ist!<\/p>\n","protected":false},"excerpt":{"rendered":"<p>Verwandeln Sie Ihre Sirenenparty mit diesen bunten und lustigen Luftballons in eine echte Unterwasserwelt.<\/p>\n","protected":false},"featured_media":35670,"comment_status":"open","ping_status":"closed","template":"","meta":[],"product_cat":[729,165,908,183,299],"product_tag":[],"class_list":{"0":"post-41102","1":"product","2":"type-product","3":"status-publish","4":"has-post-thumbnail","6":"product_cat-unter-dem-meer","7":"product_cat-ballone","8":"product_cat-bedruckter-luftballons","9":"product_cat-geburtstag","10":"product_cat-meerjungfrauen","12":"first","13":"instock","14":"sale","15":"taxable","16":"shipping-taxable","17":"purchasable","18":"product-type-simple"},"_links":{"self":[{"href":"https:\/\/camaleoparty.ch\/de\/wp-json\/wp\/v2\/product\/41102","targetHints":{"allow":["GET"]}}],"collection":[{"href":"https:\/\/camaleoparty.ch\/de\/wp-json\/wp\/v2\/product"}],"about":[{"href":"https:\/\/camaleoparty.ch\/de\/wp-json\/wp\/v2\/types\/product"}],"replies":[{"embeddable":true,"href":"https:\/\/camaleoparty.ch\/de\/wp-json\/wp\/v2\/comments?post=41102"}],"wp:featuredmedia":[{"embeddable":true,"href":"https:\/\/camaleoparty.ch\/de\/wp-json\/wp\/v2\/media\/35670"}],"wp:attachment":[{"href":"https:\/\/camaleoparty.ch\/de\/wp-json\/wp\/v2\/media?parent=41102"}],"wp:term":[{"taxonomy":"product_cat","embeddable":true,"href":"https:\/\/camaleoparty.ch\/de\/wp-json\/wp\/v2\/product_cat?post=41102"},{"taxonomy":"product_tag","embeddable":true,"href":"https:\/\/camaleoparty.ch\/de\/wp-json\/wp\/v2\/product_tag?post=41102"}],"curies":[{"name":"wp","href":"https:\/\/api.w.org\/{rel}","templated":true}]}}