{"id":41075,"date":"2023-09-18T19:17:30","date_gmt":"2024-06-27T14:24:00","guid":{"rendered":"https:\/\/pikasworld.ch\/product\/mylar-ballon-flugzeug-91-cm\/"},"modified":"2024-11-08T13:52:16","modified_gmt":"2024-11-08T12:52:16","slug":"mylar-ballon-flugzeug-91-cm","status":"publish","type":"product","link":"https:\/\/camaleoparty.ch\/de\/produkt\/mylar-ballon-flugzeug-91-cm\/","title":{"rendered":"Mylar-Ballon Flugzeug, 91 cm"},"content":{"rendered":"<p>\u2708\ufe0f Ein Riesenflugzeug f\u00fcr eine unvergessliche Party! \u2708\ufe0f<\/p>\n<p>Mach dich bereit zum Abheben mit diesem 91 cm gro\u00dfen Riesenballon in Form eines Flugzeugs! So ein Flugzeug habe ich noch nie gesehen: Es l\u00e4sst Ihre Dekoration luftig wirken und bringt Ihre G\u00e4ste zum Staunen.<\/p>\n<p>Dieser Ballon ist ideal f\u00fcr einen Geburtstag. Er wird die Kinder zum Tr\u00e4umen bringen und Ihrer Party einen magischen Touch verleihen. ?<\/p>\n","protected":false},"excerpt":{"rendered":"<p>Mach dich bereit zum Abheben mit diesem 91 cm gro\u00dfen Riesenballon in Form eines Flugzeugs!<\/p>\n","protected":false},"featured_media":35099,"comment_status":"open","ping_status":"closed","template":"","meta":[],"product_cat":[274,183],"product_tag":[],"class_list":{"0":"post-41075","1":"product","2":"type-product","3":"status-publish","4":"has-post-thumbnail","6":"product_cat-folienballons","7":"product_cat-geburtstag","9":"first","10":"instock","11":"taxable","12":"shipping-taxable","13":"purchasable","14":"product-type-simple"},"_links":{"self":[{"href":"https:\/\/camaleoparty.ch\/de\/wp-json\/wp\/v2\/product\/41075","targetHints":{"allow":["GET"]}}],"collection":[{"href":"https:\/\/camaleoparty.ch\/de\/wp-json\/wp\/v2\/product"}],"about":[{"href":"https:\/\/camaleoparty.ch\/de\/wp-json\/wp\/v2\/types\/product"}],"replies":[{"embeddable":true,"href":"https:\/\/camaleoparty.ch\/de\/wp-json\/wp\/v2\/comments?post=41075"}],"wp:featuredmedia":[{"embeddable":true,"href":"https:\/\/camaleoparty.ch\/de\/wp-json\/wp\/v2\/media\/35099"}],"wp:attachment":[{"href":"https:\/\/camaleoparty.ch\/de\/wp-json\/wp\/v2\/media?parent=41075"}],"wp:term":[{"taxonomy":"product_cat","embeddable":true,"href":"https:\/\/camaleoparty.ch\/de\/wp-json\/wp\/v2\/product_cat?post=41075"},{"taxonomy":"product_tag","embeddable":true,"href":"https:\/\/camaleoparty.ch\/de\/wp-json\/wp\/v2\/product_tag?post=41075"}],"curies":[{"name":"wp","href":"https:\/\/api.w.org\/{rel}","templated":true}]}}