{"id":41064,"date":"2024-05-25T00:48:53","date_gmt":"2024-06-27T11:37:28","guid":{"rendered":"https:\/\/pikasworld.ch\/product\/vermietung-arche-struktur-aus-kupfer\/"},"modified":"2024-11-08T13:23:56","modified_gmt":"2024-11-08T12:23:56","slug":"vermietung-arche-struktur-aus-kupfer","status":"publish","type":"product","link":"https:\/\/camaleoparty.ch\/de\/produkt\/vermietung-arche-struktur-aus-kupfer\/","title":{"rendered":"Vermietung- Arche-Struktur aus Kupfer"},"content":{"rendered":"<p>? Dieser kupferne Torbogen ist die vielseitigste Dekoration f\u00fcr deine Hochzeit, deinen Geburtstag, deine Babyshower und andere Veranstaltungen! ?<\/p>\n<p>Verwenden Sie es f\u00fcr :<\/p>\n<ul>\n<li>Erstellen Sie einen wundersch\u00f6nen Blumenhochzeitsbogen mit einer Laubdecke<\/li>\n<li>Fotos des Brautpaars f\u00fcr ein individuelles Tischzentrum anzeigen<\/li>\n<li>Als Hintergrund f\u00fcr eine Photobooth dienen<\/li>\n<\/ul>\n<p>Die M\u00f6glichkeiten sind endlos!<\/p>\n<p>H\u00e4ngen Sie eine unserer Hochzeitsdekorationen an diesen Torbogen, um einen fabelhaften Rahmen f\u00fcr Ihren Hochzeitsfotoautomaten zu erhalten! Kombinieren Sie es mit unserem Photobooth-Zubeh\u00f6r f\u00fcr unvergessliche Erinnerungen.<\/p>\n<p>? <strong>Caract\u00e9ristiques :<\/strong><\/p>\n<ul>\n<li>Das Tragwerk wird zerlegt geliefert.<\/li>\n<li>Die Preise verstehen sich f\u00fcr die Miete f\u00fcr 7 Tage.<\/li>\n<li>Der Mietbeginn ist frei w\u00e4hlbar.<\/li>\n<li>Die Struktur muss am letzten Tag der Miete auf Ihre Kosten zur\u00fcckgeschickt werden, damit wir sie innerhalb von zwei Tagen erhalten.<\/li>\n<li>Die Struktur muss in ihrer Originalverpackung und unbesch\u00e4digt an uns zur\u00fcckgeschickt werden.<\/li>\n<li><strong>Kaution :<\/strong> 70,00 CHF<\/li>\n<\/ul>\n<p><strong>R\u00fcckreisebedingungen :<\/strong><\/p>\n<ul>\n<li>Wenn der Artikel nicht innerhalb von 10 Tagen nach dem ersten Tag der Miete zur\u00fcckgegeben wird oder wenn er besch\u00e4digt zur\u00fcckgegeben wird, wird die Kaution nicht zur\u00fcckerstattet.<\/li>\n<\/ul>\n<p>Verwandeln Sie Ihre Veranstaltung mit diesem eleganten und vielseitigen Bogen aus Kupfer. Er wird Ihrer Dekoration einen Hauch von Magie und Eleganz verleihen und unvergessliche Erinnerungen f\u00fcr Sie und Ihre G\u00e4ste schaffen! ?<\/p>\n","protected":false},"excerpt":{"rendered":"<p>Verwandeln Sie Ihre Veranstaltung mit diesem Torbogen. Er wird Ihrer Dekoration einen Hauch von Magie und Eleganz verleihen und unvergessliche Erinnerungen schaffen! ?<\/p>\n","protected":false},"featured_media":40773,"comment_status":"open","ping_status":"closed","template":"","meta":[],"product_cat":[417,185,183,191,875,181,841],"product_tag":[],"class_list":{"0":"post-41064","1":"product","2":"type-product","3":"status-publish","4":"has-post-thumbnail","6":"product_brand-gingerray-de","7":"product_cat-mietservice","8":"product_cat-baby-shower-de","9":"product_cat-geburtstag","10":"product_cat-hochzeit","11":"product_cat-kommunion","12":"product_cat-saisonal","13":"product_cat-taufe","15":"first","16":"instock","17":"taxable","18":"shipping-taxable","19":"purchasable","20":"product-type-simple"},"_links":{"self":[{"href":"https:\/\/camaleoparty.ch\/de\/wp-json\/wp\/v2\/product\/41064","targetHints":{"allow":["GET"]}}],"collection":[{"href":"https:\/\/camaleoparty.ch\/de\/wp-json\/wp\/v2\/product"}],"about":[{"href":"https:\/\/camaleoparty.ch\/de\/wp-json\/wp\/v2\/types\/product"}],"replies":[{"embeddable":true,"href":"https:\/\/camaleoparty.ch\/de\/wp-json\/wp\/v2\/comments?post=41064"}],"wp:featuredmedia":[{"embeddable":true,"href":"https:\/\/camaleoparty.ch\/de\/wp-json\/wp\/v2\/media\/40773"}],"wp:attachment":[{"href":"https:\/\/camaleoparty.ch\/de\/wp-json\/wp\/v2\/media?parent=41064"}],"wp:term":[{"taxonomy":"product_cat","embeddable":true,"href":"https:\/\/camaleoparty.ch\/de\/wp-json\/wp\/v2\/product_cat?post=41064"},{"taxonomy":"product_tag","embeddable":true,"href":"https:\/\/camaleoparty.ch\/de\/wp-json\/wp\/v2\/product_tag?post=41064"}],"curies":[{"name":"wp","href":"https:\/\/api.w.org\/{rel}","templated":true}]}}