{"id":41057,"date":"2023-11-10T12:36:38","date_gmt":"2024-06-27T11:12:43","guid":{"rendered":"https:\/\/pikasworld.ch\/product\/arche-aus-botanischen-ballons-70-ballons\/"},"modified":"2024-11-08T13:45:03","modified_gmt":"2024-11-08T12:45:03","slug":"arche-aus-botanischen-ballons-70-ballons","status":"publish","type":"product","link":"https:\/\/camaleoparty.ch\/de\/produkt\/arche-aus-botanischen-ballons-70-ballons\/","title":{"rendered":"Arche aus Botanischen Ballons, 70 Ballons"},"content":{"rendered":"<p>? Setze bei deiner Veranstaltung ein Statement mit diesem tollen Bogen aus botanischen Ballons! ?<\/p>\n<p>Mit Ballons in einer Mischung aus Wei\u00df, Taupe, Pfirsich, dunklem Salbei und Olive sowie Girlanden aus Papierbl\u00e4ttern, Papierbanderolen und Eukalyptus- und Salbeilaub hat dieser Ballonbogen alles, was Sie brauchen, um Ihre G\u00e4ste zu beeindrucken.<\/p>\n<p>Unsere wundersch\u00f6nen Ballonb\u00f6gen sind die beste Art, Ihre Partyballons auf die n\u00e4chste Stufe zu heben! Verwenden Sie diesen wundersch\u00f6nen Bogen aus salbeigr\u00fcnen Ballons als atemberaubendes Hauptst\u00fcck, als Hintergrund f\u00fcr eine schlagkr\u00e4ftige Party oder rahmen Sie Ihre T\u00fcr ein, um einen aufregenden Eingangsbereich zu schaffen.<\/p>\n<p>? Eigenschaften :<\/p>\n<ul>\n<li>Jede Packung enth\u00e4lt 70 Ballons :\n<ul>\n<li>1 x 45 cm, 8 x 30 cm, 4 x 25 cm und 3 x 12 cm taupefarbene Luftballons<\/li>\n<li>6 x 30 cm, 4 x 25 cm, 3 x 12 cm Pfirsich-Luftballons<\/li>\n<li>5 x 30 cm, 4 x 25 cm, 3 x 12 cm Wei\u00dfe Luftballons<\/li>\n<li>1 x 45 cm, 8 x 30 cm, 5 x 25 cm, 3 x 12 cm Luftballons dunkel Salbei<\/li>\n<li>5 x 30 cm, 4 x 25 cm, 3 x 12 cm Salbei-Ballons<\/li>\n<\/ul>\n<\/li>\n<li>4 x Eukalyptuszweige, 4 x Salbeibl\u00e4tterzweige<\/li>\n<li>20 m Luftschlangen aus Krepppapier Pfirsich<\/li>\n<li>20 m Luftschlangen aus Salbeipapier<\/li>\n<li>20 m Luftschlangen aus wei\u00dfem Krepppapier<\/li>\n<li>5 m Bl\u00e4ttergirlande aus Papier<\/li>\n<li>4 m Ballonband aus Papier, 80 Klebepunkte, 3 m wei\u00dfe Schnur zum einfachen Zusammensetzen<\/li>\n<\/ul>\n<p>Sie brauchen eine Ballonpumpe! Am besten elektrisch, aber eine Handpumpe tut es auch!<\/p>\n<p>Verwandeln Sie Ihren Raum mit diesem wundersch\u00f6nen Ballonbogen und schaffen Sie eine verzauberte und unvergessliche Atmosph\u00e4re. Ihre G\u00e4ste werden von dieser spektakul\u00e4ren und eleganten Dekoration geblendet sein!<\/p>\n","protected":false},"excerpt":{"rendered":"<p>Unsere wundersch\u00f6nen Ballonb\u00f6gen sind die beste Art, Ihre Partyballons auf die n\u00e4chste Stufe zu heben!<\/p>\n","protected":false},"featured_media":0,"comment_status":"open","ping_status":"closed","template":"","meta":[],"product_cat":[185,411,163,1206],"product_tag":[],"class_list":{"0":"post-41057","1":"product","2":"type-product","3":"status-publish","5":"product_brand-gingerray-de","6":"product_cat-baby-shower-de","7":"product_cat-ballongirlande","8":"product_cat-dekoration","9":"product_cat-farbe-gruen","11":"first","12":"instock","13":"taxable","14":"shipping-taxable","15":"purchasable","16":"product-type-simple"},"_links":{"self":[{"href":"https:\/\/camaleoparty.ch\/de\/wp-json\/wp\/v2\/product\/41057","targetHints":{"allow":["GET"]}}],"collection":[{"href":"https:\/\/camaleoparty.ch\/de\/wp-json\/wp\/v2\/product"}],"about":[{"href":"https:\/\/camaleoparty.ch\/de\/wp-json\/wp\/v2\/types\/product"}],"replies":[{"embeddable":true,"href":"https:\/\/camaleoparty.ch\/de\/wp-json\/wp\/v2\/comments?post=41057"}],"wp:attachment":[{"href":"https:\/\/camaleoparty.ch\/de\/wp-json\/wp\/v2\/media?parent=41057"}],"wp:term":[{"taxonomy":"product_cat","embeddable":true,"href":"https:\/\/camaleoparty.ch\/de\/wp-json\/wp\/v2\/product_cat?post=41057"},{"taxonomy":"product_tag","embeddable":true,"href":"https:\/\/camaleoparty.ch\/de\/wp-json\/wp\/v2\/product_tag?post=41057"}],"curies":[{"name":"wp","href":"https:\/\/api.w.org\/{rel}","templated":true}]}}