{"id":41048,"date":"2023-11-03T15:27:00","date_gmt":"2024-06-26T20:46:40","guid":{"rendered":"https:\/\/pikasworld.ch\/product\/becher-cosmos-astronauten-8st\/"},"modified":"2024-11-08T13:46:16","modified_gmt":"2024-11-08T12:46:16","slug":"becher-cosmos-astronauten-8st","status":"publish","type":"product","link":"https:\/\/camaleoparty.ch\/de\/produkt\/becher-cosmos-astronauten-8st\/","title":{"rendered":"Becher &#8211; COSMOS Astronauten, 8St"},"content":{"rendered":"<p>? Bereiten Sie sich auf einen kosmischen Geburtstag \u00e0 la Thomas Pesquet vor! ? Diese 8 Becher sind mit Weltraummotiven mit Raketen, Astronauten, Planeten und Sternen verziert&#8230; Ein bisschen mehr und Sie haben den Kopf in den Sternen! Bereit zum Start?<\/p>\n<p>? Eigenschaften :<\/p>\n<ul>\n<li>Perfekte kosmische Motive f\u00fcr eine Geburtstagsdekoration aus dem Weltraum<\/li>\n<li>Kombinieren Sie sie mit den Servietten und Tellern der Cosmos-Kollektion f\u00fcr einen selbstbewussten Total-Look.<\/li>\n<li>In Paris entworfen, in Europa mit FSC-Papier hergestellt, mit pflanzlicher Tinte gef\u00e4rbt und recycelbar<\/li>\n<\/ul>\n<p>Verwandeln Sie Ihre Party in ein intergalaktisches Abenteuer mit diesen Bechern, die speziell f\u00fcr angehende Weltraumforscher entworfen wurden. Ideal, um kosmische Getr\u00e4nke zu schl\u00fcrfen und von Weltraumabenteuern zu tr\u00e4umen!<\/p>\n","protected":false},"excerpt":{"rendered":"<p>Verwandeln Sie Ihre Party in ein intergalaktisches Abenteuer mit diesen Bechern, die speziell f\u00fcr angehende Weltraumforscher entworfen wurden.<\/p>\n","protected":false},"featured_media":36020,"comment_status":"open","ping_status":"closed","template":"","meta":[],"product_cat":[157,183,181,147,340],"product_tag":[],"class_list":{"0":"post-41048","1":"product","2":"type-product","3":"status-publish","4":"has-post-thumbnail","6":"product_brand-mylittleday-de","7":"product_cat-becher","8":"product_cat-geburtstag","9":"product_cat-saisonal","10":"product_cat-verjaardags-en-feesttafelversieringen","11":"product_cat-weltraum","13":"first","14":"instock","15":"taxable","16":"shipping-taxable","17":"purchasable","18":"product-type-simple"},"_links":{"self":[{"href":"https:\/\/camaleoparty.ch\/de\/wp-json\/wp\/v2\/product\/41048","targetHints":{"allow":["GET"]}}],"collection":[{"href":"https:\/\/camaleoparty.ch\/de\/wp-json\/wp\/v2\/product"}],"about":[{"href":"https:\/\/camaleoparty.ch\/de\/wp-json\/wp\/v2\/types\/product"}],"replies":[{"embeddable":true,"href":"https:\/\/camaleoparty.ch\/de\/wp-json\/wp\/v2\/comments?post=41048"}],"wp:featuredmedia":[{"embeddable":true,"href":"https:\/\/camaleoparty.ch\/de\/wp-json\/wp\/v2\/media\/36020"}],"wp:attachment":[{"href":"https:\/\/camaleoparty.ch\/de\/wp-json\/wp\/v2\/media?parent=41048"}],"wp:term":[{"taxonomy":"product_cat","embeddable":true,"href":"https:\/\/camaleoparty.ch\/de\/wp-json\/wp\/v2\/product_cat?post=41048"},{"taxonomy":"product_tag","embeddable":true,"href":"https:\/\/camaleoparty.ch\/de\/wp-json\/wp\/v2\/product_tag?post=41048"}],"curies":[{"name":"wp","href":"https:\/\/api.w.org\/{rel}","templated":true}]}}