{"id":41035,"date":"2023-11-26T02:49:23","date_gmt":"2024-06-26T17:54:10","guid":{"rendered":"https:\/\/pikasworld.ch\/product\/haengedekorationen-mit-waben-und-pompons-in-rosa-und-creme\/"},"modified":"2024-11-08T13:44:12","modified_gmt":"2024-11-08T12:44:12","slug":"haengedekorationen-mit-waben-und-pompons-in-rosa-und-creme","status":"publish","type":"product","link":"https:\/\/camaleoparty.ch\/de\/produkt\/haengedekorationen-mit-waben-und-pompons-in-rosa-und-creme\/","title":{"rendered":"H\u00e4ngedekorationen mit Waben und Pompons in Rosa und Creme"},"content":{"rendered":"<p>Versch\u00f6nern Sie Ihre Veranstaltung mit diesen Dekorationen aus Waben und Pompons in Rosa und Creme. Sie sind einfach zu montieren und sorgen f\u00fcr einen umweltfreundlichen Touch. Jede Packung enth\u00e4lt 8 Pompons (25 cm und 13 cm), 8 B\u00fcroklammern und 8 Meter wei\u00dfes Garn.<\/p>\n","protected":false},"excerpt":{"rendered":"<p>Sie sind einfach zu montieren und sorgen f\u00fcr einen umweltfreundlichen Touch.<\/p>\n","protected":false},"featured_media":36932,"comment_status":"open","ping_status":"closed","template":"","meta":[],"product_cat":[185,221,183,385,191,820,742,553,591,1204,181,189,169],"product_tag":[],"class_list":{"0":"post-41035","1":"product","2":"type-product","3":"status-publish","4":"has-post-thumbnail","6":"product_brand-gingerray-de","7":"product_cat-baby-shower-de","8":"product_cat-einhorn","9":"product_cat-geburtstag","10":"product_cat-gender-reveal-party-de","11":"product_cat-hochzeit","12":"product_cat-kaninchen","13":"product_cat-katze","14":"product_cat-muttertag","15":"product_cat-prinzessin-de","16":"product_cat-rosa","17":"product_cat-saisonal","18":"product_cat-sommer","19":"product_cat-wabenball","21":"first","22":"instock","23":"taxable","24":"shipping-taxable","25":"purchasable","26":"product-type-simple"},"_links":{"self":[{"href":"https:\/\/camaleoparty.ch\/de\/wp-json\/wp\/v2\/product\/41035","targetHints":{"allow":["GET"]}}],"collection":[{"href":"https:\/\/camaleoparty.ch\/de\/wp-json\/wp\/v2\/product"}],"about":[{"href":"https:\/\/camaleoparty.ch\/de\/wp-json\/wp\/v2\/types\/product"}],"replies":[{"embeddable":true,"href":"https:\/\/camaleoparty.ch\/de\/wp-json\/wp\/v2\/comments?post=41035"}],"wp:featuredmedia":[{"embeddable":true,"href":"https:\/\/camaleoparty.ch\/de\/wp-json\/wp\/v2\/media\/36932"}],"wp:attachment":[{"href":"https:\/\/camaleoparty.ch\/de\/wp-json\/wp\/v2\/media?parent=41035"}],"wp:term":[{"taxonomy":"product_cat","embeddable":true,"href":"https:\/\/camaleoparty.ch\/de\/wp-json\/wp\/v2\/product_cat?post=41035"},{"taxonomy":"product_tag","embeddable":true,"href":"https:\/\/camaleoparty.ch\/de\/wp-json\/wp\/v2\/product_tag?post=41035"}],"curies":[{"name":"wp","href":"https:\/\/api.w.org\/{rel}","templated":true}]}}