{"id":41007,"date":"2023-11-04T18:32:00","date_gmt":"2024-06-25T15:04:16","guid":{"rendered":"https:\/\/pikasworld.ch\/product\/10-luftballons-trio-gruen-chrom\/"},"modified":"2024-11-08T13:46:02","modified_gmt":"2024-11-08T12:46:02","slug":"10-luftballons-trio-gruen-chrom","status":"publish","type":"product","link":"https:\/\/camaleoparty.ch\/de\/produkt\/10-luftballons-trio-gruen-chrom\/","title":{"rendered":"10 Luftballons &#8211; Trio gr\u00fcn (chrom)"},"content":{"rendered":"<p><span style=\"font-family: filson_softbook, Helvetica, Times, sans-serif;font-size: 16.057308px;font-style: normal;font-weight: 400;letter-spacing: normal;text-align: start;text-indent: 0px;text-transform: none;text-decoration: none;float: none\">Dieses Trio aus gr\u00fcnen Ballons&nbsp;(verchromt und matt) ist perfekt f\u00fcr einen Dinosaurier-Geburtstag, Peter Pan, eine Dschungel-Themenparty, eine Baby Shower oder die Dekoration einer tropischen Hochzeit.<\/span><br \/>\n<span style=\"font-family: filson_softbook, Helvetica, Times, sans-serif;font-size: 16.057308px;font-style: normal;font-weight: 400;letter-spacing: normal;text-align: start;text-indent: 0px;text-transform: none;text-decoration: none;float: none\">Mit anderen Farben mischen oder nicht! Es gibt tausend M\u00f6glichkeiten, Ballons zu verwenden: als Ballonbogen, an der Wand h\u00e4ngend, mit Helium gef\u00fcllt als Cluster oder auf dem Boden f\u00fcr ein Ballonbeet!<\/span><br \/>\n<span style=\"font-family: filson_softbook, Helvetica, Times, sans-serif;font-size: 16.057308px;font-style: normal;font-weight: 400;letter-spacing: normal;text-align: start;text-indent: 0px;text-transform: none;text-decoration: none;float: none\">Diese in Paris entworfenen Luftballons werden in Europa mit Sorgfalt aus Naturlatex hergestellt und sind vollst\u00e4ndig biologisch abbaubar.<\/span><\/p>\n","protected":false},"excerpt":{"rendered":"<p>Dieses Trio aus gr\u00fcnen Ballons&nbsp;(verchromt und matt) ist perfekt f\u00fcr einen Dinosaurier-Geburtstag, Peter Pan, eine Dschungel-Themenparty, eine Baby Shower oder die Dekoration einer tropischen Hochzeit. Mit anderen Farben mischen oder nicht! Es gibt tausend M\u00f6glichkeiten, Ballons zu verwenden: als Ballonbogen, an der Wand h\u00e4ngend, mit Helium gef\u00fcllt als Cluster oder auf dem Boden f\u00fcr ein [&hellip;]<\/p>\n","protected":false},"featured_media":36069,"comment_status":"open","ping_status":"closed","template":"","meta":[],"product_cat":[165,729,163,215,343,909,221,183,1206,299,181,598,193,340],"product_tag":[],"class_list":{"0":"post-41007","1":"product","2":"type-product","3":"status-publish","4":"has-post-thumbnail","6":"product_brand-mylittleday-de","7":"product_cat-ballone","8":"product_cat-unter-dem-meer","9":"product_cat-dekoration","10":"product_cat-dinosaurier","11":"product_cat-dschungel-und-safari","12":"product_cat-einfarbigen-luftballons","13":"product_cat-einhorn","14":"product_cat-geburtstag","15":"product_cat-farbe-gruen","16":"product_cat-meerjungfrauen","17":"product_cat-saisonal","18":"product_cat-waldgebiet","19":"product_cat-weihnachten","20":"product_cat-weltraum","22":"first","23":"instock","24":"taxable","25":"shipping-taxable","26":"purchasable","27":"product-type-simple"},"_links":{"self":[{"href":"https:\/\/camaleoparty.ch\/de\/wp-json\/wp\/v2\/product\/41007","targetHints":{"allow":["GET"]}}],"collection":[{"href":"https:\/\/camaleoparty.ch\/de\/wp-json\/wp\/v2\/product"}],"about":[{"href":"https:\/\/camaleoparty.ch\/de\/wp-json\/wp\/v2\/types\/product"}],"replies":[{"embeddable":true,"href":"https:\/\/camaleoparty.ch\/de\/wp-json\/wp\/v2\/comments?post=41007"}],"wp:featuredmedia":[{"embeddable":true,"href":"https:\/\/camaleoparty.ch\/de\/wp-json\/wp\/v2\/media\/36069"}],"wp:attachment":[{"href":"https:\/\/camaleoparty.ch\/de\/wp-json\/wp\/v2\/media?parent=41007"}],"wp:term":[{"taxonomy":"product_cat","embeddable":true,"href":"https:\/\/camaleoparty.ch\/de\/wp-json\/wp\/v2\/product_cat?post=41007"},{"taxonomy":"product_tag","embeddable":true,"href":"https:\/\/camaleoparty.ch\/de\/wp-json\/wp\/v2\/product_tag?post=41007"}],"curies":[{"name":"wp","href":"https:\/\/api.w.org\/{rel}","templated":true}]}}