{"id":40989,"date":"2024-04-25T20:47:45","date_gmt":"2024-06-24T16:48:19","guid":{"rendered":"https:\/\/pikasworld.ch\/product\/fotogirlande-storch-10-5x15-cm\/"},"modified":"2024-11-08T13:25:24","modified_gmt":"2024-11-08T12:25:24","slug":"fotogirlande-storch-10-5x15-cm","status":"publish","type":"product","link":"https:\/\/camaleoparty.ch\/de\/produkt\/fotogirlande-storch-10-5x15-cm\/","title":{"rendered":"Fotogirlande &#8211; Storch, 10.5&#215;15 cm,"},"content":{"rendered":"<p>Fotogirlande &#8211; Storch, 10.5&#215;15 cm, Farbmischung, Fahnengr\u00f6\u00dfe ca. 10,5 x 15 cm. Kabell\u00e4nge: ca. 3 m<\/p>\n","protected":false},"excerpt":{"rendered":"<p>Fotogirlande &#8211; Storch, 10.5&#215;15 cm, Farbmischung, Fahnengr\u00f6\u00dfe ca. 10,5 x 15 cm. Kabell\u00e4nge: ca. 3 m<\/p>\n","protected":false},"featured_media":40044,"comment_status":"open","ping_status":"closed","template":"","meta":[],"product_cat":[185,163,175,591],"product_tag":[],"class_list":{"0":"post-40989","1":"product","2":"type-product","3":"status-publish","4":"has-post-thumbnail","6":"product_brand-partydeco-de","7":"product_cat-baby-shower-de","8":"product_cat-dekoration","9":"product_cat-girlanden","10":"product_cat-prinzessin-de","12":"first","13":"instock","14":"taxable","15":"shipping-taxable","16":"purchasable","17":"product-type-simple"},"_links":{"self":[{"href":"https:\/\/camaleoparty.ch\/de\/wp-json\/wp\/v2\/product\/40989","targetHints":{"allow":["GET"]}}],"collection":[{"href":"https:\/\/camaleoparty.ch\/de\/wp-json\/wp\/v2\/product"}],"about":[{"href":"https:\/\/camaleoparty.ch\/de\/wp-json\/wp\/v2\/types\/product"}],"replies":[{"embeddable":true,"href":"https:\/\/camaleoparty.ch\/de\/wp-json\/wp\/v2\/comments?post=40989"}],"wp:featuredmedia":[{"embeddable":true,"href":"https:\/\/camaleoparty.ch\/de\/wp-json\/wp\/v2\/media\/40044"}],"wp:attachment":[{"href":"https:\/\/camaleoparty.ch\/de\/wp-json\/wp\/v2\/media?parent=40989"}],"wp:term":[{"taxonomy":"product_cat","embeddable":true,"href":"https:\/\/camaleoparty.ch\/de\/wp-json\/wp\/v2\/product_cat?post=40989"},{"taxonomy":"product_tag","embeddable":true,"href":"https:\/\/camaleoparty.ch\/de\/wp-json\/wp\/v2\/product_tag?post=40989"}],"curies":[{"name":"wp","href":"https:\/\/api.w.org\/{rel}","templated":true}]}}