{"id":40948,"date":"2024-06-10T19:09:10","date_gmt":"2024-06-15T10:40:47","guid":{"rendered":"https:\/\/pikasworld.ch\/product\/teelichter-wassermelone-6-stueck\/"},"modified":"2024-11-08T13:23:24","modified_gmt":"2024-11-08T12:23:24","slug":"teelichter-wassermelone-6-stueck","status":"publish","type":"product","link":"https:\/\/camaleoparty.ch\/de\/produkt\/teelichter-wassermelone-6-stueck\/","title":{"rendered":"Teelichter Wassermelone, 6 St\u00fcck"},"content":{"rendered":"<p>Die Watermellon &#8211; Teelichter von SunnyLife sind einfach wunderbar zum Entspannen nach einer Reise namens Leben. Halten Sie Ihren Tee in den Schein dieser Lichter, um eine ruhige und beruhigende Atmosph\u00e4re zu schaffen. Verbessern Sie Ihre Stimmung und Ihren Gem\u00fctszustand mit den Teelichtern von SunnyLife. Sie brennen 45 Minuten lang, lange genug, um Stress sanft abzubauen. Eine sch\u00f6ne Erg\u00e4nzung f\u00fcr jeden Raum.<\/p>\n","protected":false},"excerpt":{"rendered":"<p>Die Watermellon &#8211; Teelichter von SunnyLife sind einfach wunderbar zum Entspannen nach einer Reise namens Leben.<\/p>\n","protected":false},"featured_media":40929,"comment_status":"open","ping_status":"closed","template":"","meta":[],"product_cat":[167,553,913,147],"product_tag":[],"class_list":{"0":"post-40948","1":"product","2":"type-product","3":"status-publish","4":"has-post-thumbnail","6":"product_cat-kerzen","7":"product_cat-muttertag","8":"product_cat-produkte","9":"product_cat-verjaardags-en-feesttafelversieringen","11":"first","12":"instock","13":"taxable","14":"shipping-taxable","15":"purchasable","16":"product-type-simple"},"_links":{"self":[{"href":"https:\/\/camaleoparty.ch\/de\/wp-json\/wp\/v2\/product\/40948","targetHints":{"allow":["GET"]}}],"collection":[{"href":"https:\/\/camaleoparty.ch\/de\/wp-json\/wp\/v2\/product"}],"about":[{"href":"https:\/\/camaleoparty.ch\/de\/wp-json\/wp\/v2\/types\/product"}],"replies":[{"embeddable":true,"href":"https:\/\/camaleoparty.ch\/de\/wp-json\/wp\/v2\/comments?post=40948"}],"wp:featuredmedia":[{"embeddable":true,"href":"https:\/\/camaleoparty.ch\/de\/wp-json\/wp\/v2\/media\/40929"}],"wp:attachment":[{"href":"https:\/\/camaleoparty.ch\/de\/wp-json\/wp\/v2\/media?parent=40948"}],"wp:term":[{"taxonomy":"product_cat","embeddable":true,"href":"https:\/\/camaleoparty.ch\/de\/wp-json\/wp\/v2\/product_cat?post=40948"},{"taxonomy":"product_tag","embeddable":true,"href":"https:\/\/camaleoparty.ch\/de\/wp-json\/wp\/v2\/product_tag?post=40948"}],"curies":[{"name":"wp","href":"https:\/\/api.w.org\/{rel}","templated":true}]}}