{"id":40412,"date":"2024-04-25T22:38:34","date_gmt":"2024-05-04T10:06:45","guid":{"rendered":"https:\/\/pikasworld.ch\/product\/kommunionstortendekorationen-gold-31-5cm\/"},"modified":"2024-11-08T13:25:07","modified_gmt":"2024-11-08T12:25:07","slug":"kommunionstortendekorationen-gold-31-5cm","status":"publish","type":"product","link":"https:\/\/camaleoparty.ch\/de\/produkt\/kommunionstortendekorationen-gold-31-5cm\/","title":{"rendered":"Kommunionstortendekorationen, gold, 31.5cm"},"content":{"rendered":"<p>Goldene Spiegel-Kuchendekorationen, gemischte Muster und Farben. Produkt zum Selbstzusammenbau. Das Spiel enth\u00e4lt 6 Karten, 6 Sticker und 6 St\u00f6cke. H\u00f6he nach dem Falten ca. 26,5 &#8211; 31,5 cm.<\/p>\n<p>(1 pqt. \/ 6 pc.)<\/p>\n","protected":false},"excerpt":{"rendered":"<p>Tortendekorationen Goldspiegel, gemischte Muster und Farben<\/p>\n","protected":false},"featured_media":40126,"comment_status":"open","ping_status":"closed","template":"","meta":[],"product_cat":[330,875,841],"product_tag":[],"class_list":{"0":"post-40412","1":"product","2":"type-product","3":"status-publish","4":"has-post-thumbnail","6":"product_brand-partydeco-de","7":"product_cat-cupcakes-de","8":"product_cat-kommunion","9":"product_cat-taufe","11":"first","12":"instock","13":"taxable","14":"shipping-taxable","15":"purchasable","16":"product-type-simple"},"_links":{"self":[{"href":"https:\/\/camaleoparty.ch\/de\/wp-json\/wp\/v2\/product\/40412","targetHints":{"allow":["GET"]}}],"collection":[{"href":"https:\/\/camaleoparty.ch\/de\/wp-json\/wp\/v2\/product"}],"about":[{"href":"https:\/\/camaleoparty.ch\/de\/wp-json\/wp\/v2\/types\/product"}],"replies":[{"embeddable":true,"href":"https:\/\/camaleoparty.ch\/de\/wp-json\/wp\/v2\/comments?post=40412"}],"wp:featuredmedia":[{"embeddable":true,"href":"https:\/\/camaleoparty.ch\/de\/wp-json\/wp\/v2\/media\/40126"}],"wp:attachment":[{"href":"https:\/\/camaleoparty.ch\/de\/wp-json\/wp\/v2\/media?parent=40412"}],"wp:term":[{"taxonomy":"product_cat","embeddable":true,"href":"https:\/\/camaleoparty.ch\/de\/wp-json\/wp\/v2\/product_cat?post=40412"},{"taxonomy":"product_tag","embeddable":true,"href":"https:\/\/camaleoparty.ch\/de\/wp-json\/wp\/v2\/product_tag?post=40412"}],"curies":[{"name":"wp","href":"https:\/\/api.w.org\/{rel}","templated":true}]}}