{"id":40403,"date":"2023-09-13T07:25:29","date_gmt":"2024-05-03T21:38:36","guid":{"rendered":"https:\/\/pikasworld.ch\/product\/dekoration-aus-seidenpapier-fledermaus\/"},"modified":"2024-11-08T13:52:38","modified_gmt":"2024-11-08T12:52:38","slug":"dekoration-aus-seidenpapier-fledermaus","status":"publish","type":"product","link":"https:\/\/camaleoparty.ch\/de\/produkt\/dekoration-aus-seidenpapier-fledermaus\/","title":{"rendered":"Dekoration aus Seidenpapier Fledermaus"},"content":{"rendered":"<p>Organisieren Sie eine Halloween-Party mit Ihren Freunden? Um diesen Abend gruselig zu gestalten, brauchen Sie Dekoration!<br \/>\nHier ist eine h\u00fcbsche Fledermausdekoration aus Waben, mit der Sie Ihre Fotoecke oder einfach Ihren Partytisch schm\u00fccken k\u00f6nnen.<\/p>\n<p>Sie k\u00f6nnen Ihre Dekoration mit unserer Halloween-Auswahl abschlie\u00dfen.<\/p>\n<p>Inhalt: 1 Fledermausdekoration<\/p>\n<p>Material: Seidenpapier<\/p>\n<p>Abmessungen: 45 x 17 cm<\/p>\n","protected":false},"excerpt":{"rendered":"<p>Hier ist eine h\u00fcbsche Fledermausdekoration aus Waben, mit der Sie Ihre Fotoecke oder einfach Ihren Partytisch schm\u00fccken k\u00f6nnen.<\/p>\n","protected":false},"featured_media":35015,"comment_status":"open","ping_status":"closed","template":"","meta":[],"product_cat":[258,1079,169],"product_tag":[],"class_list":{"0":"post-40403","1":"product","2":"type-product","3":"status-publish","4":"has-post-thumbnail","6":"product_brand-partydeco-de","7":"product_cat-halloween-de-2","8":"product_cat-halloween-raum-und-ausendekoration","9":"product_cat-wabenball","11":"first","12":"instock","13":"featured","14":"taxable","15":"shipping-taxable","16":"purchasable","17":"product-type-simple"},"_links":{"self":[{"href":"https:\/\/camaleoparty.ch\/de\/wp-json\/wp\/v2\/product\/40403","targetHints":{"allow":["GET"]}}],"collection":[{"href":"https:\/\/camaleoparty.ch\/de\/wp-json\/wp\/v2\/product"}],"about":[{"href":"https:\/\/camaleoparty.ch\/de\/wp-json\/wp\/v2\/types\/product"}],"replies":[{"embeddable":true,"href":"https:\/\/camaleoparty.ch\/de\/wp-json\/wp\/v2\/comments?post=40403"}],"wp:featuredmedia":[{"embeddable":true,"href":"https:\/\/camaleoparty.ch\/de\/wp-json\/wp\/v2\/media\/35015"}],"wp:attachment":[{"href":"https:\/\/camaleoparty.ch\/de\/wp-json\/wp\/v2\/media?parent=40403"}],"wp:term":[{"taxonomy":"product_cat","embeddable":true,"href":"https:\/\/camaleoparty.ch\/de\/wp-json\/wp\/v2\/product_cat?post=40403"},{"taxonomy":"product_tag","embeddable":true,"href":"https:\/\/camaleoparty.ch\/de\/wp-json\/wp\/v2\/product_tag?post=40403"}],"curies":[{"name":"wp","href":"https:\/\/api.w.org\/{rel}","templated":true}]}}