{"id":40358,"date":"2024-04-26T08:31:27","date_gmt":"2024-05-03T12:02:36","guid":{"rendered":"https:\/\/pikasworld.ch\/product\/mylar-ballon-schattenball-blau-gruen-35cm\/"},"modified":"2024-11-08T13:24:56","modified_gmt":"2024-11-08T12:24:56","slug":"mylar-ballon-schattenball-blau-gruen-35cm","status":"publish","type":"product","link":"https:\/\/camaleoparty.ch\/de\/produkt\/mylar-ballon-schattenball-blau-gruen-35cm\/","title":{"rendered":"Mylar-Ballon Schattenball, blau-gr\u00fcn, 35cm"},"content":{"rendered":"<p>Mylar-Ballon, metallisiert, blaugr\u00fcner Schattenball, H\u00f6he vor dem Aufblasen ca. 45 cm (18&#8220;), H\u00f6he nach dem Aufblasen ca. 35 cm (14&#8220;). Aufblasen mit Luft oder Helium.<\/p>\n<p>1 pkt \/ 1 pc.<\/p>\n","protected":false},"excerpt":{"rendered":"<p>Mylar-Ballon, metallisiert, Schattenball in blau-gr\u00fcner Farbe<\/p>\n","protected":false},"featured_media":40157,"comment_status":"open","ping_status":"closed","template":"","meta":[],"product_cat":[729,1213,221,274,1206,877],"product_tag":[],"class_list":{"0":"post-40358","1":"product","2":"type-product","3":"status-publish","4":"has-post-thumbnail","6":"product_brand-partydeco-de","7":"product_cat-unter-dem-meer","8":"product_cat-farbe-blau","9":"product_cat-einhorn","10":"product_cat-folienballons","11":"product_cat-farbe-gruen","12":"product_cat-tag-der-vater","14":"first","15":"instock","16":"taxable","17":"shipping-taxable","18":"purchasable","19":"product-type-simple"},"_links":{"self":[{"href":"https:\/\/camaleoparty.ch\/de\/wp-json\/wp\/v2\/product\/40358","targetHints":{"allow":["GET"]}}],"collection":[{"href":"https:\/\/camaleoparty.ch\/de\/wp-json\/wp\/v2\/product"}],"about":[{"href":"https:\/\/camaleoparty.ch\/de\/wp-json\/wp\/v2\/types\/product"}],"replies":[{"embeddable":true,"href":"https:\/\/camaleoparty.ch\/de\/wp-json\/wp\/v2\/comments?post=40358"}],"wp:featuredmedia":[{"embeddable":true,"href":"https:\/\/camaleoparty.ch\/de\/wp-json\/wp\/v2\/media\/40157"}],"wp:attachment":[{"href":"https:\/\/camaleoparty.ch\/de\/wp-json\/wp\/v2\/media?parent=40358"}],"wp:term":[{"taxonomy":"product_cat","embeddable":true,"href":"https:\/\/camaleoparty.ch\/de\/wp-json\/wp\/v2\/product_cat?post=40358"},{"taxonomy":"product_tag","embeddable":true,"href":"https:\/\/camaleoparty.ch\/de\/wp-json\/wp\/v2\/product_tag?post=40358"}],"curies":[{"name":"wp","href":"https:\/\/api.w.org\/{rel}","templated":true}]}}