{"id":40333,"date":"2024-05-01T11:34:25","date_gmt":"2024-05-03T10:25:41","guid":{"rendered":"https:\/\/pikasworld.ch\/product\/aufkleber-brief-gold-metallic\/"},"modified":"2024-11-08T13:24:19","modified_gmt":"2024-11-08T12:24:19","slug":"aufkleber-brief-gold-metallic","status":"publish","type":"product","link":"https:\/\/camaleoparty.ch\/de\/produkt\/aufkleber-brief-gold-metallic\/","title":{"rendered":"Aufkleber Brief, Gold metallic"},"content":{"rendered":"<div class=\"product__description\">\n<div class=\"product__description__text\">\n<p>Selbstklebende Buchstaben, das Set enth\u00e4lt 5 B\u00f6gen mit goldenen Metallaufklebern: 143 Buchstaben und (7 Buchstaben A, E, I, O, U, Y, 6 Buchstaben B, C, F, J, K, L, S, Z, 5 Buchstaben D, G, H, M, N, P, R, T, X und 4 Buchstaben W, V) und 28 Zeichen (5 Herzen, 8 Kommas, 6 Punkte, 6 Sterne), Gr\u00f6\u00dfe des Bogens ca. 21 x 29,7 cm, H\u00f6he der Aufkleber variiert von ca. 1 bis 7 cm.<\/p>\n<p>Diese Sticker sind ideal, um Ihre R\u00e4ume zu dekorieren. Sie k\u00f6nnen auf Luftballons und viele andere Oberfl\u00e4chen geklebt werden.<\/p>\n<\/div>\n<\/div>\n<div class=\"product__data product__data--single\">\n<div class=\"data__quantity\">1 pkt \/ 1 pc.<\/div>\n<\/div>\n","protected":false},"excerpt":{"rendered":"<p>Diese Sticker sind ideal, um Ihre R\u00e4ume zu dekorieren. Sie k\u00f6nnen auf Luftballons und viele andere Oberfl\u00e4chen geklebt werden.<\/p>\n","protected":false},"featured_media":40275,"comment_status":"open","ping_status":"closed","template":"","meta":[],"product_cat":[183,185,554,385,1212,391,742,875,299,553,195,591,877,841,1169,193,822],"product_tag":[],"class_list":{"0":"post-40333","1":"product","2":"type-product","3":"status-publish","4":"has-post-thumbnail","6":"product_brand-partydeco-de","7":"product_cat-geburtstag","8":"product_cat-baby-shower-de","9":"product_cat-fruhling","10":"product_cat-gender-reveal-party-de","11":"product_cat-goldfarben","12":"product_cat-hen-party-polter-abend","13":"product_cat-katze","14":"product_cat-kommunion","15":"product_cat-meerjungfrauen","16":"product_cat-muttertag","17":"product_cat-ostern","18":"product_cat-prinzessin-de","19":"product_cat-tag-der-vater","20":"product_cat-taufe","21":"product_cat-teddybar-kollektion","22":"product_cat-weihnachten","23":"product_cat-zubehor-luftballons","25":"first","26":"instock","27":"taxable","28":"shipping-taxable","29":"purchasable","30":"product-type-simple"},"_links":{"self":[{"href":"https:\/\/camaleoparty.ch\/de\/wp-json\/wp\/v2\/product\/40333","targetHints":{"allow":["GET"]}}],"collection":[{"href":"https:\/\/camaleoparty.ch\/de\/wp-json\/wp\/v2\/product"}],"about":[{"href":"https:\/\/camaleoparty.ch\/de\/wp-json\/wp\/v2\/types\/product"}],"replies":[{"embeddable":true,"href":"https:\/\/camaleoparty.ch\/de\/wp-json\/wp\/v2\/comments?post=40333"}],"wp:featuredmedia":[{"embeddable":true,"href":"https:\/\/camaleoparty.ch\/de\/wp-json\/wp\/v2\/media\/40275"}],"wp:attachment":[{"href":"https:\/\/camaleoparty.ch\/de\/wp-json\/wp\/v2\/media?parent=40333"}],"wp:term":[{"taxonomy":"product_cat","embeddable":true,"href":"https:\/\/camaleoparty.ch\/de\/wp-json\/wp\/v2\/product_cat?post=40333"},{"taxonomy":"product_tag","embeddable":true,"href":"https:\/\/camaleoparty.ch\/de\/wp-json\/wp\/v2\/product_tag?post=40333"}],"curies":[{"name":"wp","href":"https:\/\/api.w.org\/{rel}","templated":true}]}}