{"id":40282,"date":"2024-05-01T13:16:41","date_gmt":"2024-05-01T18:46:51","guid":{"rendered":"https:\/\/pikasworld.ch\/product\/mylar-ballon-1-papa-46-x-865cm\/"},"modified":"2024-11-08T13:24:16","modified_gmt":"2024-11-08T12:24:16","slug":"mylar-ballon-1-papa-46-x-865cm","status":"publish","type":"product","link":"https:\/\/camaleoparty.ch\/de\/produkt\/mylar-ballon-1-papa-46-x-865cm\/","title":{"rendered":"Mylar-Ballon #1 Papa, 46 x 86,5cm"},"content":{"rendered":"<div class=\"product__description\">\n<div class=\"product__description__text\">Mylar-Ballon #1 Papa in Marineblau mit Golddruck, Ma\u00dfe vor dem Aufblasen ca. 46 cm , Ma\u00dfe nach dem Aufblasen ca. 86.5cm. Kann nach dem F\u00fcllen mit Luft oder Helium dimensioniert werden. Strohhalm inbegriffen.<\/div>\n<\/div>\n<div class=\"product__data product__data--single\">\n<div class=\"data__quantity\">1 pkt \/ 1 pc.<\/div>\n<\/div>\n","protected":false},"excerpt":{"rendered":"<p>Mylar-Ballon #1 Papa in Marineblau mit Golddruck<\/p>\n","protected":false},"featured_media":40327,"comment_status":"open","ping_status":"closed","template":"","meta":[],"product_cat":[877],"product_tag":[],"class_list":{"0":"post-40282","1":"product","2":"type-product","3":"status-publish","4":"has-post-thumbnail","6":"product_brand-partydeco-de","7":"product_cat-tag-der-vater","9":"first","10":"instock","11":"taxable","12":"shipping-taxable","13":"purchasable","14":"product-type-simple"},"_links":{"self":[{"href":"https:\/\/camaleoparty.ch\/de\/wp-json\/wp\/v2\/product\/40282","targetHints":{"allow":["GET"]}}],"collection":[{"href":"https:\/\/camaleoparty.ch\/de\/wp-json\/wp\/v2\/product"}],"about":[{"href":"https:\/\/camaleoparty.ch\/de\/wp-json\/wp\/v2\/types\/product"}],"replies":[{"embeddable":true,"href":"https:\/\/camaleoparty.ch\/de\/wp-json\/wp\/v2\/comments?post=40282"}],"wp:featuredmedia":[{"embeddable":true,"href":"https:\/\/camaleoparty.ch\/de\/wp-json\/wp\/v2\/media\/40327"}],"wp:attachment":[{"href":"https:\/\/camaleoparty.ch\/de\/wp-json\/wp\/v2\/media?parent=40282"}],"wp:term":[{"taxonomy":"product_cat","embeddable":true,"href":"https:\/\/camaleoparty.ch\/de\/wp-json\/wp\/v2\/product_cat?post=40282"},{"taxonomy":"product_tag","embeddable":true,"href":"https:\/\/camaleoparty.ch\/de\/wp-json\/wp\/v2\/product_tag?post=40282"}],"curies":[{"name":"wp","href":"https:\/\/api.w.org\/{rel}","templated":true}]}}