{"id":39759,"date":"2024-04-04T00:47:00","date_gmt":"2024-04-05T23:36:09","guid":{"rendered":"https:\/\/pikasworld.ch\/product\/indigoblauer-partyvorhang-1x2m\/"},"modified":"2024-11-08T13:26:43","modified_gmt":"2024-11-08T12:26:43","slug":"indigoblauer-partyvorhang-1x2m","status":"publish","type":"product","link":"https:\/\/camaleoparty.ch\/de\/produkt\/indigoblauer-partyvorhang-1x2m\/","title":{"rendered":"Indigoblauer Partyvorhang 1x2m"},"content":{"rendered":"<p><em>  Auff\u00e4lliges Macaron-Design, um jede Feier zu versch\u00f6nern.<\/em><\/p>\n<p><em>  Die breite Dimension von 1m verleiht dem Ganzen einen zus\u00e4tzlichen Hauch von Raffinesse.<\/em><\/p>\n<p><em>Dieser blaue Vorhang im Makkaronenstil verwandelt jede einfache Veranstaltung in eine elegante Feier.<\/em><\/p>\n","protected":false},"excerpt":{"rendered":"<p>Auff\u00e4lliges Macaron-Design, um jede Feier zu versch\u00f6nern. Die breite Dimension von 1m verleiht dem Ganzen einen zus\u00e4tzlichen Hauch von Raffinesse. Dieser blaue Vorhang im Makkaronenstil verwandelt jede einfache Veranstaltung in eine elegante Feier.<\/p>\n","protected":false},"featured_media":39644,"comment_status":"open","ping_status":"closed","template":"","meta":[],"product_cat":[185,1213,163,554,183,385,553,841,842],"product_tag":[],"class_list":{"0":"post-39759","1":"product","2":"type-product","3":"status-publish","4":"has-post-thumbnail","6":"product_brand-omnific-de","7":"product_cat-baby-shower-de","8":"product_cat-farbe-blau","9":"product_cat-dekoration","10":"product_cat-fruhling","11":"product_cat-geburtstag","12":"product_cat-gender-reveal-party-de","13":"product_cat-muttertag","14":"product_cat-taufe","15":"product_cat-vorhange-und-leinwande","17":"first","18":"instock","19":"taxable","20":"shipping-taxable","21":"purchasable","22":"product-type-simple"},"_links":{"self":[{"href":"https:\/\/camaleoparty.ch\/de\/wp-json\/wp\/v2\/product\/39759","targetHints":{"allow":["GET"]}}],"collection":[{"href":"https:\/\/camaleoparty.ch\/de\/wp-json\/wp\/v2\/product"}],"about":[{"href":"https:\/\/camaleoparty.ch\/de\/wp-json\/wp\/v2\/types\/product"}],"replies":[{"embeddable":true,"href":"https:\/\/camaleoparty.ch\/de\/wp-json\/wp\/v2\/comments?post=39759"}],"wp:featuredmedia":[{"embeddable":true,"href":"https:\/\/camaleoparty.ch\/de\/wp-json\/wp\/v2\/media\/39644"}],"wp:attachment":[{"href":"https:\/\/camaleoparty.ch\/de\/wp-json\/wp\/v2\/media?parent=39759"}],"wp:term":[{"taxonomy":"product_cat","embeddable":true,"href":"https:\/\/camaleoparty.ch\/de\/wp-json\/wp\/v2\/product_cat?post=39759"},{"taxonomy":"product_tag","embeddable":true,"href":"https:\/\/camaleoparty.ch\/de\/wp-json\/wp\/v2\/product_tag?post=39759"}],"curies":[{"name":"wp","href":"https:\/\/api.w.org\/{rel}","templated":true}]}}