{"id":39749,"date":"2024-04-04T00:57:31","date_gmt":"2024-04-05T23:35:39","guid":{"rendered":"https:\/\/pikasworld.ch\/product\/festlicher-vorhang-goldene-quadrate-1x2m\/"},"modified":"2024-11-08T13:26:35","modified_gmt":"2024-11-08T12:26:35","slug":"festlicher-vorhang-goldene-quadrate-1x2m","status":"publish","type":"product","link":"https:\/\/camaleoparty.ch\/de\/produkt\/festlicher-vorhang-goldene-quadrate-1x2m\/","title":{"rendered":"Festlicher Vorhang &#8211; goldene Quadrate 1x2m"},"content":{"rendered":"<p><em>Auff\u00e4lliges Design, um jede Feier zu versch\u00f6nern.<\/em><\/p>\n<p><em>Die breite Dimension von 1m verleiht dem Ganzen einen zus\u00e4tzlichen Hauch von Raffinesse.<\/em><\/p>\n<p><em>Dieser Vorhang verwandelt jede einfache Veranstaltung in eine elegante Feier.<\/em><\/p>\n","protected":false},"excerpt":{"rendered":"<p>Auff\u00e4lliges Design, um jede Feier zu versch\u00f6nern. Die breite Dimension von 1m verleiht dem Ganzen einen zus\u00e4tzlichen Hauch von Raffinesse. Dieser Vorhang verwandelt jede einfache Veranstaltung in eine elegante Feier.<\/p>\n","protected":false},"featured_media":39657,"comment_status":"open","ping_status":"closed","template":"","meta":[],"product_cat":[185,163,1289,554,183,385,1212,391,553,591,841,842],"product_tag":[],"class_list":{"0":"post-39749","1":"product","2":"type-product","3":"status-publish","4":"has-post-thumbnail","6":"product_brand-omnific-de","7":"product_cat-baby-shower-de","8":"product_cat-dekoration","9":"product_cat-evjf-dekoration","10":"product_cat-fruhling","11":"product_cat-geburtstag","12":"product_cat-gender-reveal-party-de","13":"product_cat-goldfarben","14":"product_cat-hen-party-polter-abend","15":"product_cat-muttertag","16":"product_cat-prinzessin-de","17":"product_cat-taufe","18":"product_cat-vorhange-und-leinwande","20":"first","21":"instock","22":"taxable","23":"shipping-taxable","24":"purchasable","25":"product-type-simple"},"_links":{"self":[{"href":"https:\/\/camaleoparty.ch\/de\/wp-json\/wp\/v2\/product\/39749","targetHints":{"allow":["GET"]}}],"collection":[{"href":"https:\/\/camaleoparty.ch\/de\/wp-json\/wp\/v2\/product"}],"about":[{"href":"https:\/\/camaleoparty.ch\/de\/wp-json\/wp\/v2\/types\/product"}],"replies":[{"embeddable":true,"href":"https:\/\/camaleoparty.ch\/de\/wp-json\/wp\/v2\/comments?post=39749"}],"wp:featuredmedia":[{"embeddable":true,"href":"https:\/\/camaleoparty.ch\/de\/wp-json\/wp\/v2\/media\/39657"}],"wp:attachment":[{"href":"https:\/\/camaleoparty.ch\/de\/wp-json\/wp\/v2\/media?parent=39749"}],"wp:term":[{"taxonomy":"product_cat","embeddable":true,"href":"https:\/\/camaleoparty.ch\/de\/wp-json\/wp\/v2\/product_cat?post=39749"},{"taxonomy":"product_tag","embeddable":true,"href":"https:\/\/camaleoparty.ch\/de\/wp-json\/wp\/v2\/product_tag?post=39749"}],"curies":[{"name":"wp","href":"https:\/\/api.w.org\/{rel}","templated":true}]}}