{"id":39738,"date":"2024-04-04T10:57:28","date_gmt":"2024-04-05T23:35:12","guid":{"rendered":"https:\/\/pikasworld.ch\/product\/festlicher-glitzervorhang-eroseclair-1x2m\/"},"modified":"2024-11-08T13:26:20","modified_gmt":"2024-11-08T12:26:20","slug":"festlicher-glitzervorhang-eroseclair-1x2m","status":"publish","type":"product","link":"https:\/\/camaleoparty.ch\/de\/produkt\/festlicher-glitzervorhang-eroseclair-1x2m\/","title":{"rendered":"Festlicher Glitzervorhang, eroseclair 1x2m"},"content":{"rendered":"<p><em>Auff\u00e4lliges Macaron-Design, um jede Feier zu versch\u00f6nern.<\/em><\/p>\n<p><em>Die breite Dimension von 1m verleiht dem Ganzen einen zus\u00e4tzlichen Hauch von Raffinesse.<\/em><\/p>\n<p><em>Dieser Vorhang im Makkaronenstil verwandelt jede einfache Veranstaltung in eine elegante Feier.<\/em><\/p>\n","protected":false},"excerpt":{"rendered":"<p>Auff\u00e4lliges Macaron-Design, um jede Feier zu versch\u00f6nern. Die breite Dimension von 1m verleiht dem Ganzen einen zus\u00e4tzlichen Hauch von Raffinesse. Dieser Vorhang im Makkaronenstil verwandelt jede einfache Veranstaltung in eine elegante Feier.<\/p>\n","protected":false},"featured_media":39687,"comment_status":"open","ping_status":"closed","template":"","meta":[],"product_cat":[185,163,1289,554,183,385,391,742,553,591,1204,841,842],"product_tag":[],"class_list":{"0":"post-39738","1":"product","2":"type-product","3":"status-publish","4":"has-post-thumbnail","6":"product_cat-baby-shower-de","7":"product_cat-dekoration","8":"product_cat-evjf-dekoration","9":"product_cat-fruhling","10":"product_cat-geburtstag","11":"product_cat-gender-reveal-party-de","12":"product_cat-hen-party-polter-abend","13":"product_cat-katze","14":"product_cat-muttertag","15":"product_cat-prinzessin-de","16":"product_cat-rosa","17":"product_cat-taufe","18":"product_cat-vorhange-und-leinwande","20":"first","21":"instock","22":"sale","23":"taxable","24":"shipping-taxable","25":"purchasable","26":"product-type-simple"},"_links":{"self":[{"href":"https:\/\/camaleoparty.ch\/de\/wp-json\/wp\/v2\/product\/39738","targetHints":{"allow":["GET"]}}],"collection":[{"href":"https:\/\/camaleoparty.ch\/de\/wp-json\/wp\/v2\/product"}],"about":[{"href":"https:\/\/camaleoparty.ch\/de\/wp-json\/wp\/v2\/types\/product"}],"replies":[{"embeddable":true,"href":"https:\/\/camaleoparty.ch\/de\/wp-json\/wp\/v2\/comments?post=39738"}],"wp:featuredmedia":[{"embeddable":true,"href":"https:\/\/camaleoparty.ch\/de\/wp-json\/wp\/v2\/media\/39687"}],"wp:attachment":[{"href":"https:\/\/camaleoparty.ch\/de\/wp-json\/wp\/v2\/media?parent=39738"}],"wp:term":[{"taxonomy":"product_cat","embeddable":true,"href":"https:\/\/camaleoparty.ch\/de\/wp-json\/wp\/v2\/product_cat?post=39738"},{"taxonomy":"product_tag","embeddable":true,"href":"https:\/\/camaleoparty.ch\/de\/wp-json\/wp\/v2\/product_tag?post=39738"}],"curies":[{"name":"wp","href":"https:\/\/api.w.org\/{rel}","templated":true}]}}