{"id":39736,"date":"2024-04-04T12:17:00","date_gmt":"2024-04-05T23:35:07","guid":{"rendered":"https:\/\/pikasworld.ch\/product\/girlande-baby-rosegold\/"},"modified":"2024-11-08T13:26:17","modified_gmt":"2024-11-08T12:26:17","slug":"girlande-baby-rosegold","status":"publish","type":"product","link":"https:\/\/camaleoparty.ch\/de\/produkt\/girlande-baby-rosegold\/","title":{"rendered":"Girlande Baby, Ros\u00e9gold"},"content":{"rendered":"<p>Lassen Sie diese ros\u00e9goldene Ballongirlande f\u00fcr die Babyparty leuchten &#8211; perfekt f\u00fcr eine geschlechtsneutrale Babyparty. Das Paket enth\u00e4lt 4 Ballons mit 16&#8243;-Buchstaben zum Buchstabieren der Babybanderole und eine durchsichtige Schnur, damit die Ballons wie eine Girlande aufgeh\u00e4ngt werden k\u00f6nnen. Die Packung enth\u00e4lt auch einen Strohhalm, damit sie leicht aufgeblasen werden kann.<\/p>\n","protected":false},"excerpt":{"rendered":"<p>Lassen Sie diese ros\u00e9goldene Ballongirlande f\u00fcr die Babyparty leuchten &#8211; perfekt f\u00fcr eine geschlechtsneutrale Babyparty. Das Paket enth\u00e4lt 4 Ballons mit 16&#8243;-Buchstaben zum Buchstabieren der Babybanderole und eine durchsichtige Schnur, damit die Ballons wie eine Girlande aufgeh\u00e4ngt werden k\u00f6nnen. Die Packung enth\u00e4lt auch einen Strohhalm, damit sie leicht aufgeblasen werden kann.<\/p>\n","protected":false},"featured_media":39693,"comment_status":"open","ping_status":"closed","template":"","meta":[],"product_cat":[185,274],"product_tag":[],"class_list":{"0":"post-39736","1":"product","2":"type-product","3":"status-publish","4":"has-post-thumbnail","6":"product_cat-baby-shower-de","7":"product_cat-folienballons","9":"first","10":"instock","11":"taxable","12":"shipping-taxable","13":"purchasable","14":"product-type-simple"},"_links":{"self":[{"href":"https:\/\/camaleoparty.ch\/de\/wp-json\/wp\/v2\/product\/39736","targetHints":{"allow":["GET"]}}],"collection":[{"href":"https:\/\/camaleoparty.ch\/de\/wp-json\/wp\/v2\/product"}],"about":[{"href":"https:\/\/camaleoparty.ch\/de\/wp-json\/wp\/v2\/types\/product"}],"replies":[{"embeddable":true,"href":"https:\/\/camaleoparty.ch\/de\/wp-json\/wp\/v2\/comments?post=39736"}],"wp:featuredmedia":[{"embeddable":true,"href":"https:\/\/camaleoparty.ch\/de\/wp-json\/wp\/v2\/media\/39693"}],"wp:attachment":[{"href":"https:\/\/camaleoparty.ch\/de\/wp-json\/wp\/v2\/media?parent=39736"}],"wp:term":[{"taxonomy":"product_cat","embeddable":true,"href":"https:\/\/camaleoparty.ch\/de\/wp-json\/wp\/v2\/product_cat?post=39736"},{"taxonomy":"product_tag","embeddable":true,"href":"https:\/\/camaleoparty.ch\/de\/wp-json\/wp\/v2\/product_tag?post=39736"}],"curies":[{"name":"wp","href":"https:\/\/api.w.org\/{rel}","templated":true}]}}