{"id":39725,"date":"2024-04-04T13:02:00","date_gmt":"2024-04-05T23:32:30","guid":{"rendered":"https:\/\/pikasworld.ch\/product\/luftschlangen-aus-holz-baby-shower\/"},"modified":"2024-11-08T13:26:14","modified_gmt":"2024-11-08T12:26:14","slug":"luftschlangen-aus-holz-baby-shower","status":"publish","type":"product","link":"https:\/\/camaleoparty.ch\/de\/produkt\/luftschlangen-aus-holz-baby-shower\/","title":{"rendered":"Luftschlangen aus Holz baby shower"},"content":{"rendered":"<p>Bleiben Sie umweltfreundlich mit unserem Baby Shower Banner aus botanischem Holz. Jedes Paket wird mit einem 19 cm breiten x 21 cm hohen Baby Shower Banner geliefert, das auf 2 m Jutegewebe aufgef\u00e4delt ist. Das perfekte Overlay f\u00fcr eine unserer tollen Leinw\u00e4nde&nbsp;!<\/p>\n","protected":false},"excerpt":{"rendered":"<p>Bleiben Sie umweltfreundlich mit unserem Baby Shower Banner aus botanischem Holz. Jedes Paket wird mit einem 19 cm breiten x 21 cm hohen Baby Shower Banner geliefert, das auf 2 m Jutegewebe aufgef\u00e4delt ist. Das perfekte Overlay f\u00fcr eine unserer tollen Leinw\u00e4nde&nbsp;!<\/p>\n","protected":false},"featured_media":39697,"comment_status":"open","ping_status":"closed","template":"","meta":[],"product_cat":[185],"product_tag":[],"class_list":{"0":"post-39725","1":"product","2":"type-product","3":"status-publish","4":"has-post-thumbnail","6":"product_cat-baby-shower-de","8":"first","9":"instock","10":"taxable","11":"shipping-taxable","12":"purchasable","13":"product-type-simple"},"_links":{"self":[{"href":"https:\/\/camaleoparty.ch\/de\/wp-json\/wp\/v2\/product\/39725","targetHints":{"allow":["GET"]}}],"collection":[{"href":"https:\/\/camaleoparty.ch\/de\/wp-json\/wp\/v2\/product"}],"about":[{"href":"https:\/\/camaleoparty.ch\/de\/wp-json\/wp\/v2\/types\/product"}],"replies":[{"embeddable":true,"href":"https:\/\/camaleoparty.ch\/de\/wp-json\/wp\/v2\/comments?post=39725"}],"wp:featuredmedia":[{"embeddable":true,"href":"https:\/\/camaleoparty.ch\/de\/wp-json\/wp\/v2\/media\/39697"}],"wp:attachment":[{"href":"https:\/\/camaleoparty.ch\/de\/wp-json\/wp\/v2\/media?parent=39725"}],"wp:term":[{"taxonomy":"product_cat","embeddable":true,"href":"https:\/\/camaleoparty.ch\/de\/wp-json\/wp\/v2\/product_cat?post=39725"},{"taxonomy":"product_tag","embeddable":true,"href":"https:\/\/camaleoparty.ch\/de\/wp-json\/wp\/v2\/product_tag?post=39725"}],"curies":[{"name":"wp","href":"https:\/\/api.w.org\/{rel}","templated":true}]}}