{"id":39553,"date":"2024-03-24T16:38:00","date_gmt":"2024-03-25T15:00:09","guid":{"rendered":"https:\/\/pikasworld.ch\/product\/glasflasche-rosegold\/"},"modified":"2024-11-08T13:34:12","modified_gmt":"2024-11-08T12:34:12","slug":"glasflasche-rosegold","status":"publish","type":"product","link":"https:\/\/camaleoparty.ch\/de\/produkt\/glasflasche-rosegold\/","title":{"rendered":"GLASFLASCHE ROS\u00c9GOLD"},"content":{"rendered":"<p>Diese h\u00fcbsche Glasdose mit ihrem ros\u00e9goldenen Deckel und dem Strohhalm ist ein originelles Geschenk f\u00fcr Kinder. Merkmale:<\/p>\n<p>Material:&nbsp;Glas<\/p>\n<p>Ma\u00dfe: 6 cm x 15 cm<\/p>\n<p>Inhalt: 250 ml<\/p>\n<p>Wird einzeln verkauft<\/p>\n","protected":false},"excerpt":{"rendered":"<p>Diese h\u00fcbsche Glasdose mit ihrem ros\u00e9goldenen Deckel und dem Strohhalm ist ein originelles Geschenk f\u00fcr Kinder. Merkmale: Material:&nbsp;Glas Ma\u00dfe: 6 cm x 15 cm Inhalt: 250 ml Wird einzeln verkauft<\/p>\n","protected":false},"featured_media":39523,"comment_status":"open","ping_status":"closed","template":"","meta":[],"product_cat":[185,554,183,385,833,258,1081,372,391,191,553,195,189,841,193],"product_tag":[],"class_list":{"0":"post-39553","1":"product","2":"type-product","3":"status-publish","4":"has-post-thumbnail","6":"product_cat-baby-shower-de","7":"product_cat-fruhling","8":"product_cat-geburtstag","9":"product_cat-gender-reveal-party-de","10":"product_cat-glaser-und-flaschen","11":"product_cat-halloween-de-2","12":"product_cat-halloween-tischdekoration","13":"product_cat-haus","14":"product_cat-hen-party-polter-abend","15":"product_cat-hochzeit","16":"product_cat-muttertag","17":"product_cat-ostern","18":"product_cat-sommer","19":"product_cat-taufe","20":"product_cat-weihnachten","22":"first","23":"instock","24":"sale","25":"taxable","26":"shipping-taxable","27":"purchasable","28":"product-type-simple"},"_links":{"self":[{"href":"https:\/\/camaleoparty.ch\/de\/wp-json\/wp\/v2\/product\/39553","targetHints":{"allow":["GET"]}}],"collection":[{"href":"https:\/\/camaleoparty.ch\/de\/wp-json\/wp\/v2\/product"}],"about":[{"href":"https:\/\/camaleoparty.ch\/de\/wp-json\/wp\/v2\/types\/product"}],"replies":[{"embeddable":true,"href":"https:\/\/camaleoparty.ch\/de\/wp-json\/wp\/v2\/comments?post=39553"}],"wp:featuredmedia":[{"embeddable":true,"href":"https:\/\/camaleoparty.ch\/de\/wp-json\/wp\/v2\/media\/39523"}],"wp:attachment":[{"href":"https:\/\/camaleoparty.ch\/de\/wp-json\/wp\/v2\/media?parent=39553"}],"wp:term":[{"taxonomy":"product_cat","embeddable":true,"href":"https:\/\/camaleoparty.ch\/de\/wp-json\/wp\/v2\/product_cat?post=39553"},{"taxonomy":"product_tag","embeddable":true,"href":"https:\/\/camaleoparty.ch\/de\/wp-json\/wp\/v2\/product_tag?post=39553"}],"curies":[{"name":"wp","href":"https:\/\/api.w.org\/{rel}","templated":true}]}}