{"id":39550,"date":"2024-03-24T16:55:49","date_gmt":"2024-03-25T14:52:59","guid":{"rendered":"https:\/\/pikasworld.ch\/product\/mini-krug-rosa-gold\/"},"modified":"2024-11-08T13:34:09","modified_gmt":"2024-11-08T12:34:09","slug":"mini-krug-rosa-gold","status":"publish","type":"product","link":"https:\/\/camaleoparty.ch\/de\/produkt\/mini-krug-rosa-gold\/","title":{"rendered":"MINI KRUG ROSA GOLD"},"content":{"rendered":"<p>Diese Mini-Mason Jars aus Glas mit ihren kupferfarbenen Deckeln sind ein originelles Geschenk f\u00fcr Ihre G\u00e4ste. Merkmale:<\/p>\n<p style=\"margin-top: 0px;margin-bottom: 1rem;font-size: 15px;font-weight: 400;font-family: Manrope, sans-serif;font-style: normal;letter-spacing: normal;text-align: start;text-indent: 0px;text-transform: none;text-decoration: none\">Material:&nbsp;Glas<\/p>\n<p style=\"margin-top: 0px;margin-bottom: 1rem;font-size: 15px;font-weight: 400;font-family: Manrope, sans-serif;font-style: normal;letter-spacing: normal;text-align: start;text-indent: 0px;text-transform: none;text-decoration: none\">Ma\u00dfe: 8 cm x 9 cm x 5 cm<span class=\"Apple-converted-space\">&nbsp;<\/span><\/p>\n<p style=\"margin-top: 0px;margin-bottom: 1rem;font-size: 15px;font-weight: 400;font-family: Manrope, sans-serif;font-style: normal;letter-spacing: normal;text-align: start;text-indent: 0px;text-transform: none;text-decoration: none\">Inhalt: 120 ml<\/p>\n","protected":false},"excerpt":{"rendered":"<p>Diese Mini-Mason Jars aus Glas mit ihren kupferfarbenen Deckeln sind ein originelles Geschenk f\u00fcr Ihre G\u00e4ste. Merkmale: Material:&nbsp;Glas Ma\u00dfe: 8 cm x 9 cm x 5 cm&nbsp; Inhalt: 120 ml<\/p>\n","protected":false},"featured_media":39532,"comment_status":"open","ping_status":"closed","template":"","meta":[],"product_cat":[833],"product_tag":[],"class_list":{"0":"post-39550","1":"product","2":"type-product","3":"status-publish","4":"has-post-thumbnail","6":"product_cat-glaser-und-flaschen","8":"first","9":"instock","10":"virtual","11":"taxable","12":"purchasable","13":"product-type-simple"},"_links":{"self":[{"href":"https:\/\/camaleoparty.ch\/de\/wp-json\/wp\/v2\/product\/39550","targetHints":{"allow":["GET"]}}],"collection":[{"href":"https:\/\/camaleoparty.ch\/de\/wp-json\/wp\/v2\/product"}],"about":[{"href":"https:\/\/camaleoparty.ch\/de\/wp-json\/wp\/v2\/types\/product"}],"replies":[{"embeddable":true,"href":"https:\/\/camaleoparty.ch\/de\/wp-json\/wp\/v2\/comments?post=39550"}],"wp:featuredmedia":[{"embeddable":true,"href":"https:\/\/camaleoparty.ch\/de\/wp-json\/wp\/v2\/media\/39532"}],"wp:attachment":[{"href":"https:\/\/camaleoparty.ch\/de\/wp-json\/wp\/v2\/media?parent=39550"}],"wp:term":[{"taxonomy":"product_cat","embeddable":true,"href":"https:\/\/camaleoparty.ch\/de\/wp-json\/wp\/v2\/product_cat?post=39550"},{"taxonomy":"product_tag","embeddable":true,"href":"https:\/\/camaleoparty.ch\/de\/wp-json\/wp\/v2\/product_tag?post=39550"}],"curies":[{"name":"wp","href":"https:\/\/api.w.org\/{rel}","templated":true}]}}