{"id":39509,"date":"2025-07-23T18:01:00","date_gmt":"2025-07-23T17:01:00","guid":{"rendered":"https:\/\/pikasworld.ch\/product\/heliumflasche-30-ballons\/"},"modified":"2025-12-16T21:12:04","modified_gmt":"2025-12-16T20:12:04","slug":"heliumflasche-30-ballons","status":"publish","type":"product","link":"https:\/\/camaleoparty.ch\/de\/produkt\/heliumflasche-30-ballons\/","title":{"rendered":"Einweg-Heliumflasche &#8211; Blasen Sie bis zu 30 Heliumballons auf."},"content":{"rendered":"<p data-start=\"253\" data-end=\"298\">\ud83c\udf88Vereinfachen Sie<strong data-start=\"303\" data-end=\"404\">Ihre Vorbereitungen mit dieser praktischen und einfach zu verwendenden Einweg-Heliumballon-Flasche!<\/strong><br data-start=\"404\" data-end=\"407\">Perfekt zum schnellen Aufblasen von bis zu 30 Standard-Latex- oder Aluminiumballons, ideal f\u00fcr Geburtstage, Babyshowers, Hochzeiten oder alle Ihre festlichen Feiern.<\/p>\n<p data-start=\"589\" data-end=\"741\">\u2699\ufe0f <strong data-start=\"592\" data-end=\"622\">Einfachste Bedienung:<\/strong><br data-start=\"622\" data-end=\"625\">\u00d6ffnen Sie den Wasserhahn, setzen Sie den Ballon auf das Gummimundst\u00fcck, dr\u00fccken Sie &#8211; und Ihre Ballons schweben im Handumdrehen!<\/p>\n<p data-start=\"743\" data-end=\"772\">\u23f3 F <strong data-start=\"745\" data-end=\"770\">lotationsdauer :<\/strong><\/p>\n<ul data-start=\"773\" data-end=\"889\">\n<li data-start=\"773\" data-end=\"819\">\n<p data-start=\"775\" data-end=\"819\">Latexballons (23 bis 40 cm): 8 bis 12 Stunden<\/p>\n<\/li>\n<li data-start=\"820\" data-end=\"889\">\n<p data-start=\"822\" data-end=\"889\">Aluminiumballons (Zahlen, Buchstaben, 43 cm): bis zu 3 Wochen<\/p>\n<\/li>\n<\/ul>\n<p data-start=\"891\" data-end=\"923\">\ud83c\udf88 <strong data-start=\"894\" data-end=\"921\">Kapazit\u00e4t je nach Gr\u00f6\u00dfe :<\/strong><\/p>\n<ul data-start=\"924\" data-end=\"1094\">\n<li data-start=\"924\" data-end=\"947\">\n<p data-start=\"926\" data-end=\"947\">30 Luftballons von 23 cm<\/p>\n<\/li>\n<li data-start=\"948\" data-end=\"971\">\n<p data-start=\"950\" data-end=\"971\">22 Ballons von 25 cm Gr\u00f6\u00dfe<\/p>\n<\/li>\n<li data-start=\"972\" data-end=\"998\">\n<p data-start=\"974\" data-end=\"998\">16 Ballons, 29-31 cm gro\u00df<\/p>\n<\/li>\n<li data-start=\"999\" data-end=\"1021\">\n<p data-start=\"1001\" data-end=\"1021\">8 Ballons von 40 cm Gr\u00f6\u00dfe<\/p>\n<\/li>\n<li data-start=\"1022\" data-end=\"1061\">\n<p data-start=\"1024\" data-end=\"1061\">1 Zahlen- oder Buchstabenballon, 80 cm gro\u00df<\/p>\n<\/li>\n<li data-start=\"1062\" data-end=\"1094\">\n<p data-start=\"1064\" data-end=\"1094\">8 Aluminiumballons, 43 cm<\/p>\n<\/li>\n<\/ul>\n<p data-start=\"1096\" data-end=\"1260\">\ud83d\udca1 <em data-start=\"1099\" data-end=\"1115\">Camaleo-Tipp<\/em>: Blasen Sie die Latexballons 1-3 Stunden vor der Veranstaltung auf, um die Haltbarkeit zu optimieren. Vermeiden Sie \u00fcberm\u00e4\u00dfige Hitze, um ein Platzen zu verhindern. <\/p>\n","protected":false},"excerpt":{"rendered":"<p>Einfach zu verwendende Einweg-Heliumflasche f\u00fcr ca. 30 Ballons.<\/p>\n","protected":false},"featured_media":39515,"comment_status":"open","ping_status":"closed","template":"","meta":[],"product_cat":[165,283,274,408,877,822],"product_tag":[],"class_list":{"0":"post-39509","1":"product","2":"type-product","3":"status-publish","4":"has-post-thumbnail","6":"product_brand-partydeco-de","7":"product_cat-ballone","8":"product_cat-ballons-buchstaben-und-zahlen","9":"product_cat-folienballons","10":"product_cat-latex-ballons","11":"product_cat-tag-der-vater","12":"product_cat-zubehor-luftballons","14":"first","15":"outofstock","16":"taxable","17":"shipping-taxable","18":"purchasable","19":"product-type-simple"},"_links":{"self":[{"href":"https:\/\/camaleoparty.ch\/de\/wp-json\/wp\/v2\/product\/39509","targetHints":{"allow":["GET"]}}],"collection":[{"href":"https:\/\/camaleoparty.ch\/de\/wp-json\/wp\/v2\/product"}],"about":[{"href":"https:\/\/camaleoparty.ch\/de\/wp-json\/wp\/v2\/types\/product"}],"replies":[{"embeddable":true,"href":"https:\/\/camaleoparty.ch\/de\/wp-json\/wp\/v2\/comments?post=39509"}],"wp:featuredmedia":[{"embeddable":true,"href":"https:\/\/camaleoparty.ch\/de\/wp-json\/wp\/v2\/media\/39515"}],"wp:attachment":[{"href":"https:\/\/camaleoparty.ch\/de\/wp-json\/wp\/v2\/media?parent=39509"}],"wp:term":[{"taxonomy":"product_cat","embeddable":true,"href":"https:\/\/camaleoparty.ch\/de\/wp-json\/wp\/v2\/product_cat?post=39509"},{"taxonomy":"product_tag","embeddable":true,"href":"https:\/\/camaleoparty.ch\/de\/wp-json\/wp\/v2\/product_tag?post=39509"}],"curies":[{"name":"wp","href":"https:\/\/api.w.org\/{rel}","templated":true}]}}