{"id":39501,"date":"2023-11-02T22:39:00","date_gmt":"2024-03-23T15:32:30","guid":{"rendered":"https:\/\/pikasworld.ch\/product\/5-taetowierte-luftballons-mini-bauernhof\/"},"modified":"2024-11-08T13:46:19","modified_gmt":"2024-11-08T12:46:19","slug":"5-taetowierte-luftballons-mini-bauernhof","status":"publish","type":"product","link":"https:\/\/camaleoparty.ch\/de\/produkt\/5-taetowierte-luftballons-mini-bauernhof\/","title":{"rendered":"5 t\u00e4towierte Luftballons &#8211; Mini-Bauernhof"},"content":{"rendered":"<p><span style=\"font-family: filson_softbook, Helvetica, Times, sans-serif;font-size: 16.332315px;font-style: normal;font-weight: 400;letter-spacing: normal;text-align: start;text-indent: 0px;text-transform: none;text-decoration: none;float: none\">Auf einem Bauernhof gibt es Schweine, K\u00fcken, Schafe und K\u00fche! K\u00fche machen Muh, Schafe machen Be\u00e9\u00e9\u00e9, K\u00fcken machen Piu-Piu&#8230; Kurzum, eine Menagerie wird lebendig!&nbsp;5 Luftballons f\u00fcr 4 Totem-Tiere:&nbsp;Schaf, Schwein, K\u00fcken und Kuh! 5 Ballons Bauernhoftiere, mit denen man das Gef\u00fchl hat,&nbsp;auf dem Land zu sein! Kombinieren Sie es mit dem Geschirr aus der Kollektion&nbsp;Bauernhoftiere f\u00fcr einen selbstbewussten Total-Look. Die Ballons&nbsp;Bauernhoftiere bestehen zu 100 % aus Latex, wurden in Paris entworfen und in Europa auf verantwortungsvolle Weise hergestellt.<\/span><\/p>\n","protected":false},"excerpt":{"rendered":"<p>Auf einem Bauernhof gibt es Schweine, K\u00fcken, Schafe und K\u00fche! K\u00fche machen Muh, Schafe machen Be\u00e9\u00e9\u00e9, K\u00fcken machen Piu-Piu&#8230; Kurzum, eine Menagerie wird lebendig!&nbsp;5 Luftballons f\u00fcr 4 Totem-Tiere:&nbsp;Schaf, Schwein, K\u00fcken und Kuh! 5 Ballons Bauernhoftiere, mit denen man das Gef\u00fchl hat,&nbsp;auf dem Land zu sein! Kombinieren Sie es mit dem Geschirr aus der Kollektion&nbsp;Bauernhoftiere f\u00fcr [&hellip;]<\/p>\n","protected":false},"featured_media":36006,"comment_status":"open","ping_status":"closed","template":"","meta":[],"product_cat":[1203,165,908,163,183,181],"product_tag":[],"class_list":{"0":"post-39501","1":"product","2":"type-product","3":"status-publish","4":"has-post-thumbnail","6":"product_brand-mylittleday-de","7":"product_cat-nutztiere","8":"product_cat-ballone","9":"product_cat-bedruckter-luftballons","10":"product_cat-dekoration","11":"product_cat-geburtstag","12":"product_cat-saisonal","14":"first","15":"instock","16":"featured","17":"taxable","18":"shipping-taxable","19":"purchasable","20":"product-type-simple"},"_links":{"self":[{"href":"https:\/\/camaleoparty.ch\/de\/wp-json\/wp\/v2\/product\/39501","targetHints":{"allow":["GET"]}}],"collection":[{"href":"https:\/\/camaleoparty.ch\/de\/wp-json\/wp\/v2\/product"}],"about":[{"href":"https:\/\/camaleoparty.ch\/de\/wp-json\/wp\/v2\/types\/product"}],"replies":[{"embeddable":true,"href":"https:\/\/camaleoparty.ch\/de\/wp-json\/wp\/v2\/comments?post=39501"}],"wp:featuredmedia":[{"embeddable":true,"href":"https:\/\/camaleoparty.ch\/de\/wp-json\/wp\/v2\/media\/36006"}],"wp:attachment":[{"href":"https:\/\/camaleoparty.ch\/de\/wp-json\/wp\/v2\/media?parent=39501"}],"wp:term":[{"taxonomy":"product_cat","embeddable":true,"href":"https:\/\/camaleoparty.ch\/de\/wp-json\/wp\/v2\/product_cat?post=39501"},{"taxonomy":"product_tag","embeddable":true,"href":"https:\/\/camaleoparty.ch\/de\/wp-json\/wp\/v2\/product_tag?post=39501"}],"curies":[{"name":"wp","href":"https:\/\/api.w.org\/{rel}","templated":true}]}}