{"id":39493,"date":"2023-11-25T18:50:00","date_gmt":"2024-03-23T15:08:01","guid":{"rendered":"https:\/\/pikasworld.ch\/product\/bannerdekoration-bauernhof\/"},"modified":"2024-11-08T13:44:20","modified_gmt":"2024-11-08T12:44:20","slug":"bannerdekoration-bauernhof","status":"publish","type":"product","link":"https:\/\/camaleoparty.ch\/de\/produkt\/bannerdekoration-bauernhof\/","title":{"rendered":"Bannerdekoration &#8211; Bauernhof"},"content":{"rendered":"<p><span style=\"font-family: futura-pt, sans-serif; font-size: 16px; font-style: normal; font-weight: 400; letter-spacing: 1px; text-align: left; text-indent: 0px; text-transform: none; text-decoration: none; vertical-align: inherit;\"><span style=\"vertical-align: inherit;\">Dieses Geburtstagsbanner ist ein Muss f\u00fcr Ihre Feiern. Es kommt mit einer auffallenden roten Schriftart &#8222;HAPPY BIRTHDAY&#8220; und niedlichen Tieren, um Ihre Party zu vervollst\u00e4ndigen. <\/span><\/span><\/p>\n<p><span style=\"font-family: futura-pt, sans-serif; font-size: 16px; font-style: normal; font-weight: 400; letter-spacing: 1px; text-align: left; text-indent: 0px; text-transform: none; text-decoration: none; vertical-align: inherit;\"><span style=\"vertical-align: inherit;\">Kombinieren Sie diese Banner mit den Geburtstagsdekorationen aus unserer neuen Farm Friends-Partykollektion &#8211; perfekt f\u00fcr Kinder, die alles rund um den Bauernhof lieben! <\/span><span style=\"vertical-align: inherit;\">Es zeigt helle und farbenfrohe Motive mit niedlichen Bauernhoftieren und einer beeindruckenden Kulisse; <\/span><\/span><br \/>\n<span style=\"font-family: futura-pt, sans-serif; font-size: 16px; font-style: normal; font-weight: 400; letter-spacing: 1px; text-align: left; text-indent: 0px; text-transform: none; text-decoration: none; vertical-align: inherit;\"><span style=\"vertical-align: inherit;\">Jede Packung enth\u00e4lt 1 x Geburtstagsbanner, das 2 m lang ist und aus 2 Str\u00e4ngen mit 4 m Jutegarn besteht;<\/span><\/span><\/p>\n","protected":false},"excerpt":{"rendered":"<p><span style=\"font-family: futura-pt, sans-serif; font-size: 16px; font-style: normal; font-weight: 400; letter-spacing: 1px; text-align: start; text-indent: 0px; text-transform: none; text-decoration: none; vertical-align: inherit;\">Zeigen Sie dieses h\u00fcbsche Geburtstagsbanner auf Ihrer Party mit dem Thema Bauernhof.<span class=\"Apple-converted-space\"> <\/span><\/span><span style=\"font-family: futura-pt, sans-serif; font-size: 16px; font-style: normal; font-weight: 400; letter-spacing: 1px; text-align: start; text-indent: 0px; text-transform: none; text-decoration: none; vertical-align: inherit;\">Jedes Paket enth\u00e4lt 1 x Geburtstagsbanner mit einer L\u00e4nge von 2 m, 2 Str\u00e4nge und 4 m Juteschnur;<\/span><\/p>\n","protected":false},"featured_media":36885,"comment_status":"open","ping_status":"closed","template":"","meta":[],"product_cat":[1203,1286,183,181],"product_tag":[],"class_list":{"0":"post-39493","1":"product","2":"type-product","3":"status-publish","4":"has-post-thumbnail","6":"product_brand-gingerray-de","7":"product_cat-nutztiere","8":"product_cat-banner-und-wimpel","9":"product_cat-geburtstag","10":"product_cat-saisonal","12":"first","13":"instock","14":"featured","15":"taxable","16":"shipping-taxable","17":"purchasable","18":"product-type-simple"},"_links":{"self":[{"href":"https:\/\/camaleoparty.ch\/de\/wp-json\/wp\/v2\/product\/39493","targetHints":{"allow":["GET"]}}],"collection":[{"href":"https:\/\/camaleoparty.ch\/de\/wp-json\/wp\/v2\/product"}],"about":[{"href":"https:\/\/camaleoparty.ch\/de\/wp-json\/wp\/v2\/types\/product"}],"replies":[{"embeddable":true,"href":"https:\/\/camaleoparty.ch\/de\/wp-json\/wp\/v2\/comments?post=39493"}],"wp:featuredmedia":[{"embeddable":true,"href":"https:\/\/camaleoparty.ch\/de\/wp-json\/wp\/v2\/media\/36885"}],"wp:attachment":[{"href":"https:\/\/camaleoparty.ch\/de\/wp-json\/wp\/v2\/media?parent=39493"}],"wp:term":[{"taxonomy":"product_cat","embeddable":true,"href":"https:\/\/camaleoparty.ch\/de\/wp-json\/wp\/v2\/product_cat?post=39493"},{"taxonomy":"product_tag","embeddable":true,"href":"https:\/\/camaleoparty.ch\/de\/wp-json\/wp\/v2\/product_tag?post=39493"}],"curies":[{"name":"wp","href":"https:\/\/api.w.org\/{rel}","templated":true}]}}