{"id":39472,"date":"2023-10-08T09:07:00","date_gmt":"2023-10-08T08:07:00","guid":{"rendered":"https:\/\/pikasworld.ch\/product\/pinata-katze\/"},"modified":"2024-11-08T13:50:45","modified_gmt":"2024-11-08T12:50:45","slug":"pinata-katze","status":"publish","type":"product","link":"https:\/\/camaleoparty.ch\/de\/produkt\/pinata-katze\/","title":{"rendered":"Pinata Katze"},"content":{"rendered":"<p><span>Rosafarbene Pi\u00f1ata in Form einer Katze, die mit Geschenken gef\u00fcllt werden kann, Ma\u00dfe ca. 35 x 27 x 9 cm.<\/span><\/p>\n","protected":false},"excerpt":{"rendered":"<p>Rosafarbene Pi\u00f1ata in Form einer Katze, die mit Geschenken gef\u00fcllt werden kann, Ma\u00dfe ca. 35 x 27 x 9 cm.<\/p>\n","protected":false},"featured_media":35579,"comment_status":"open","ping_status":"closed","template":"","meta":[],"product_cat":[742,179,1200,1204],"product_tag":[],"class_list":{"0":"post-39472","1":"product","2":"type-product","3":"status-publish","4":"has-post-thumbnail","6":"product_brand-partydeco-de","7":"product_cat-katze","8":"product_cat-pinatas-de-2","9":"product_cat-pinatas-de","10":"product_cat-rosa","11":"pa_couleur-rose","13":"first","14":"outofstock","15":"sale","16":"taxable","17":"shipping-taxable","18":"purchasable","19":"product-type-simple"},"_links":{"self":[{"href":"https:\/\/camaleoparty.ch\/de\/wp-json\/wp\/v2\/product\/39472","targetHints":{"allow":["GET"]}}],"collection":[{"href":"https:\/\/camaleoparty.ch\/de\/wp-json\/wp\/v2\/product"}],"about":[{"href":"https:\/\/camaleoparty.ch\/de\/wp-json\/wp\/v2\/types\/product"}],"replies":[{"embeddable":true,"href":"https:\/\/camaleoparty.ch\/de\/wp-json\/wp\/v2\/comments?post=39472"}],"wp:featuredmedia":[{"embeddable":true,"href":"https:\/\/camaleoparty.ch\/de\/wp-json\/wp\/v2\/media\/35579"}],"wp:attachment":[{"href":"https:\/\/camaleoparty.ch\/de\/wp-json\/wp\/v2\/media?parent=39472"}],"wp:term":[{"taxonomy":"product_cat","embeddable":true,"href":"https:\/\/camaleoparty.ch\/de\/wp-json\/wp\/v2\/product_cat?post=39472"},{"taxonomy":"product_tag","embeddable":true,"href":"https:\/\/camaleoparty.ch\/de\/wp-json\/wp\/v2\/product_tag?post=39472"}],"curies":[{"name":"wp","href":"https:\/\/api.w.org\/{rel}","templated":true}]}}