{"id":39462,"date":"2023-12-18T09:35:00","date_gmt":"2024-03-23T14:17:21","guid":{"rendered":"https:\/\/pikasworld.ch\/product\/8-teller-farm\/"},"modified":"2024-11-08T13:42:27","modified_gmt":"2024-11-08T12:42:27","slug":"8-teller-farm","status":"publish","type":"product","link":"https:\/\/camaleoparty.ch\/de\/produkt\/8-teller-farm\/","title":{"rendered":"8 Teller -Farm"},"content":{"rendered":"<p><span style=\"font-family: futura-pt, sans-serif; font-size: 16px; font-style: normal; font-weight: 400; letter-spacing: 1px; text-align: left; text-indent: 0px; text-transform: none; text-decoration: none; vertical-align: inherit;\"><span style=\"vertical-align: inherit;\">Erheben Sie Ihre Party mit diesen niedlichen Papptellern zum Thema Bauernhof.<\/span><\/span><\/p>\n<p><span style=\"font-family: futura-pt, sans-serif; font-size: 16px; font-style: normal; font-weight: 400; letter-spacing: 1px; text-align: left; text-indent: 0px; text-transform: none; text-decoration: none; vertical-align: inherit;\"><span style=\"vertical-align: inherit;\">Sowohl umweltfreundlich als auch wundersch\u00f6n illustriert, werden Ihre G\u00e4ste diesem Geschirr nicht widerstehen k\u00f6nnen. <\/span><\/span><\/p>\n<p><span style=\"font-family: futura-pt, sans-serif; font-size: 16px; font-style: normal; font-weight: 400; letter-spacing: 1px; text-align: left; text-indent: 0px; text-transform: none; text-decoration: none; vertical-align: inherit;\"><span style=\"vertical-align: inherit;\">Kombinieren Sie diese Teller mit dem Partygeschirr aus unserer neuen Farm Friends-Partykollektion &#8211; perfekt f\u00fcr Kinder, die alles rund um den Bauernhof lieben! Es zeigt helle und farbenfrohe Motive mit niedlichen Bauernhoftieren und einer beeindruckenden Kulisse.<\/span><\/span><br \/>\n<span style=\"font-family: futura-pt, sans-serif; font-size: 16px; font-style: normal; font-weight: 400; letter-spacing: 1px; text-align: left; text-indent: 0px; text-transform: none; text-decoration: none; vertical-align: inherit;\"><span style=\"vertical-align: inherit;\">Jede Packung enth\u00e4lt 8 Partyteller, die einen Durchmesser von 25 cm messen. <\/span><\/span><\/p>\n","protected":false},"excerpt":{"rendered":"<p>Erheben Sie Ihre Party mit diesen niedlichen Papptellern zum Thema Bauernhof. Sowohl umweltfreundlich als auch wundersch\u00f6n illustriert, werden Ihre G\u00e4ste diesem Geschirr nicht widerstehen k\u00f6nnen. Kombinieren Sie diese Teller mit dem Partygeschirr aus unserer neuen Farm Friends-Partykollektion &#8211; perfekt f\u00fcr Kinder, die alles rund um den Bauernhof lieben! Es zeigt helle und farbenfrohe Motive mit [&hellip;]<\/p>\n","protected":false},"featured_media":37569,"comment_status":"open","ping_status":"closed","template":"","meta":[],"product_cat":[183,1203,181,149,147],"product_tag":[],"class_list":{"0":"post-39462","1":"product","2":"type-product","3":"status-publish","4":"has-post-thumbnail","6":"product_brand-gingerray-de","7":"product_cat-geburtstag","8":"product_cat-nutztiere","9":"product_cat-saisonal","10":"product_cat-teller","11":"product_cat-verjaardags-en-feesttafelversieringen","13":"first","14":"instock","15":"featured","16":"taxable","17":"shipping-taxable","18":"purchasable","19":"product-type-simple"},"_links":{"self":[{"href":"https:\/\/camaleoparty.ch\/de\/wp-json\/wp\/v2\/product\/39462","targetHints":{"allow":["GET"]}}],"collection":[{"href":"https:\/\/camaleoparty.ch\/de\/wp-json\/wp\/v2\/product"}],"about":[{"href":"https:\/\/camaleoparty.ch\/de\/wp-json\/wp\/v2\/types\/product"}],"replies":[{"embeddable":true,"href":"https:\/\/camaleoparty.ch\/de\/wp-json\/wp\/v2\/comments?post=39462"}],"wp:featuredmedia":[{"embeddable":true,"href":"https:\/\/camaleoparty.ch\/de\/wp-json\/wp\/v2\/media\/37569"}],"wp:attachment":[{"href":"https:\/\/camaleoparty.ch\/de\/wp-json\/wp\/v2\/media?parent=39462"}],"wp:term":[{"taxonomy":"product_cat","embeddable":true,"href":"https:\/\/camaleoparty.ch\/de\/wp-json\/wp\/v2\/product_cat?post=39462"},{"taxonomy":"product_tag","embeddable":true,"href":"https:\/\/camaleoparty.ch\/de\/wp-json\/wp\/v2\/product_tag?post=39462"}],"curies":[{"name":"wp","href":"https:\/\/api.w.org\/{rel}","templated":true}]}}