{"id":39333,"date":"2024-03-17T11:52:00","date_gmt":"2024-03-17T14:40:08","guid":{"rendered":"https:\/\/pikasworld.ch\/product\/mylar-ballon-pinguin\/"},"modified":"2024-11-08T13:34:47","modified_gmt":"2024-11-08T12:34:47","slug":"mylar-ballon-pinguin","status":"publish","type":"product","link":"https:\/\/camaleoparty.ch\/de\/produkt\/mylar-ballon-pinguin\/","title":{"rendered":"Ballon Mylar &#8211; Pinguin"},"content":{"rendered":"<p>\u2744\ufe0f Ein kleiner Pinguin aus Mylar-Ballon, der mit seinem rot-wei\u00dfen Schal f\u00fcr den Winter gut gekleidet ist! \u2744\ufe0f<\/p>\n<p>Verleihen Sie Ihrer Weihnachtsfeier einen frischen und originellen Touch mit diesem charmanten Pinguinballon. Perfekt, um Ihre Dekoration aufzupeppen und all Ihren G\u00e4sten ein L\u00e4cheln ins Gesicht zu zaubern!<\/p>\n<p>? Eigenschaften :<\/p>\n<ul>\n<li>Form: Pinguin<\/li>\n<li>Accessoires: Rot-wei\u00dfer Schal<\/li>\n<li>Material: Mylar<\/li>\n<\/ul>\n<p>Dieser niedliche Ballon ist das perfekte Element f\u00fcr eine Weihnachtsdekoration oder eine Winterparty und wird Gro\u00df und Klein in seinen Bann ziehen. Verwenden Sie es allein oder in Kombination mit anderen Dekorationen, um eine festliche und warme Atmosph\u00e4re zu schaffen!<\/p>\n<p>Holen Sie sich mit diesem niedlichen Pinguin aus Mylar-Ballon den Zauber des Winters in Ihr Zuhause. Es wird der perfekte Begleiter f\u00fcr Ihre Feiern und eine sch\u00f6ne Erg\u00e4nzung zu Ihrer festlichen Dekoration sein!<\/p>\n","protected":false},"excerpt":{"rendered":"<p>Holen Sie sich mit diesem niedlichen Pinguin aus Mylar-Ballon den Zauber des Winters in Ihr Zuhause. Es wird der perfekte Begleiter f\u00fcr Ihre Feiern und eine sch\u00f6ne Erg\u00e4nzung zu Ihrer festlichen Dekoration sein!<\/p>\n","protected":false},"featured_media":39307,"comment_status":"open","ping_status":"closed","template":"","meta":[],"product_cat":[912,163,274,555,193],"product_tag":[],"class_list":{"0":"post-39333","1":"product","2":"type-product","3":"status-publish","4":"has-post-thumbnail","6":"product_cat-weihnachtsdekoration","7":"product_cat-dekoration","8":"product_cat-folienballons","9":"product_cat-sale-de-2","10":"product_cat-weihnachten","12":"first","13":"instock","14":"taxable","15":"shipping-taxable","16":"purchasable","17":"product-type-simple"},"_links":{"self":[{"href":"https:\/\/camaleoparty.ch\/de\/wp-json\/wp\/v2\/product\/39333","targetHints":{"allow":["GET"]}}],"collection":[{"href":"https:\/\/camaleoparty.ch\/de\/wp-json\/wp\/v2\/product"}],"about":[{"href":"https:\/\/camaleoparty.ch\/de\/wp-json\/wp\/v2\/types\/product"}],"replies":[{"embeddable":true,"href":"https:\/\/camaleoparty.ch\/de\/wp-json\/wp\/v2\/comments?post=39333"}],"wp:featuredmedia":[{"embeddable":true,"href":"https:\/\/camaleoparty.ch\/de\/wp-json\/wp\/v2\/media\/39307"}],"wp:attachment":[{"href":"https:\/\/camaleoparty.ch\/de\/wp-json\/wp\/v2\/media?parent=39333"}],"wp:term":[{"taxonomy":"product_cat","embeddable":true,"href":"https:\/\/camaleoparty.ch\/de\/wp-json\/wp\/v2\/product_cat?post=39333"},{"taxonomy":"product_tag","embeddable":true,"href":"https:\/\/camaleoparty.ch\/de\/wp-json\/wp\/v2\/product_tag?post=39333"}],"curies":[{"name":"wp","href":"https:\/\/api.w.org\/{rel}","templated":true}]}}