{"id":39331,"date":"2024-03-17T12:04:28","date_gmt":"2024-03-17T14:40:04","guid":{"rendered":"https:\/\/pikasworld.ch\/product\/mylar-ballon-cactus\/"},"modified":"2024-11-08T13:34:44","modified_gmt":"2024-11-08T12:34:44","slug":"mylar-ballon-cactus","status":"publish","type":"product","link":"https:\/\/camaleoparty.ch\/de\/produkt\/mylar-ballon-cactus\/","title":{"rendered":"Mylar-Ballon &#8222;Cactus"},"content":{"rendered":"<p><span>Glitzernder Mylar-Ballon in Kaktusform, Farbmischung , vorgeblasene Gr\u00f6\u00dfe ca. 88&#215;94 cm (35&#8220;x37&#8220;), aufgeblasene Gr\u00f6\u00dfe ca. 62&#215;84 cm (24&#8220;x33&#8220;). Zum Aufblasen mit Luft oder Helium.<\/span><\/p>\n","protected":false},"excerpt":{"rendered":"<p>Glitzernder Mylar-Ballon in Kaktusform, Farbmischung , vorgeblasene Gr\u00f6\u00dfe ca. 88&#215;94 cm (35&#8220;x37&#8220;), aufgeblasene Gr\u00f6\u00dfe ca. 62&#215;84 cm (24&#8220;x33&#8220;). Zum Aufblasen mit Luft oder Helium.<\/p>\n","protected":false},"featured_media":39310,"comment_status":"open","ping_status":"closed","template":"","meta":[],"product_cat":[163,274],"product_tag":[],"class_list":{"0":"post-39331","1":"product","2":"type-product","3":"status-publish","4":"has-post-thumbnail","6":"product_cat-dekoration","7":"product_cat-folienballons","9":"first","10":"instock","11":"taxable","12":"shipping-taxable","13":"purchasable","14":"product-type-simple"},"_links":{"self":[{"href":"https:\/\/camaleoparty.ch\/de\/wp-json\/wp\/v2\/product\/39331","targetHints":{"allow":["GET"]}}],"collection":[{"href":"https:\/\/camaleoparty.ch\/de\/wp-json\/wp\/v2\/product"}],"about":[{"href":"https:\/\/camaleoparty.ch\/de\/wp-json\/wp\/v2\/types\/product"}],"replies":[{"embeddable":true,"href":"https:\/\/camaleoparty.ch\/de\/wp-json\/wp\/v2\/comments?post=39331"}],"wp:featuredmedia":[{"embeddable":true,"href":"https:\/\/camaleoparty.ch\/de\/wp-json\/wp\/v2\/media\/39310"}],"wp:attachment":[{"href":"https:\/\/camaleoparty.ch\/de\/wp-json\/wp\/v2\/media?parent=39331"}],"wp:term":[{"taxonomy":"product_cat","embeddable":true,"href":"https:\/\/camaleoparty.ch\/de\/wp-json\/wp\/v2\/product_cat?post=39331"},{"taxonomy":"product_tag","embeddable":true,"href":"https:\/\/camaleoparty.ch\/de\/wp-json\/wp\/v2\/product_tag?post=39331"}],"curies":[{"name":"wp","href":"https:\/\/api.w.org\/{rel}","templated":true}]}}