{"id":39329,"date":"2024-03-17T12:12:22","date_gmt":"2024-03-17T14:40:00","guid":{"rendered":"https:\/\/pikasworld.ch\/product\/mylar-ballon-mr-und-mrs-rosegold\/"},"modified":"2024-11-08T13:34:41","modified_gmt":"2024-11-08T12:34:41","slug":"mylar-ballon-mr-und-mrs-rosegold","status":"publish","type":"product","link":"https:\/\/camaleoparty.ch\/de\/produkt\/mylar-ballon-mr-und-mrs-rosegold\/","title":{"rendered":"Mylar-Ballon Mr. und Mrs., Ros\u00e9gold"},"content":{"rendered":"<p><span>Metallisierter Mylarballon Mr Mrs in der Farbe Ros\u00e9gold. Das Set enth\u00e4lt einen Papierballon Mr &#8211; Gr\u00f6\u00dfe ca. 62,5 x 31,5 cm (25 x 12,5&#8220;), einen Papierballon Mrs &#8211; Gr\u00f6\u00dfe ca. 69 x 32,5 cm (27 x 13&#8220;) und einen Papierballon Herz &#8211; Durchmesser ca. 25 cm (10&#8220;).<\/span><\/p>\n","protected":false},"excerpt":{"rendered":"<p>Metallisierter Mylarballon Mr Mrs in der Farbe Ros\u00e9gold. Das Set enth\u00e4lt einen Papierballon Mr &#8211; Gr\u00f6\u00dfe ca. 62,5 x 31,5 cm (25 x 12,5&#8220;), einen Papierballon Mrs &#8211; Gr\u00f6\u00dfe ca. 69 x 32,5 cm (27 x 13&#8220;) und einen Papierballon Herz &#8211; Durchmesser ca. 25 cm (10&#8220;).<\/p>\n","protected":false},"featured_media":39314,"comment_status":"open","ping_status":"closed","template":"","meta":[],"product_cat":[283,163,274,191],"product_tag":[],"class_list":{"0":"post-39329","1":"product","2":"type-product","3":"status-publish","4":"has-post-thumbnail","6":"product_cat-ballons-buchstaben-und-zahlen","7":"product_cat-dekoration","8":"product_cat-folienballons","9":"product_cat-hochzeit","11":"first","12":"instock","13":"taxable","14":"shipping-taxable","15":"purchasable","16":"product-type-simple"},"_links":{"self":[{"href":"https:\/\/camaleoparty.ch\/de\/wp-json\/wp\/v2\/product\/39329","targetHints":{"allow":["GET"]}}],"collection":[{"href":"https:\/\/camaleoparty.ch\/de\/wp-json\/wp\/v2\/product"}],"about":[{"href":"https:\/\/camaleoparty.ch\/de\/wp-json\/wp\/v2\/types\/product"}],"replies":[{"embeddable":true,"href":"https:\/\/camaleoparty.ch\/de\/wp-json\/wp\/v2\/comments?post=39329"}],"wp:featuredmedia":[{"embeddable":true,"href":"https:\/\/camaleoparty.ch\/de\/wp-json\/wp\/v2\/media\/39314"}],"wp:attachment":[{"href":"https:\/\/camaleoparty.ch\/de\/wp-json\/wp\/v2\/media?parent=39329"}],"wp:term":[{"taxonomy":"product_cat","embeddable":true,"href":"https:\/\/camaleoparty.ch\/de\/wp-json\/wp\/v2\/product_cat?post=39329"},{"taxonomy":"product_tag","embeddable":true,"href":"https:\/\/camaleoparty.ch\/de\/wp-json\/wp\/v2\/product_tag?post=39329"}],"curies":[{"name":"wp","href":"https:\/\/api.w.org\/{rel}","templated":true}]}}