{"id":39070,"date":"2023-12-13T03:27:12","date_gmt":"2024-03-07T17:48:51","guid":{"rendered":"https:\/\/pikasworld.ch\/product\/hortensienbluetendekoration\/"},"modified":"2024-11-08T13:42:52","modified_gmt":"2024-11-08T12:42:52","slug":"hortensienbluetendekoration","status":"publish","type":"product","link":"https:\/\/camaleoparty.ch\/de\/produkt\/hortensienbluetendekoration\/","title":{"rendered":"Hortensienbl\u00fctendekoration"},"content":{"rendered":"<p><font style=\"font-family: futura-pt, sans-serif;font-size: 16px;font-style: normal;font-weight: 400;letter-spacing: 1px;text-align: left;text-indent: 0px;text-transform: none;text-decoration: none;vertical-align: inherit\"><font style=\"vertical-align: inherit\">Werten Sie die Dekoration Ihrer Hochzeit mit dieser h\u00fcbschen Dekoration aus k\u00fcnstlichen Hortensien auf.  <\/font><\/font><\/p>\n<p><font style=\"font-family: futura-pt, sans-serif;font-size: 16px;font-style: normal;font-weight: 400;letter-spacing: 1px;text-align: left;text-indent: 0px;text-transform: none;text-decoration: none;vertical-align: inherit\"><font style=\"vertical-align: inherit\">Diese Hochzeitsdekoration kann in einer wundersch\u00f6nen Vase rund um Ihre Trauung und Ihren Empfang ausgestellt werden, um Ihre G\u00e4ste zu erfreuen.  <\/font><font style=\"vertical-align: inherit\">Oder f\u00fcgen Sie diese Kunstblumen zu den Ballonb\u00f6gen hinzu, um Ihre Partydekoration wirklich aufzuwerten.  <\/font><\/font><\/p>\n<p><font style=\"font-family: futura-pt, sans-serif;font-size: 16px;font-style: normal;font-weight: 400;letter-spacing: 1px;text-align: left;text-indent: 0px;text-transform: none;text-decoration: none;vertical-align: inherit\"><font style=\"vertical-align: inherit\">Jede Packung enth\u00e4lt :  <\/font><\/font><br \/>\n<font style=\"font-family: futura-pt, sans-serif;font-size: 16px;font-style: normal;font-weight: 400;letter-spacing: 1px;text-align: left;text-indent: 0px;text-transform: none;text-decoration: none;vertical-align: inherit\"><font style=\"vertical-align: inherit\">3 x Dekorationen aus falschen Hortensienst\u00e4ngeln.  <\/font><\/font><\/p>\n<p><font style=\"font-family: futura-pt, sans-serif;font-size: 16px;font-style: normal;font-weight: 400;letter-spacing: 1px;text-align: left;text-indent: 0px;text-transform: none;text-decoration: none;vertical-align: inherit\"><font style=\"vertical-align: inherit\">Die Verpackung ist recycelbar und FSC-zertifiziert.<\/font><\/font><\/p>\n","protected":false},"excerpt":{"rendered":"<p><font style=\"font-family: futura-pt, sans-serif;font-size: 16px;font-style: normal;font-weight: 400;letter-spacing: 1px;text-align: start;text-indent: 0px;text-transform: none;text-decoration: none;vertical-align: inherit\">Es kommt auf die kleinen Details an: Diese h\u00fcbsche Blumendekoration aus k\u00fcnstlichen Hortensienst\u00e4ngeln wertet jedes Dekor auf, von der Hochzeitsdekoration bis hin zu Ihrem Zuhause.<span class=\"Apple-converted-space\">&nbsp;<\/span><\/font><font style=\"font-family: futura-pt, sans-serif;font-size: 16px;font-style: normal;font-weight: 400;letter-spacing: 1px;text-align: start;text-indent: 0px;text-transform: none;text-decoration: none;vertical-align: inherit\">Diese Blumendekoration enth\u00e4lt 3 k\u00fcnstliche Hortensienst\u00e4ngel.<\/font><\/p>\n","protected":false},"featured_media":37436,"comment_status":"open","ping_status":"closed","template":"","meta":[],"product_cat":[185,708,163,155,399,554,183,385,372,191,138,553,195,181,147],"product_tag":[],"class_list":{"0":"post-39070","1":"product","2":"type-product","3":"status-publish","4":"has-post-thumbnail","6":"product_cat-baby-shower-de","7":"product_cat-blumen","8":"product_cat-dekoration","9":"product_cat-diverses","10":"product_cat-federn","11":"product_cat-fruhling","12":"product_cat-geburtstag","13":"product_cat-gender-reveal-party-de","14":"product_cat-haus","15":"product_cat-hochzeit","16":"product_cat-kit-diy-de","17":"product_cat-muttertag","18":"product_cat-ostern","19":"product_cat-saisonal","20":"product_cat-verjaardags-en-feesttafelversieringen","22":"first","23":"instock","24":"taxable","25":"shipping-taxable","26":"purchasable","27":"product-type-simple"},"_links":{"self":[{"href":"https:\/\/camaleoparty.ch\/de\/wp-json\/wp\/v2\/product\/39070","targetHints":{"allow":["GET"]}}],"collection":[{"href":"https:\/\/camaleoparty.ch\/de\/wp-json\/wp\/v2\/product"}],"about":[{"href":"https:\/\/camaleoparty.ch\/de\/wp-json\/wp\/v2\/types\/product"}],"replies":[{"embeddable":true,"href":"https:\/\/camaleoparty.ch\/de\/wp-json\/wp\/v2\/comments?post=39070"}],"wp:featuredmedia":[{"embeddable":true,"href":"https:\/\/camaleoparty.ch\/de\/wp-json\/wp\/v2\/media\/37436"}],"wp:attachment":[{"href":"https:\/\/camaleoparty.ch\/de\/wp-json\/wp\/v2\/media?parent=39070"}],"wp:term":[{"taxonomy":"product_cat","embeddable":true,"href":"https:\/\/camaleoparty.ch\/de\/wp-json\/wp\/v2\/product_cat?post=39070"},{"taxonomy":"product_tag","embeddable":true,"href":"https:\/\/camaleoparty.ch\/de\/wp-json\/wp\/v2\/product_tag?post=39070"}],"curies":[{"name":"wp","href":"https:\/\/api.w.org\/{rel}","templated":true}]}}