{"id":39069,"date":"2025-09-18T19:29:00","date_gmt":"2025-09-18T18:29:00","guid":{"rendered":"https:\/\/pikasworld.ch\/product\/mylar-ballon-kaninchen\/"},"modified":"2024-11-08T14:25:15","modified_gmt":"2024-11-08T13:25:15","slug":"mylar-ballon-kaninchen","status":"publish","type":"product","link":"https:\/\/camaleoparty.ch\/de\/produkt\/mylar-ballon-kaninchen\/","title":{"rendered":"Mylar-Ballon Kaninchen"},"content":{"rendered":"<p>Mylar-Ballon Hase, in gemischten Farben, Gr\u00f6\u00dfe vor dem Aufblasen ca. 65 x 55 cm (26&#8220; x 22&#8220;), Gr\u00f6\u00dfe nach dem Aufblasen ca. 50 x 45 cm (20&#8220; x 18&#8220;). Mit Luft oder Helium aufzublasen.<\/p>\n","protected":false},"excerpt":{"rendered":"<p>Mylar-Ballon Hase, in gemischten Farben, Gr\u00f6\u00dfe vor dem Aufblasen ca. 65 x 55 cm (26&#8220; x 22&#8220;), Gr\u00f6\u00dfe nach dem Aufblasen ca. 50 x 45 cm (20&#8220; x 18&#8220;). Mit Luft oder Helium aufzublasen.<\/p>\n","protected":false},"featured_media":35107,"comment_status":"open","ping_status":"closed","template":"","meta":[],"product_cat":[185,274,195,598],"product_tag":[],"class_list":{"0":"post-39069","1":"product","2":"type-product","3":"status-publish","4":"has-post-thumbnail","6":"product_brand-partydeco-de","7":"product_cat-baby-shower-de","8":"product_cat-folienballons","9":"product_cat-ostern","10":"product_cat-waldgebiet","12":"first","13":"instock","14":"taxable","15":"shipping-taxable","16":"purchasable","17":"product-type-simple"},"_links":{"self":[{"href":"https:\/\/camaleoparty.ch\/de\/wp-json\/wp\/v2\/product\/39069","targetHints":{"allow":["GET"]}}],"collection":[{"href":"https:\/\/camaleoparty.ch\/de\/wp-json\/wp\/v2\/product"}],"about":[{"href":"https:\/\/camaleoparty.ch\/de\/wp-json\/wp\/v2\/types\/product"}],"replies":[{"embeddable":true,"href":"https:\/\/camaleoparty.ch\/de\/wp-json\/wp\/v2\/comments?post=39069"}],"wp:featuredmedia":[{"embeddable":true,"href":"https:\/\/camaleoparty.ch\/de\/wp-json\/wp\/v2\/media\/35107"}],"wp:attachment":[{"href":"https:\/\/camaleoparty.ch\/de\/wp-json\/wp\/v2\/media?parent=39069"}],"wp:term":[{"taxonomy":"product_cat","embeddable":true,"href":"https:\/\/camaleoparty.ch\/de\/wp-json\/wp\/v2\/product_cat?post=39069"},{"taxonomy":"product_tag","embeddable":true,"href":"https:\/\/camaleoparty.ch\/de\/wp-json\/wp\/v2\/product_tag?post=39069"}],"curies":[{"name":"wp","href":"https:\/\/api.w.org\/{rel}","templated":true}]}}