{"id":39063,"date":"2023-12-03T04:00:45","date_gmt":"2024-03-07T17:32:41","guid":{"rendered":"https:\/\/pikasworld.ch\/product\/kirschbluetengirlande\/"},"modified":"2024-11-08T13:43:46","modified_gmt":"2024-11-08T12:43:46","slug":"kirschbluetengirlande","status":"publish","type":"product","link":"https:\/\/camaleoparty.ch\/de\/produkt\/kirschbluetengirlande\/","title":{"rendered":"Kirschbl\u00fctengirlande"},"content":{"rendered":"<p style=\"margin: 0px;padding: 0px;border: 0px;font-size: 16px;font-family: futura-pt, sans-serif;font-weight: 400;vertical-align: initial;text-transform: none;border-radius: 0px;font-style: normal;letter-spacing: 1px;text-align: left;text-indent: 0px;text-decoration: none\"><font style=\"vertical-align: inherit\"><font style=\"vertical-align: inherit\">Weben Sie diese zarte Kirschbl\u00fctengirlande \u00fcber Ihren Tisch, um Ihre Dekorationen zusammenzubinden &#8211; diese k\u00fcnstliche Girlande bringt mit Sicherheit einen Hauch von Fr\u00fchling in Ihr Zuhause!<\/font><\/font><\/p>\n<p><span style=\"font-family: futura-pt, sans-serif;font-size: 16px;font-style: normal;font-weight: 400;letter-spacing: 1px;text-align: left;text-indent: 0px;text-transform: none;text-decoration: none;float: none\"> <\/span><\/p>\n<p style=\"margin: 0px;padding: 0px;border: 0px;font-size: 16px;font-family: futura-pt, sans-serif;font-weight: 400;vertical-align: initial;text-transform: none;border-radius: 0px;font-style: normal;letter-spacing: 1px;text-align: left;text-indent: 0px;text-decoration: none\"><font style=\"vertical-align: inherit\"><font style=\"vertical-align: inherit\">Schaffen Sie die perfekte Dekoration, indem Sie diese k\u00fcnstliche Girlande auf Ihren Tisch legen oder \u00fcber Ihren Kamin h\u00e4ngen, sogar um die Treppe herum, um ein perfektes Setup zu erhalten.<\/font><\/font><\/p>\n<p><span style=\"font-family: futura-pt, sans-serif;font-size: 16px;font-style: normal;font-weight: 400;letter-spacing: 1px;text-align: left;text-indent: 0px;text-transform: none;text-decoration: none;float: none\"> <\/span><\/p>\n<p style=\"margin: 0px;padding: 0px;border: 0px;font-size: 16px;font-family: futura-pt, sans-serif;font-weight: 400;vertical-align: initial;text-transform: none;border-radius: 0px;font-style: normal;letter-spacing: 1px;text-align: left;text-indent: 0px;text-decoration: none\"><font style=\"vertical-align: inherit\"><font style=\"vertical-align: inherit\">Die Girlande ist 1,8 m lang.<\/font><\/font><\/p>\n","protected":false},"excerpt":{"rendered":"<p><font style=\"font-family: futura-pt, sans-serif;font-size: 16px;font-style: normal;font-weight: 400;letter-spacing: 1px;text-align: start;text-indent: 0px;text-transform: none;text-decoration: none;vertical-align: inherit\">Weben Sie diese zarte Kirschbl\u00fctengirlande \u00fcber Ihren Tisch, um Ihre Dekorationen zu verknoten und Ihrem Anlass einen floralen Touch zu verleihen.<span class=\"Apple-converted-space\">&nbsp;<\/span><\/font><font style=\"font-family: futura-pt, sans-serif;font-size: 16px;font-style: normal;font-weight: 400;letter-spacing: 1px;text-align: start;text-indent: 0px;text-transform: none;text-decoration: none;vertical-align: inherit\">Diese rosafarbene Blumengirlande ist 1,8 m lang.<\/font><\/p>\n","protected":false},"featured_media":37135,"comment_status":"open","ping_status":"closed","template":"","meta":[],"product_cat":[185,708,163,399,554,183,175,391,191,553,195,591,181,147],"product_tag":[],"class_list":{"0":"post-39063","1":"product","2":"type-product","3":"status-publish","4":"has-post-thumbnail","6":"product_brand-gingerray-de","7":"product_cat-baby-shower-de","8":"product_cat-blumen","9":"product_cat-dekoration","10":"product_cat-federn","11":"product_cat-fruhling","12":"product_cat-geburtstag","13":"product_cat-girlanden","14":"product_cat-hen-party-polter-abend","15":"product_cat-hochzeit","16":"product_cat-muttertag","17":"product_cat-ostern","18":"product_cat-prinzessin-de","19":"product_cat-saisonal","20":"product_cat-verjaardags-en-feesttafelversieringen","22":"first","23":"instock","24":"taxable","25":"shipping-taxable","26":"purchasable","27":"product-type-simple"},"_links":{"self":[{"href":"https:\/\/camaleoparty.ch\/de\/wp-json\/wp\/v2\/product\/39063","targetHints":{"allow":["GET"]}}],"collection":[{"href":"https:\/\/camaleoparty.ch\/de\/wp-json\/wp\/v2\/product"}],"about":[{"href":"https:\/\/camaleoparty.ch\/de\/wp-json\/wp\/v2\/types\/product"}],"replies":[{"embeddable":true,"href":"https:\/\/camaleoparty.ch\/de\/wp-json\/wp\/v2\/comments?post=39063"}],"wp:featuredmedia":[{"embeddable":true,"href":"https:\/\/camaleoparty.ch\/de\/wp-json\/wp\/v2\/media\/37135"}],"wp:attachment":[{"href":"https:\/\/camaleoparty.ch\/de\/wp-json\/wp\/v2\/media?parent=39063"}],"wp:term":[{"taxonomy":"product_cat","embeddable":true,"href":"https:\/\/camaleoparty.ch\/de\/wp-json\/wp\/v2\/product_cat?post=39063"},{"taxonomy":"product_tag","embeddable":true,"href":"https:\/\/camaleoparty.ch\/de\/wp-json\/wp\/v2\/product_tag?post=39063"}],"curies":[{"name":"wp","href":"https:\/\/api.w.org\/{rel}","templated":true}]}}