{"id":38753,"date":"2021-03-11T15:50:00","date_gmt":"2024-03-02T19:57:20","guid":{"rendered":"https:\/\/pikasworld.ch\/product\/20-servietten-einhorn-mini\/"},"modified":"2024-11-08T13:57:18","modified_gmt":"2024-11-08T12:57:18","slug":"20-servietten-einhorn-mini","status":"publish","type":"product","link":"https:\/\/camaleoparty.ch\/de\/produkt\/20-servietten-einhorn-mini\/","title":{"rendered":"20 Servietten Einhorn mini"},"content":{"rendered":"<div>\n<div>\n<div>\n<ul>\n<li>20 Servietten Einhorn mini<\/li>\n<li>Made in Europe<\/li>\n<li>Aus europ\u00e4ischem FSC-Papier, mit pflanzlicher Tinte gef\u00e4rbt<\/li>\n<li>Recycelbar<\/li>\n<li>Ma\u00dfe: 16,5 x 16,5 gefaltet, 33 x 33cm ge\u00f6ffnet<\/li>\n<\/ul>\n<\/div>\n<\/div>\n<\/div>\n<p>20 kleine Einhorn-Servietten, kreiert von My Little Day bunt und kawaii! Organisieren Sie einen Einhorngeburtstag oder eine Regenbogenparty? Das Einhorngeschirr ist f\u00fcr Ihre G\u00e4ste gedacht. Kombinieren Sie sie mit Servietten, Tellern, Kerzen und Ballons f\u00fcr eine zauberhafte Dekoration von A bis Z!<\/p>\n<p>Diese Becher werden in Frankreich mit Liebe entworfen und in Europa auf verantwortungsvolle Weise hergestellt.<\/p>\n","protected":false},"excerpt":{"rendered":"<p>20 kleine Einhorn-Servietten, kreiert von My Little Day bunt und kawaii! Organisieren Sie einen Einhorngeburtstag oder eine Regenbogenparty? Das Einhorngeschirr ist f\u00fcr Ihre G\u00e4ste gedacht. Kombinieren Sie sie mit Servietten, Tellern, Kerzen und Ballons f\u00fcr eine zauberhafte Dekoration von A bis Z!<\/p>\n","protected":false},"featured_media":32458,"comment_status":"open","ping_status":"closed","template":"","meta":[],"product_cat":[221,183,895,913,555,161,147],"product_tag":[],"class_list":{"0":"post-38753","1":"product","2":"type-product","3":"status-publish","4":"has-post-thumbnail","6":"product_brand-mylittleday-de","7":"product_cat-einhorn","8":"product_cat-geburtstag","9":"product_cat-lagerabbau","10":"product_cat-produkte","11":"product_cat-sale-de-2","12":"product_cat-servietten","13":"product_cat-verjaardags-en-feesttafelversieringen","15":"first","16":"instock","17":"sale","18":"taxable","19":"shipping-taxable","20":"purchasable","21":"product-type-simple"},"_links":{"self":[{"href":"https:\/\/camaleoparty.ch\/de\/wp-json\/wp\/v2\/product\/38753","targetHints":{"allow":["GET"]}}],"collection":[{"href":"https:\/\/camaleoparty.ch\/de\/wp-json\/wp\/v2\/product"}],"about":[{"href":"https:\/\/camaleoparty.ch\/de\/wp-json\/wp\/v2\/types\/product"}],"replies":[{"embeddable":true,"href":"https:\/\/camaleoparty.ch\/de\/wp-json\/wp\/v2\/comments?post=38753"}],"wp:featuredmedia":[{"embeddable":true,"href":"https:\/\/camaleoparty.ch\/de\/wp-json\/wp\/v2\/media\/32458"}],"wp:attachment":[{"href":"https:\/\/camaleoparty.ch\/de\/wp-json\/wp\/v2\/media?parent=38753"}],"wp:term":[{"taxonomy":"product_cat","embeddable":true,"href":"https:\/\/camaleoparty.ch\/de\/wp-json\/wp\/v2\/product_cat?post=38753"},{"taxonomy":"product_tag","embeddable":true,"href":"https:\/\/camaleoparty.ch\/de\/wp-json\/wp\/v2\/product_tag?post=38753"}],"curies":[{"name":"wp","href":"https:\/\/api.w.org\/{rel}","templated":true}]}}