{"id":38748,"date":"2023-11-19T13:04:00","date_gmt":"2024-03-02T19:52:04","guid":{"rendered":"https:\/\/pikasworld.ch\/product\/set-arche-aus-luftballons-nude-und-pink\/"},"modified":"2024-11-08T13:44:46","modified_gmt":"2024-11-08T12:44:46","slug":"set-arche-aus-luftballons-nude-und-pink","status":"publish","type":"product","link":"https:\/\/camaleoparty.ch\/de\/produkt\/set-arche-aus-luftballons-nude-und-pink\/","title":{"rendered":"Set Arche aus Luftballons Nude und Pink"},"content":{"rendered":"<p style=\"margin: 0px; padding: 0px; border: 0px; font-size: 16px; font-family: futura-pt, sans-serif; font-weight: 400; vertical-align: initial; text-transform: none; border-radius: 0px; font-style: normal; letter-spacing: 1px; text-align: left; text-indent: 0px; text-decoration: none;\"><span style=\"vertical-align: inherit;\"><span style=\"vertical-align: inherit;\">Erstellen Sie mit diesem unglaublichen Arche-Kit aus nackten und rosafarbenen Ballons eine wundersch\u00f6ne Ausstellung auf Ihrer Feier. <\/span><span style=\"vertical-align: inherit;\">Mit einem tollen Ombr\u00e9-Effekt ist diese Ballongirlande perfekt f\u00fcr jede rosa oder neutrale Themenparty. <\/span><\/span><\/p>\n<p><span style=\"vertical-align: inherit;\"><span style=\"vertical-align: inherit;\">Unsere wundersch\u00f6nen Ballonb\u00f6gen sind der beste Weg, um Ihre Partyballons auf die n\u00e4chste Stufe zu heben! <\/span><span style=\"vertical-align: inherit;\">Verwenden Sie es als Hauptst\u00fcck, als Hintergrund f\u00fcr eine durchschlagende Party oder rahmen Sie Ihre T\u00fcr ein, um einen aufregenden Eingang zu schaffen! <\/span><\/span><\/p>\n<p><span style=\"vertical-align: inherit;\"><span style=\"vertical-align: inherit;\">Jede Packung enth\u00e4lt 75 Ballons: <\/span><\/span><br \/>\n<span style=\"vertical-align: inherit;\"><span style=\"vertical-align: inherit;\">2 x 18&#8243;, 8 x 12&#8243;, 8 x 10&#8243;, 4 x 5&#8243; Rosa Luftballons <\/span><\/span><br \/>\n<span style=\"vertical-align: inherit;\"><span style=\"vertical-align: inherit;\">2 x 18&#8243;, 6 x 12&#8243;, 6 x 10&#8243;, 4 x 5&#8243; Taupe Luftballons <\/span><\/span><br \/>\n<span style=\"vertical-align: inherit;\"><span style=\"vertical-align: inherit;\">2 x 18&#8243; dunkelrosa Luftballons, 6 x 12&#8243;, 6 x 10&#8243;, 4 x 5&#8243; dunkelrosa Luftballons <\/span><\/span><br \/>\n<span style=\"vertical-align: inherit;\"><span style=\"vertical-align: inherit;\">2 x 18&#8243;, 8 x 12&#8243;, 4 x 10&#8243;, 3 x 5&#8243; Luftballons heller Pfirsich Papierballonband 5 m, 40 x <\/span><\/span><br \/>\n<span style=\"vertical-align: inherit;\"><span style=\"vertical-align: inherit;\">Klebstoff Punkte, 3 m wei\u00dfe Juteschnur f\u00fcr eine einfache Montage. <\/span><\/span><\/p>\n<p><span style=\"vertical-align: inherit;\"><span style=\"vertical-align: inherit;\">Die Latexballons sind biologisch abbaubar und die Verpackung ist recycelbar und FSC-zertifiziert.<\/span><\/span><\/p>\n<p>&nbsp;<\/p>\n<p><span style=\"font-family: futura-pt, sans-serif; font-size: 16px; font-style: normal; font-weight: 400; letter-spacing: 1px; text-align: left; text-indent: 0px; text-transform: none; text-decoration: none; vertical-align: inherit;\"><span style=\"vertical-align: inherit;\">Metallrahmen nicht enthalten<\/span><\/span><\/p>\n","protected":false},"excerpt":{"rendered":"<p><span style=\"font-family: futura-pt, sans-serif; font-size: 16px; font-style: normal; font-weight: 400; letter-spacing: 1px; text-align: start; text-indent: 0px; text-transform: none; text-decoration: none; vertical-align: inherit;\">Erstellen Sie eine wundersch\u00f6ne Pr\u00e4sentation auf Ihrer Feier mit diesem unglaublichen Ballonbogen-Set aus Nude Ombr\u00e9 und Pink.<span class=\"Apple-converted-space\"> <\/span><\/span><span style=\"font-family: futura-pt, sans-serif; font-size: 16px; font-style: normal; font-weight: 400; letter-spacing: 1px; text-align: start; text-indent: 0px; text-transform: none; text-decoration: none; vertical-align: inherit;\">Diese wundersch\u00f6ne Ballongirlande enth\u00e4lt 75 Ballons in verschiedenen Farben und Gr\u00f6\u00dfen.<\/span><\/p>\n","protected":false},"featured_media":36706,"comment_status":"open","ping_status":"closed","template":"","meta":[],"product_cat":[185,411,708,163,221,554,183,385,191,773,742,553,195,591,1204,181,189,193],"product_tag":[],"class_list":{"0":"post-38748","1":"product","2":"type-product","3":"status-publish","4":"has-post-thumbnail","6":"product_brand-gingerray-de","7":"product_cat-baby-shower-de","8":"product_cat-ballongirlande","9":"product_cat-blumen","10":"product_cat-dekoration","11":"product_cat-einhorn","12":"product_cat-fruhling","13":"product_cat-geburtstag","14":"product_cat-gender-reveal-party-de","15":"product_cat-hochzeit","16":"product_cat-hund","17":"product_cat-katze","18":"product_cat-muttertag","19":"product_cat-ostern","20":"product_cat-prinzessin-de","21":"product_cat-rosa","22":"product_cat-saisonal","23":"product_cat-sommer","24":"product_cat-weihnachten","26":"first","27":"instock","28":"taxable","29":"shipping-taxable","30":"purchasable","31":"product-type-simple"},"_links":{"self":[{"href":"https:\/\/camaleoparty.ch\/de\/wp-json\/wp\/v2\/product\/38748","targetHints":{"allow":["GET"]}}],"collection":[{"href":"https:\/\/camaleoparty.ch\/de\/wp-json\/wp\/v2\/product"}],"about":[{"href":"https:\/\/camaleoparty.ch\/de\/wp-json\/wp\/v2\/types\/product"}],"replies":[{"embeddable":true,"href":"https:\/\/camaleoparty.ch\/de\/wp-json\/wp\/v2\/comments?post=38748"}],"wp:featuredmedia":[{"embeddable":true,"href":"https:\/\/camaleoparty.ch\/de\/wp-json\/wp\/v2\/media\/36706"}],"wp:attachment":[{"href":"https:\/\/camaleoparty.ch\/de\/wp-json\/wp\/v2\/media?parent=38748"}],"wp:term":[{"taxonomy":"product_cat","embeddable":true,"href":"https:\/\/camaleoparty.ch\/de\/wp-json\/wp\/v2\/product_cat?post=38748"},{"taxonomy":"product_tag","embeddable":true,"href":"https:\/\/camaleoparty.ch\/de\/wp-json\/wp\/v2\/product_tag?post=38748"}],"curies":[{"name":"wp","href":"https:\/\/api.w.org\/{rel}","templated":true}]}}