{"id":38711,"date":"2024-01-21T16:18:10","date_gmt":"2024-02-29T09:00:13","guid":{"rendered":"https:\/\/pikasworld.ch\/product\/handtuchhalter-in-form-eines-hummers\/"},"modified":"2024-11-08T13:38:48","modified_gmt":"2024-11-08T12:38:48","slug":"handtuchhalter-in-form-eines-hummers","status":"publish","type":"product","link":"https:\/\/camaleoparty.ch\/de\/produkt\/handtuchhalter-in-form-eines-hummers\/","title":{"rendered":"Handtuchhalter in Form eines Hummers"},"content":{"rendered":"<p>Handtuchhalter in Form eines Hummers mit den Ma\u00dfen ca. 14,6 cm H\u00f6he x 16,5 cm L\u00e4nge x 3,8 cm Breite. Verleihen Sie Ihrem Tisch einen eleganten nautischen Touch mit diesem charmanten Serviettenhalter der australischen Marke Sunnylife, der 50 Servietten enth\u00e4lt. Ideal, um Ihre Handt\u00fccher stilvoll und praktisch zu pr\u00e4sentieren.<\/p>\n","protected":false},"excerpt":{"rendered":"<p>Hummer-Handtuchhalter: Australischer Charme in 14,6 cm. Sunnylife, die Marke, die auf Ihrem Tisch gl\u00e4nzt. (Beinhaltet 50 Handt\u00fccher)<\/p>\n","protected":false},"featured_media":37791,"comment_status":"open","ping_status":"closed","template":"","meta":[],"product_cat":[729,299,161,147],"product_tag":[],"class_list":{"0":"post-38711","1":"product","2":"type-product","3":"status-publish","4":"has-post-thumbnail","6":"product_cat-unter-dem-meer","7":"product_cat-meerjungfrauen","8":"product_cat-servietten","9":"product_cat-verjaardags-en-feesttafelversieringen","11":"first","12":"instock","13":"taxable","14":"shipping-taxable","15":"purchasable","16":"product-type-simple"},"_links":{"self":[{"href":"https:\/\/camaleoparty.ch\/de\/wp-json\/wp\/v2\/product\/38711","targetHints":{"allow":["GET"]}}],"collection":[{"href":"https:\/\/camaleoparty.ch\/de\/wp-json\/wp\/v2\/product"}],"about":[{"href":"https:\/\/camaleoparty.ch\/de\/wp-json\/wp\/v2\/types\/product"}],"replies":[{"embeddable":true,"href":"https:\/\/camaleoparty.ch\/de\/wp-json\/wp\/v2\/comments?post=38711"}],"wp:featuredmedia":[{"embeddable":true,"href":"https:\/\/camaleoparty.ch\/de\/wp-json\/wp\/v2\/media\/37791"}],"wp:attachment":[{"href":"https:\/\/camaleoparty.ch\/de\/wp-json\/wp\/v2\/media?parent=38711"}],"wp:term":[{"taxonomy":"product_cat","embeddable":true,"href":"https:\/\/camaleoparty.ch\/de\/wp-json\/wp\/v2\/product_cat?post=38711"},{"taxonomy":"product_tag","embeddable":true,"href":"https:\/\/camaleoparty.ch\/de\/wp-json\/wp\/v2\/product_tag?post=38711"}],"curies":[{"name":"wp","href":"https:\/\/api.w.org\/{rel}","templated":true}]}}