{"id":38709,"date":"2024-01-24T19:04:49","date_gmt":"2024-01-24T18:04:49","guid":{"rendered":"https:\/\/pikasworld.ch\/product\/mini-tischset-baustelle\/"},"modified":"2024-11-08T13:38:45","modified_gmt":"2024-11-08T12:38:45","slug":"mini-tischset-baustelle","status":"publish","type":"product","link":"https:\/\/camaleoparty.ch\/de\/produkt\/mini-tischset-baustelle\/","title":{"rendered":"Mini Tischset &#8211; Baustelle"},"content":{"rendered":"<div class=\"elementor-element elementor-element-412cfef elementor-widget elementor-widget-woocommerce-product-short-description\" data-id=\"412cfef\" data-element_type=\"widget\" data-widget_type=\"woocommerce-product-short-description.default\" style=\"--flex-direction: initial;--flex-wrap: initial;--justify-content: initial;--align-items: initial;--align-content: initial;--gap: initial;--flex-basis: initial;--flex-grow: initial;--flex-shrink: initial;--order: initial;--align-self: initial;flex-basis: var(--flex-basis);flex-grow: var(--flex-grow);flex-shrink: var(--flex-shrink);align-self: var(--align-self);flex-direction: var(--flex-direction);flex-wrap: var(--flex-wrap);justify-content: var(--justify-content);align-items: var(--align-items);align-content: var(--align-content);gap: var(--gap);position: relative;--swiper-theme-color: #000;--swiper-navigation-size: 44px;--swiper-pagination-bullet-size: 6px;--swiper-pagination-bullet-horizontal-gap: 6px;width: 452px;margin-bottom: 20px;text-align: left;font-family: Roboto, sans-serif;font-size: 18px;font-style: normal;font-weight: 400;letter-spacing: normal;text-indent: 0px;text-transform: none;text-decoration: none\">\n<div class=\"elementor-widget-container\" style=\"margin: 0px;padding: 0px\">\n<div class=\"woocommerce-product-details__short-description\" style=\"color: var( --e-global-color-b03d011 );font-size: 17px;font-weight: 400;line-height: 1.5em\">\n<p class=\"p1\">1 Silikonset + 4 Filzstifte<br \/>\nEINE SEITE ZUM AUSMALEN &#8211; EINE SEITE ZUM ZEICHNEN &#8211; LEICHT ZU REINIGEN &#8211; WIEDERVERWENDBAR &#8211; AB 3 JAHREN<\/p>\n<p>Achtung aktuelle Baustelle f\u00fcr Eltern verboten! Baggerlader und Maschinen zum endlosen Ausmalen f\u00fcr eine farbenfrohe Baustelle.<\/p>\n<\/div>\n<\/div>\n<\/div>\n<div class=\"elementor-element elementor-element-449005e elementor-widget elementor-widget-text-editor\" data-id=\"449005e\" data-element_type=\"widget\" data-widget_type=\"text-editor.default\" style=\"--flex-direction: initial;--flex-wrap: initial;--justify-content: initial;--align-items: initial;--align-content: initial;--gap: initial;--flex-basis: initial;--flex-grow: initial;--flex-shrink: initial;--order: initial;--align-self: initial;flex-basis: var(--flex-basis);flex-grow: var(--flex-grow);flex-shrink: var(--flex-shrink);align-self: var(--align-self);flex-direction: var(--flex-direction);flex-wrap: var(--flex-wrap);justify-content: var(--justify-content);align-items: var(--align-items);align-content: var(--align-content);gap: var(--gap);position: relative;--swiper-theme-color: #000;--swiper-navigation-size: 44px;--swiper-pagination-bullet-size: 6px;--swiper-pagination-bullet-horizontal-gap: 6px;width: 452px;margin-bottom: 20px;color: var( --e-global-color-b03d011 );font-size: 17px;font-family: Roboto, sans-serif;font-style: normal;font-weight: 400;letter-spacing: normal;text-align: start;text-indent: 0px;text-transform: none;text-decoration: none\">\n<div class=\"elementor-widget-container\" style=\"margin: 20px 0px 0px\">\n<p>NOMADE &amp; PRAKTISCH: Ideal zum Reisen, sein Format passt perfekt auf Tablets in Z\u00fcgen und Flugzeugen, um die Kinder \u00fcberall zu besch\u00e4ftigen.<\/p>\n<p>WENDBAR UND KREATIV: Ein ideales, beidseitig verwendbares Format, das du \u00fcberall hin mitnehmen kannst, um doppelt so viel Spa\u00df zu haben.<\/p>\n<p>ANGENEHMES UND WEICHES MATERIAL: 100% Silikon mit Lebensmittelkontakt, seine Oberfl\u00e4che ist porenfrei und antibakteriell, um Kinder zu sch\u00fctzen.<\/p>\n<p>VERANTWORTUNGSBEWUSSTES PRODUKT: Als Mitglied von 1% for the Planet spenden wir 1% aller Verk\u00e4ufe an Organisationen, die sich f\u00fcr den Schutz der Umwelt einsetzen.<\/p>\n<p>MARQUEZ FRANCAISE: SuperPetit wurde 2015 von zwei Schwestern gegr\u00fcndet und l\u00e4sst sich von Kindern inspirieren, um innovative und nachhaltige Produkte zu entwickeln.<\/p>\n<\/div>\n<\/div>\n","protected":false},"excerpt":{"rendered":"<div class=\"elementor-element elementor-element-412cfef elementor-widget elementor-widget-woocommerce-product-short-description\" data-id=\"412cfef\" data-element_type=\"widget\" data-widget_type=\"woocommerce-product-short-description.default\" style=\"--flex-direction: initial;--flex-wrap: initial;--justify-content: initial;--align-items: initial;--align-content: initial;--gap: initial;--flex-basis: initial;--flex-grow: initial;--flex-shrink: initial;--order: initial;--align-self: initial;flex-basis: var(--flex-basis);flex-grow: var(--flex-grow);flex-shrink: var(--flex-shrink);align-self: var(--align-self);flex-direction: var(--flex-direction);flex-wrap: var(--flex-wrap);justify-content: var(--justify-content);align-items: var(--align-items);align-content: var(--align-content);gap: var(--gap);position: relative;--swiper-theme-color: #000;--swiper-navigation-size: 44px;--swiper-pagination-bullet-size: 6px;--swiper-pagination-bullet-horizontal-gap: 6px;width: 452px;margin-bottom: 20px;text-align: left;font-family: Roboto, sans-serif;font-size: 18px;font-style: normal;font-weight: 400;letter-spacing: normal;text-indent: 0px;text-transform: none;text-decoration: none\">\n<div class=\"elementor-widget-container\" style=\"margin: 0px;padding: 0px\">\n<div class=\"woocommerce-product-details__short-description\" style=\"color: var( --e-global-color-b03d011 );font-size: 17px;font-weight: 400;line-height: 1.5em\">\n<p class=\"p1\">Silikonset + 4 Filzstifte<\/p>\n<\/div>\n<\/div>\n<\/div>\n","protected":false},"featured_media":37817,"comment_status":"open","ping_status":"closed","template":"","meta":[],"product_cat":[724,366,370,147,134],"product_tag":[],"class_list":{"0":"post-38709","1":"product","2":"type-product","3":"status-publish","4":"has-post-thumbnail","6":"product_brand-super-petit-de","7":"product_cat-aufbau","8":"product_cat-geschenk-ecke","9":"product_cat-kinder","10":"product_cat-verjaardags-en-feesttafelversieringen","11":"product_cat-zum-ausmalen","13":"first","14":"instock","15":"taxable","16":"shipping-taxable","17":"purchasable","18":"product-type-simple"},"_links":{"self":[{"href":"https:\/\/camaleoparty.ch\/de\/wp-json\/wp\/v2\/product\/38709","targetHints":{"allow":["GET"]}}],"collection":[{"href":"https:\/\/camaleoparty.ch\/de\/wp-json\/wp\/v2\/product"}],"about":[{"href":"https:\/\/camaleoparty.ch\/de\/wp-json\/wp\/v2\/types\/product"}],"replies":[{"embeddable":true,"href":"https:\/\/camaleoparty.ch\/de\/wp-json\/wp\/v2\/comments?post=38709"}],"wp:featuredmedia":[{"embeddable":true,"href":"https:\/\/camaleoparty.ch\/de\/wp-json\/wp\/v2\/media\/37817"}],"wp:attachment":[{"href":"https:\/\/camaleoparty.ch\/de\/wp-json\/wp\/v2\/media?parent=38709"}],"wp:term":[{"taxonomy":"product_cat","embeddable":true,"href":"https:\/\/camaleoparty.ch\/de\/wp-json\/wp\/v2\/product_cat?post=38709"},{"taxonomy":"product_tag","embeddable":true,"href":"https:\/\/camaleoparty.ch\/de\/wp-json\/wp\/v2\/product_tag?post=38709"}],"curies":[{"name":"wp","href":"https:\/\/api.w.org\/{rel}","templated":true}]}}