{"id":38706,"date":"2024-01-14T15:41:26","date_gmt":"2024-02-29T08:59:55","guid":{"rendered":"https:\/\/pikasworld.ch\/product\/popcornbehaelter-superheldin-pop-art\/"},"modified":"2024-11-08T13:39:04","modified_gmt":"2024-11-08T12:39:04","slug":"popcornbehaelter-superheldin-pop-art","status":"publish","type":"product","link":"https:\/\/camaleoparty.ch\/de\/produkt\/popcornbehaelter-superheldin-pop-art\/","title":{"rendered":"Popcornbeh\u00e4lter Superheldin- Pop Art"},"content":{"rendered":"<p>Verw\u00f6hnen Sie Ihre Sinne mit unserer einzigartigen Sammlung von Popcornschachteln! Diese acht Schachteln sind nicht einfach nur eine Verpackung, sondern eine Explosion von Stil und Geschmack. Verwandeln Sie Ihr Filmerlebnis mit einem modernen und schicken Touch. Der B\u00fcrgermeister kann sogar eine weibliche Version einer Superheldin erschaffen, was Ihrer Filmvorf\u00fchrung eine Extraportion Spa\u00df und Emanzipation verleiht. Diese Boxen sind nicht nur zum Aufbewahren da, sondern auch, um eine gewagte Aussage zu machen!<\/p>\n","protected":false},"excerpt":{"rendered":"<p>Erleben Sie die Extravaganz mit unseren rosa Popcornschachteln im Pop-Art-Stil. Acht vibrierende Einheiten mit Wolkenkratzerdesigns, um Ihr Kinoerlebnis zu steigern. Der B\u00fcrgermeister kann sogar eine weibliche Version der Superheldin schaffen und damit einen Hauch von Emanzipation hinzuf\u00fcgen. Es handelt sich nicht einfach um K\u00e4sten, sondern um stilistische Aussagen.<\/p>\n","protected":false},"featured_media":37682,"comment_status":"open","ping_status":"closed","template":"","meta":[],"product_cat":[183,333,181,235,147],"product_tag":[],"class_list":{"0":"post-38706","1":"product","2":"type-product","3":"status-publish","4":"has-post-thumbnail","6":"product_cat-geburtstag","7":"product_cat-popcorn-de","8":"product_cat-saisonal","9":"product_cat-superheld","10":"product_cat-verjaardags-en-feesttafelversieringen","12":"first","13":"instock","14":"taxable","15":"shipping-taxable","16":"purchasable","17":"product-type-simple"},"_links":{"self":[{"href":"https:\/\/camaleoparty.ch\/de\/wp-json\/wp\/v2\/product\/38706","targetHints":{"allow":["GET"]}}],"collection":[{"href":"https:\/\/camaleoparty.ch\/de\/wp-json\/wp\/v2\/product"}],"about":[{"href":"https:\/\/camaleoparty.ch\/de\/wp-json\/wp\/v2\/types\/product"}],"replies":[{"embeddable":true,"href":"https:\/\/camaleoparty.ch\/de\/wp-json\/wp\/v2\/comments?post=38706"}],"wp:featuredmedia":[{"embeddable":true,"href":"https:\/\/camaleoparty.ch\/de\/wp-json\/wp\/v2\/media\/37682"}],"wp:attachment":[{"href":"https:\/\/camaleoparty.ch\/de\/wp-json\/wp\/v2\/media?parent=38706"}],"wp:term":[{"taxonomy":"product_cat","embeddable":true,"href":"https:\/\/camaleoparty.ch\/de\/wp-json\/wp\/v2\/product_cat?post=38706"},{"taxonomy":"product_tag","embeddable":true,"href":"https:\/\/camaleoparty.ch\/de\/wp-json\/wp\/v2\/product_tag?post=38706"}],"curies":[{"name":"wp","href":"https:\/\/api.w.org\/{rel}","templated":true}]}}