{"id":38704,"date":"2024-01-16T23:22:00","date_gmt":"2024-02-29T08:59:49","guid":{"rendered":"https:\/\/pikasworld.ch\/product\/20-handtuecher-hund-feuerwehr\/"},"modified":"2024-11-08T13:39:02","modified_gmt":"2024-11-08T12:39:02","slug":"20-handtuecher-hund-feuerwehr","status":"publish","type":"product","link":"https:\/\/camaleoparty.ch\/de\/produkt\/20-handtuecher-hund-feuerwehr\/","title":{"rendered":"20 Handt\u00fccher Hund Feuerwehr"},"content":{"rendered":"<p><span style=\"font-family: filson_softbook, Helvetica, Times, sans-serif;font-size: 16.73337px;font-style: normal;font-weight: 400;letter-spacing: normal;text-align: start;text-indent: 0px;text-transform: none;text-decoration: none;float: none\">Pin-pon pin-pon! Unser Feuerwehrhund kommt zur Rettung &#8211; zur Freude der Kinder! Hier sind 20 von My Little Day entworfene Papierservietten, die von Leitern, Feuerwehrautos und Dalmatinern bev\u00f6lkert werden und perfekt f\u00fcr einen gelungenen Feuerwehrgeburtstag sind. Kombinieren Sie sie mit den Bechern und Tellern der Feuerwehr-Kollektion f\u00fcr einen selbstbewussten Total-Look. Die Feuerwehrhandt\u00fccher wurden in Paris entworfen, in Europa aus FSC-Papier hergestellt,&nbsp;mit Farbstoffen auf Wasserbasis gef\u00e4rbt, sind biologisch abbaubar und recycelbar.<\/span><\/p>\n","protected":false},"excerpt":{"rendered":"<p>Pin-pon pin-pon! Unser Feuerwehrhund kommt zur Rettung &#8211; zur Freude der Kinder! Hier sind 20 von My Little Day entworfene Papierservietten, die von Leitern, Feuerwehrautos und Dalmatinern bev\u00f6lkert werden und perfekt f\u00fcr einen gelungenen Feuerwehrgeburtstag sind. Kombinieren Sie sie mit den Bechern und Tellern der Feuerwehr-Kollektion f\u00fcr einen selbstbewussten Total-Look. Die Feuerwehrhandt\u00fccher wurden in Paris [&hellip;]<\/p>\n","protected":false},"featured_media":37688,"comment_status":"open","ping_status":"closed","template":"","meta":[],"product_cat":[585,773,161,147],"product_tag":[],"class_list":{"0":"post-38704","1":"product","2":"type-product","3":"status-publish","4":"has-post-thumbnail","6":"product_brand-mylittleday-de","7":"product_cat-feuerwehrmann","8":"product_cat-hund","9":"product_cat-servietten","10":"product_cat-verjaardags-en-feesttafelversieringen","12":"first","13":"instock","14":"taxable","15":"shipping-taxable","16":"purchasable","17":"product-type-simple"},"_links":{"self":[{"href":"https:\/\/camaleoparty.ch\/de\/wp-json\/wp\/v2\/product\/38704","targetHints":{"allow":["GET"]}}],"collection":[{"href":"https:\/\/camaleoparty.ch\/de\/wp-json\/wp\/v2\/product"}],"about":[{"href":"https:\/\/camaleoparty.ch\/de\/wp-json\/wp\/v2\/types\/product"}],"replies":[{"embeddable":true,"href":"https:\/\/camaleoparty.ch\/de\/wp-json\/wp\/v2\/comments?post=38704"}],"wp:featuredmedia":[{"embeddable":true,"href":"https:\/\/camaleoparty.ch\/de\/wp-json\/wp\/v2\/media\/37688"}],"wp:attachment":[{"href":"https:\/\/camaleoparty.ch\/de\/wp-json\/wp\/v2\/media?parent=38704"}],"wp:term":[{"taxonomy":"product_cat","embeddable":true,"href":"https:\/\/camaleoparty.ch\/de\/wp-json\/wp\/v2\/product_cat?post=38704"},{"taxonomy":"product_tag","embeddable":true,"href":"https:\/\/camaleoparty.ch\/de\/wp-json\/wp\/v2\/product_tag?post=38704"}],"curies":[{"name":"wp","href":"https:\/\/api.w.org\/{rel}","templated":true}]}}