{"id":38690,"date":"2024-01-16T23:39:00","date_gmt":"2024-02-29T08:58:56","guid":{"rendered":"https:\/\/pikasworld.ch\/product\/8-goblet-baustelle\/"},"modified":"2024-11-08T13:39:00","modified_gmt":"2024-11-08T12:39:00","slug":"8-goblet-baustelle","status":"publish","type":"product","link":"https:\/\/camaleoparty.ch\/de\/produkt\/8-goblet-baustelle\/","title":{"rendered":"8 Goblet Baustelle"},"content":{"rendered":"<div class=\"fp_description_mobile show-for-small-only\" style=\"font-family: filson_softbook, Helvetica, Times, sans-serif;margin: 30px 0px 0px;padding: 0px;font-size: 16px;font-style: normal;font-weight: 400;letter-spacing: normal;text-align: start;text-indent: 0px;text-transform: none;text-decoration: none\">\n<div class=\"fp_container_texte\" style=\"font-family: filson_softbook, Helvetica, Times, sans-serif;margin: 0px;padding: 0px\">\n<div class=\"description toogle_mobile\" style=\"font-family: filson_softbook, Helvetica, Times, sans-serif;margin: 0px 0px 1em;padding: 0px;font-size: calc(15.66667px + 0.10417vw);line-height: calc(18px + 0.625vw)\">\n<p style=\"font-family: inherit;margin: 0px 0px 0.5rem;padding: 0px;font-weight: normal;font-size: calc(15.66667px + 0.10417vw);line-height: calc(18px + 0.625vw)\">F\u00fcr alle Fans von Baggern, Kr\u00e4nen, Baggern und LKWs! 8 von My Little Day entworfene Pappbecher, die mit Baumaschinen bev\u00f6lkert sind und sich perfekt f\u00fcr eine Baustellen-Geburtstagsdekoration eignen. Kombinieren Sie sie mit den Tellern und Servietten der Kollektion Baustelle f\u00fcr einen selbstbewussten Total-Look. Die Baustellenbecher wurden in Paris entworfen, in Europa aus FSC-Papier hergestellt und mit pflanzlicher Tinte gef\u00e4rbt.<\/p>\n<\/div>\n<\/div>\n<\/div>\n","protected":false},"excerpt":{"rendered":"<p>F\u00fcr alle Fans von Baggern, Kr\u00e4nen, Baggern und LKWs! 8 von My Little Day entworfene Pappbecher, die mit Baumaschinen bev\u00f6lkert sind und sich perfekt f\u00fcr eine Baustellen-Geburtstagsdekoration eignen. Kombinieren Sie sie mit den Tellern und Servietten der Kollektion Baustelle f\u00fcr einen selbstbewussten Total-Look. Die Baustellenbecher wurden in Paris entworfen, in Europa aus FSC-Papier hergestellt und [&hellip;]<\/p>\n","protected":false},"featured_media":37716,"comment_status":"open","ping_status":"closed","template":"","meta":[],"product_cat":[724,157,147],"product_tag":[],"class_list":{"0":"post-38690","1":"product","2":"type-product","3":"status-publish","4":"has-post-thumbnail","6":"product_brand-mylittleday-de","7":"product_cat-aufbau","8":"product_cat-becher","9":"product_cat-verjaardags-en-feesttafelversieringen","11":"first","12":"instock","13":"taxable","14":"shipping-taxable","15":"purchasable","16":"product-type-simple"},"_links":{"self":[{"href":"https:\/\/camaleoparty.ch\/de\/wp-json\/wp\/v2\/product\/38690","targetHints":{"allow":["GET"]}}],"collection":[{"href":"https:\/\/camaleoparty.ch\/de\/wp-json\/wp\/v2\/product"}],"about":[{"href":"https:\/\/camaleoparty.ch\/de\/wp-json\/wp\/v2\/types\/product"}],"replies":[{"embeddable":true,"href":"https:\/\/camaleoparty.ch\/de\/wp-json\/wp\/v2\/comments?post=38690"}],"wp:featuredmedia":[{"embeddable":true,"href":"https:\/\/camaleoparty.ch\/de\/wp-json\/wp\/v2\/media\/37716"}],"wp:attachment":[{"href":"https:\/\/camaleoparty.ch\/de\/wp-json\/wp\/v2\/media?parent=38690"}],"wp:term":[{"taxonomy":"product_cat","embeddable":true,"href":"https:\/\/camaleoparty.ch\/de\/wp-json\/wp\/v2\/product_cat?post=38690"},{"taxonomy":"product_tag","embeddable":true,"href":"https:\/\/camaleoparty.ch\/de\/wp-json\/wp\/v2\/product_tag?post=38690"}],"curies":[{"name":"wp","href":"https:\/\/api.w.org\/{rel}","templated":true}]}}