{"id":38672,"date":"2024-02-03T10:30:00","date_gmt":"2024-02-25T08:55:43","guid":{"rendered":"https:\/\/pikasworld.ch\/product\/retro-wrestler-xl\/"},"modified":"2024-11-08T13:37:03","modified_gmt":"2024-11-08T12:37:03","slug":"retro-wrestler-xl","status":"publish","type":"product","link":"https:\/\/camaleoparty.ch\/de\/produkt\/retro-wrestler-xl\/","title":{"rendered":"Retro Wrestler (XL)"},"content":{"rendered":"<p>Retro-Ringerkost\u00fcm, mehrfarbig, mit Body, G\u00fcrtel, B\u00fcndchen und Manschetten<\/p>\n<p>Du hast sie im Fernsehen gesehen, ohne dich in diesem tollen Kost\u00fcm von Smiffys&nbsp; in deinen Lieblings-Retro-Wrestler zu verwandeln! Mit einem Body, einem G\u00fcrtel und Arm- und Beinmanschetten sind Sie in diesem Kost\u00fcm bereit zum Schimpfen! F\u00fcgen Sie einfach eine Lockenper\u00fccke und Ihren besten Wrestling-Move hinzu.<\/p>\n","protected":false},"excerpt":{"rendered":"<p>Retro-Ringerkost\u00fcm, mehrfarbig, mit Body, G\u00fcrtel, B\u00fcndchen und Manschetten Du hast sie im Fernsehen gesehen, ohne dich in diesem tollen Kost\u00fcm von Smiffys&nbsp; in deinen Lieblings-Retro-Wrestler zu verwandeln! Mit einem Body, einem G\u00fcrtel und Arm- und Beinmanschetten sind Sie in diesem Kost\u00fcm bereit zum Schimpfen! F\u00fcgen Sie einfach eine Lockenper\u00fccke und Ihren besten Wrestling-Move hinzu.<\/p>\n","protected":false},"featured_media":38159,"comment_status":"open","ping_status":"closed","template":"","meta":[],"product_cat":[136,719],"product_tag":[],"class_list":{"0":"post-38672","1":"product","2":"type-product","3":"status-publish","4":"has-post-thumbnail","6":"product_brand-smiffys-de","7":"product_cat-kostueme","8":"product_cat-mann","10":"first","11":"instock","12":"sale","13":"taxable","14":"shipping-taxable","15":"purchasable","16":"product-type-simple"},"_links":{"self":[{"href":"https:\/\/camaleoparty.ch\/de\/wp-json\/wp\/v2\/product\/38672","targetHints":{"allow":["GET"]}}],"collection":[{"href":"https:\/\/camaleoparty.ch\/de\/wp-json\/wp\/v2\/product"}],"about":[{"href":"https:\/\/camaleoparty.ch\/de\/wp-json\/wp\/v2\/types\/product"}],"replies":[{"embeddable":true,"href":"https:\/\/camaleoparty.ch\/de\/wp-json\/wp\/v2\/comments?post=38672"}],"wp:featuredmedia":[{"embeddable":true,"href":"https:\/\/camaleoparty.ch\/de\/wp-json\/wp\/v2\/media\/38159"}],"wp:attachment":[{"href":"https:\/\/camaleoparty.ch\/de\/wp-json\/wp\/v2\/media?parent=38672"}],"wp:term":[{"taxonomy":"product_cat","embeddable":true,"href":"https:\/\/camaleoparty.ch\/de\/wp-json\/wp\/v2\/product_cat?post=38672"},{"taxonomy":"product_tag","embeddable":true,"href":"https:\/\/camaleoparty.ch\/de\/wp-json\/wp\/v2\/product_tag?post=38672"}],"curies":[{"name":"wp","href":"https:\/\/api.w.org\/{rel}","templated":true}]}}