{"id":38660,"date":"2024-02-04T17:53:40","date_gmt":"2024-02-25T08:37:36","guid":{"rendered":"https:\/\/pikasworld.ch\/product\/emc2-peruecke-und-schnurrbart\/"},"modified":"2024-11-08T13:36:42","modified_gmt":"2024-11-08T12:36:42","slug":"emc2-peruecke-und-schnurrbart","status":"publish","type":"product","link":"https:\/\/camaleoparty.ch\/de\/produkt\/emc2-peruecke-und-schnurrbart\/","title":{"rendered":"E=MC2 PER\u00dcCKE UND SCHNURRBART"},"content":{"rendered":"<p><font style=\"font-family: gotham;font-size: 16px;font-style: normal;font-weight: 400;letter-spacing: normal;text-align: start;text-indent: 0px;text-transform: none;text-decoration: none;vertical-align: inherit\">Diese Haare sind ein genialer Look!<span class=\"Apple-converted-space\">&nbsp;<\/span><\/font><font style=\"font-family: gotham;font-size: 16px;font-style: normal;font-weight: 400;letter-spacing: normal;text-align: start;text-indent: 0px;text-transform: none;text-decoration: none;vertical-align: inherit\">Die E=MC2 ist eine lockige wei\u00dfe Per\u00fccke im Einstein-Stil, die mit einem Stab auf dem Schnurrbart geliefert wird.<span class=\"Apple-converted-space\">&nbsp;<\/span><\/font><font style=\"font-family: gotham;font-size: 16px;font-style: normal;font-weight: 400;letter-spacing: normal;text-align: start;text-indent: 0px;text-transform: none;text-decoration: none;vertical-align: inherit\">Der Schnurrbart ben\u00f6tigt bei l\u00e4ngerem Gebrauch m\u00f6glicherweise einen zus\u00e4tzlichen geeigneten Klebstoff<\/font><\/p>\n","protected":false},"excerpt":{"rendered":"<p>Diese Haare sind ein genialer Look!&nbsp;Die E=MC2 ist eine lockige wei\u00dfe Per\u00fccke im Einstein-Stil, die mit einem Stab auf dem Schnurrbart geliefert wird.&nbsp;Der Schnurrbart ben\u00f6tigt bei l\u00e4ngerem Gebrauch m\u00f6glicherweise einen zus\u00e4tzlichen geeigneten Klebstoff<\/p>\n","protected":false},"featured_media":38234,"comment_status":"open","ping_status":"closed","template":"","meta":[],"product_cat":[136,719,853],"product_tag":[],"class_list":{"0":"post-38660","1":"product","2":"type-product","3":"status-publish","4":"has-post-thumbnail","6":"product_brand-smiffys-de","7":"product_cat-kostueme","8":"product_cat-mann","9":"product_cat-zubehor","11":"first","12":"instock","13":"sale","14":"taxable","15":"shipping-taxable","16":"purchasable","17":"product-type-simple"},"_links":{"self":[{"href":"https:\/\/camaleoparty.ch\/de\/wp-json\/wp\/v2\/product\/38660","targetHints":{"allow":["GET"]}}],"collection":[{"href":"https:\/\/camaleoparty.ch\/de\/wp-json\/wp\/v2\/product"}],"about":[{"href":"https:\/\/camaleoparty.ch\/de\/wp-json\/wp\/v2\/types\/product"}],"replies":[{"embeddable":true,"href":"https:\/\/camaleoparty.ch\/de\/wp-json\/wp\/v2\/comments?post=38660"}],"wp:featuredmedia":[{"embeddable":true,"href":"https:\/\/camaleoparty.ch\/de\/wp-json\/wp\/v2\/media\/38234"}],"wp:attachment":[{"href":"https:\/\/camaleoparty.ch\/de\/wp-json\/wp\/v2\/media?parent=38660"}],"wp:term":[{"taxonomy":"product_cat","embeddable":true,"href":"https:\/\/camaleoparty.ch\/de\/wp-json\/wp\/v2\/product_cat?post=38660"},{"taxonomy":"product_tag","embeddable":true,"href":"https:\/\/camaleoparty.ch\/de\/wp-json\/wp\/v2\/product_tag?post=38660"}],"curies":[{"name":"wp","href":"https:\/\/api.w.org\/{rel}","templated":true}]}}