{"id":38656,"date":"2024-02-04T17:36:52","date_gmt":"2024-02-25T08:37:28","guid":{"rendered":"https:\/\/pikasworld.ch\/product\/der-rogue-moustache-and-chin-patch\/"},"modified":"2024-11-08T13:36:46","modified_gmt":"2024-11-08T12:36:46","slug":"der-rogue-moustache-and-chin-patch","status":"publish","type":"product","link":"https:\/\/camaleoparty.ch\/de\/produkt\/der-rogue-moustache-and-chin-patch\/","title":{"rendered":"DER ROGUE MOUSTACHE AND CHIN PATCH"},"content":{"rendered":"<p><font style=\"font-family: gotham;font-size: 16px;font-style: normal;font-weight: 400;letter-spacing: normal;text-align: start;text-indent: 0px;text-transform: none;text-decoration: none;vertical-align: inherit\">Ein ergreifendes Rot.<span class=\"Apple-converted-space\">&nbsp;<\/span><\/font><font style=\"font-family: gotham;font-size: 16px;font-style: normal;font-weight: 400;letter-spacing: normal;text-align: start;text-indent: 0px;text-transform: none;text-decoration: none;vertical-align: inherit\">Le Rouge wird mit einem Stick auf dem Bart, einem Soul Patch und einem Schnurrbart geliefert.<span class=\"Apple-converted-space\">&nbsp;<\/span><\/font><font style=\"font-family: gotham;font-size: 16px;font-style: normal;font-weight: 400;letter-spacing: normal;text-align: start;text-indent: 0px;text-transform: none;text-decoration: none;vertical-align: inherit\">Beachten Sie, dass das Produkt bei l\u00e4ngerem Gebrauch einen geeigneten zus\u00e4tzlichen Klebstoff ben\u00f6tigt.<\/font><\/p>\n","protected":false},"excerpt":{"rendered":"<p>Ein ergreifendes Rot.&nbsp;Le Rouge wird mit einem Stick auf dem Bart, einem Soul Patch und einem Schnurrbart geliefert.&nbsp;Beachten Sie, dass das Produkt bei l\u00e4ngerem Gebrauch einen geeigneten zus\u00e4tzlichen Klebstoff ben\u00f6tigt.<\/p>\n","protected":false},"featured_media":0,"comment_status":"open","ping_status":"closed","template":"","meta":[],"product_cat":[136,719,853],"product_tag":[],"class_list":{"0":"post-38656","1":"product","2":"type-product","3":"status-publish","5":"product_brand-smiffys-de","6":"product_cat-kostueme","7":"product_cat-mann","8":"product_cat-zubehor","10":"first","11":"instock","12":"sale","13":"taxable","14":"shipping-taxable","15":"purchasable","16":"product-type-simple"},"_links":{"self":[{"href":"https:\/\/camaleoparty.ch\/de\/wp-json\/wp\/v2\/product\/38656","targetHints":{"allow":["GET"]}}],"collection":[{"href":"https:\/\/camaleoparty.ch\/de\/wp-json\/wp\/v2\/product"}],"about":[{"href":"https:\/\/camaleoparty.ch\/de\/wp-json\/wp\/v2\/types\/product"}],"replies":[{"embeddable":true,"href":"https:\/\/camaleoparty.ch\/de\/wp-json\/wp\/v2\/comments?post=38656"}],"wp:attachment":[{"href":"https:\/\/camaleoparty.ch\/de\/wp-json\/wp\/v2\/media?parent=38656"}],"wp:term":[{"taxonomy":"product_cat","embeddable":true,"href":"https:\/\/camaleoparty.ch\/de\/wp-json\/wp\/v2\/product_cat?post=38656"},{"taxonomy":"product_tag","embeddable":true,"href":"https:\/\/camaleoparty.ch\/de\/wp-json\/wp\/v2\/product_tag?post=38656"}],"curies":[{"name":"wp","href":"https:\/\/api.w.org\/{rel}","templated":true}]}}