{"id":38654,"date":"2024-02-04T17:49:20","date_gmt":"2024-02-25T08:37:24","guid":{"rendered":"https:\/\/pikasworld.ch\/product\/peruecke-peruecke-18-jahrhundert\/"},"modified":"2024-11-08T13:36:45","modified_gmt":"2024-11-08T12:36:45","slug":"peruecke-peruecke-18-jahrhundert","status":"publish","type":"product","link":"https:\/\/camaleoparty.ch\/de\/produkt\/peruecke-peruecke-18-jahrhundert\/","title":{"rendered":"PER\u00dcCKE PER\u00dcCKE 18. JAHRHUNDERT"},"content":{"rendered":"<p><font style=\"font-family: gotham;font-size: 16px;font-style: normal;font-weight: 400;letter-spacing: normal;text-align: start;text-indent: 0px;text-transform: none;text-decoration: none;vertical-align: inherit\">Tragen Sie eine Per\u00fccke wie ein Gentleman.<span class=\"Apple-converted-space\">&nbsp;<\/span><\/font><font style=\"font-family: gotham;font-size: 16px;font-style: normal;font-weight: 400;letter-spacing: normal;text-align: start;text-indent: 0px;text-transform: none;text-decoration: none;vertical-align: inherit\">Jahrhundert in der Farbe Peruke Grey imitiert altmodische motorisierte Per\u00fccken und enth\u00e4lt eine Bandverbindung.<\/font><\/p>\n","protected":false},"excerpt":{"rendered":"<p>Tragen Sie eine Per\u00fccke wie ein Gentleman.&nbsp;Jahrhundert in der Farbe Peruke Grey imitiert altmodische motorisierte Per\u00fccken und enth\u00e4lt eine Bandverbindung.<\/p>\n","protected":false},"featured_media":38224,"comment_status":"open","ping_status":"closed","template":"","meta":[],"product_cat":[136,719,853],"product_tag":[],"class_list":{"0":"post-38654","1":"product","2":"type-product","3":"status-publish","4":"has-post-thumbnail","6":"product_brand-smiffys-de","7":"product_cat-kostueme","8":"product_cat-mann","9":"product_cat-zubehor","11":"first","12":"instock","13":"sale","14":"taxable","15":"shipping-taxable","16":"purchasable","17":"product-type-simple"},"_links":{"self":[{"href":"https:\/\/camaleoparty.ch\/de\/wp-json\/wp\/v2\/product\/38654","targetHints":{"allow":["GET"]}}],"collection":[{"href":"https:\/\/camaleoparty.ch\/de\/wp-json\/wp\/v2\/product"}],"about":[{"href":"https:\/\/camaleoparty.ch\/de\/wp-json\/wp\/v2\/types\/product"}],"replies":[{"embeddable":true,"href":"https:\/\/camaleoparty.ch\/de\/wp-json\/wp\/v2\/comments?post=38654"}],"wp:featuredmedia":[{"embeddable":true,"href":"https:\/\/camaleoparty.ch\/de\/wp-json\/wp\/v2\/media\/38224"}],"wp:attachment":[{"href":"https:\/\/camaleoparty.ch\/de\/wp-json\/wp\/v2\/media?parent=38654"}],"wp:term":[{"taxonomy":"product_cat","embeddable":true,"href":"https:\/\/camaleoparty.ch\/de\/wp-json\/wp\/v2\/product_cat?post=38654"},{"taxonomy":"product_tag","embeddable":true,"href":"https:\/\/camaleoparty.ch\/de\/wp-json\/wp\/v2\/product_tag?post=38654"}],"curies":[{"name":"wp","href":"https:\/\/api.w.org\/{rel}","templated":true}]}}