{"id":38598,"date":"2024-02-13T23:24:48","date_gmt":"2024-02-23T18:50:39","guid":{"rendered":"https:\/\/pikasworld.ch\/product\/6-silberne-becher\/"},"modified":"2024-11-08T13:36:04","modified_gmt":"2024-11-08T12:36:04","slug":"6-silberne-becher","status":"publish","type":"product","link":"https:\/\/camaleoparty.ch\/de\/produkt\/6-silberne-becher\/","title":{"rendered":"6 Silberne Becher"},"content":{"rendered":"<p>Verleihen Sie Ihrer n\u00e4chsten Feier einen Hauch von Eleganz und Raffinesse mit unserem 6-teiligen Set aus silberfarbenen Gl\u00e4sern. Diese blendenden Gl\u00e4ser sind perfekt, um jeden Anlass zu veredeln.<\/p>\n","protected":false},"excerpt":{"rendered":"<p>Verleihen Sie Ihrer n\u00e4chsten Feier einen Hauch von Eleganz und Raffinesse mit unserem 6-teiligen Set aus silberfarbenen Gl\u00e4sern. Diese blendenden Gl\u00e4ser sind perfekt, um jeden Anlass zu veredeln.<\/p>\n","protected":false},"featured_media":38367,"comment_status":"open","ping_status":"closed","template":"","meta":[],"product_cat":[157,299,1214,1071,147,340],"product_tag":[],"class_list":{"0":"post-38598","1":"product","2":"type-product","3":"status-publish","4":"has-post-thumbnail","6":"product_cat-becher","7":"product_cat-meerjungfrauen","8":"product_cat-farbe-silber","9":"product_cat-silvesterabend","10":"product_cat-verjaardags-en-feesttafelversieringen","11":"product_cat-weltraum","13":"first","14":"instock","15":"taxable","16":"shipping-taxable","17":"purchasable","18":"product-type-simple"},"_links":{"self":[{"href":"https:\/\/camaleoparty.ch\/de\/wp-json\/wp\/v2\/product\/38598","targetHints":{"allow":["GET"]}}],"collection":[{"href":"https:\/\/camaleoparty.ch\/de\/wp-json\/wp\/v2\/product"}],"about":[{"href":"https:\/\/camaleoparty.ch\/de\/wp-json\/wp\/v2\/types\/product"}],"replies":[{"embeddable":true,"href":"https:\/\/camaleoparty.ch\/de\/wp-json\/wp\/v2\/comments?post=38598"}],"wp:featuredmedia":[{"embeddable":true,"href":"https:\/\/camaleoparty.ch\/de\/wp-json\/wp\/v2\/media\/38367"}],"wp:attachment":[{"href":"https:\/\/camaleoparty.ch\/de\/wp-json\/wp\/v2\/media?parent=38598"}],"wp:term":[{"taxonomy":"product_cat","embeddable":true,"href":"https:\/\/camaleoparty.ch\/de\/wp-json\/wp\/v2\/product_cat?post=38598"},{"taxonomy":"product_tag","embeddable":true,"href":"https:\/\/camaleoparty.ch\/de\/wp-json\/wp\/v2\/product_tag?post=38598"}],"curies":[{"name":"wp","href":"https:\/\/api.w.org\/{rel}","templated":true}]}}