{"id":38596,"date":"2024-02-13T23:34:21","date_gmt":"2024-02-23T18:50:34","guid":{"rendered":"https:\/\/pikasworld.ch\/product\/6-becher-weiss\/"},"modified":"2024-11-08T13:36:03","modified_gmt":"2024-11-08T12:36:03","slug":"6-becher-weiss","status":"publish","type":"product","link":"https:\/\/camaleoparty.ch\/de\/produkt\/6-becher-weiss\/","title":{"rendered":"6 Becher, wei\u00df"},"content":{"rendered":"<p>Verleihen Sie Ihrer n\u00e4chsten Feier einen festlichen Touch mit unserem Set aus sechs wei\u00dfen Gl\u00e4sern mit einem goldenen Streifen auf der Oberseite. Diese stapelbaren Gl\u00e4ser eignen sich perfekt f\u00fcr eine lebhafte Party, bei der Ihre G\u00e4ste ihre Lieblingsgetr\u00e4nke ganz einfach genie\u00dfen k\u00f6nnen. Mit einem eleganten goldenen Streifen verleihen sie Ihrer Festtafel einen Hauch von Raffinesse. Feiern Sie stilvoll und praktisch mit diesen bezaubernden Gl\u00e4sern!<\/p>\n","protected":false},"excerpt":{"rendered":"<p>Verleihen Sie Ihrer n\u00e4chsten Feier einen festlichen Touch mit unserem Set aus sechs wei\u00dfen Gl\u00e4sern mit einem goldenen Streifen auf der Oberseite. Diese stapelbaren Gl\u00e4ser eignen sich perfekt f\u00fcr eine lebhafte Party, bei der Ihre G\u00e4ste ihre Lieblingsgetr\u00e4nke ganz einfach genie\u00dfen k\u00f6nnen. Mit einem eleganten goldenen Streifen verleihen sie Ihrer Festtafel einen Hauch von Raffinesse. [&hellip;]<\/p>\n","protected":false},"featured_media":38371,"comment_status":"open","ping_status":"closed","template":"","meta":[],"product_cat":[157,183,1212,191,1071],"product_tag":[],"class_list":{"0":"post-38596","1":"product","2":"type-product","3":"status-publish","4":"has-post-thumbnail","6":"product_brand-gingerray-de","7":"product_cat-becher","8":"product_cat-geburtstag","9":"product_cat-goldfarben","10":"product_cat-hochzeit","11":"product_cat-silvesterabend","13":"first","14":"instock","15":"taxable","16":"shipping-taxable","17":"purchasable","18":"product-type-simple"},"_links":{"self":[{"href":"https:\/\/camaleoparty.ch\/de\/wp-json\/wp\/v2\/product\/38596","targetHints":{"allow":["GET"]}}],"collection":[{"href":"https:\/\/camaleoparty.ch\/de\/wp-json\/wp\/v2\/product"}],"about":[{"href":"https:\/\/camaleoparty.ch\/de\/wp-json\/wp\/v2\/types\/product"}],"replies":[{"embeddable":true,"href":"https:\/\/camaleoparty.ch\/de\/wp-json\/wp\/v2\/comments?post=38596"}],"wp:featuredmedia":[{"embeddable":true,"href":"https:\/\/camaleoparty.ch\/de\/wp-json\/wp\/v2\/media\/38371"}],"wp:attachment":[{"href":"https:\/\/camaleoparty.ch\/de\/wp-json\/wp\/v2\/media?parent=38596"}],"wp:term":[{"taxonomy":"product_cat","embeddable":true,"href":"https:\/\/camaleoparty.ch\/de\/wp-json\/wp\/v2\/product_cat?post=38596"},{"taxonomy":"product_tag","embeddable":true,"href":"https:\/\/camaleoparty.ch\/de\/wp-json\/wp\/v2\/product_tag?post=38596"}],"curies":[{"name":"wp","href":"https:\/\/api.w.org\/{rel}","templated":true}]}}