{"id":38589,"date":"2024-02-05T00:37:53","date_gmt":"2024-02-23T18:50:18","guid":{"rendered":"https:\/\/pikasworld.ch\/product\/karte-juste-une-petite-note\/"},"modified":"2024-11-08T13:36:22","modified_gmt":"2024-11-08T12:36:22","slug":"karte-juste-une-petite-note","status":"publish","type":"product","link":"https:\/\/camaleoparty.ch\/de\/produkt\/karte-juste-une-petite-note\/","title":{"rendered":"Karte &#8211; JUSTE UNE PETITE NOTE"},"content":{"rendered":"<p><font style=\"font-family: Baskerville;font-size: 16px;font-style: normal;font-weight: 400;letter-spacing: normal;text-align: left;text-indent: 0px;text-transform: none;text-decoration: none;vertical-align: inherit\">Ein kurzes Wort, um zu sagen &#8230; na ja &#8230; was Sie wollen!<span class=\"Apple-converted-space\">&nbsp;<\/span><\/font><font style=\"font-family: Baskerville;font-size: 16px;font-style: normal;font-weight: 400;letter-spacing: normal;text-align: left;text-indent: 0px;text-transform: none;text-decoration: none;vertical-align: inherit\">Diese h\u00fcbsche Gru\u00dfkarte ist alles, was Sie brauchen, um all Ihren Lieben eine Nachricht zu \u00fcbermitteln.<span class=\"Apple-converted-space\">&nbsp;<\/span><\/font><\/p>\n","protected":false},"excerpt":{"rendered":"<p>Ein kurzes Wort, um zu sagen &#8230; na ja &#8230; was Sie wollen!&nbsp;Diese h\u00fcbsche Gru\u00dfkarte ist alles, was Sie brauchen, um all Ihren Lieben eine Nachricht zu \u00fcbermitteln.&nbsp;<\/p>\n","protected":false},"featured_media":38277,"comment_status":"open","ping_status":"closed","template":"","meta":[],"product_cat":[185,201,183,391,191,1166,193],"product_tag":[],"class_list":{"0":"post-38589","1":"product","2":"type-product","3":"status-publish","4":"has-post-thumbnail","6":"product_brand-hammondgower-de","7":"product_cat-baby-shower-de","8":"product_cat-einladungen-karten","9":"product_cat-geburtstag","10":"product_cat-hen-party-polter-abend","11":"product_cat-hochzeit","12":"product_cat-valentinstag","13":"product_cat-weihnachten","15":"first","16":"instock","17":"taxable","18":"shipping-taxable","19":"purchasable","20":"product-type-simple"},"_links":{"self":[{"href":"https:\/\/camaleoparty.ch\/de\/wp-json\/wp\/v2\/product\/38589","targetHints":{"allow":["GET"]}}],"collection":[{"href":"https:\/\/camaleoparty.ch\/de\/wp-json\/wp\/v2\/product"}],"about":[{"href":"https:\/\/camaleoparty.ch\/de\/wp-json\/wp\/v2\/types\/product"}],"replies":[{"embeddable":true,"href":"https:\/\/camaleoparty.ch\/de\/wp-json\/wp\/v2\/comments?post=38589"}],"wp:featuredmedia":[{"embeddable":true,"href":"https:\/\/camaleoparty.ch\/de\/wp-json\/wp\/v2\/media\/38277"}],"wp:attachment":[{"href":"https:\/\/camaleoparty.ch\/de\/wp-json\/wp\/v2\/media?parent=38589"}],"wp:term":[{"taxonomy":"product_cat","embeddable":true,"href":"https:\/\/camaleoparty.ch\/de\/wp-json\/wp\/v2\/product_cat?post=38589"},{"taxonomy":"product_tag","embeddable":true,"href":"https:\/\/camaleoparty.ch\/de\/wp-json\/wp\/v2\/product_tag?post=38589"}],"curies":[{"name":"wp","href":"https:\/\/api.w.org\/{rel}","templated":true}]}}