{"id":38587,"date":"2024-02-05T00:37:58","date_gmt":"2024-02-23T18:50:14","guid":{"rendered":"https:\/\/pikasworld.ch\/product\/freundschaftskarte-glueck\/"},"modified":"2024-11-08T13:36:21","modified_gmt":"2024-11-08T12:36:21","slug":"freundschaftskarte-glueck","status":"publish","type":"product","link":"https:\/\/camaleoparty.ch\/de\/produkt\/freundschaftskarte-glueck\/","title":{"rendered":"FREUNDSCHAFTSKARTE &#8211; GL\u00dcCK"},"content":{"rendered":"<p><font style=\"font-family: Baskerville;font-size: 16px;font-style: normal;font-weight: 400;letter-spacing: normal;text-align: left;text-indent: 0px;text-transform: none;text-decoration: none;vertical-align: inherit\">Gl\u00fcck ist eine jahrelange Freundschaft.<span class=\"Apple-converted-space\">&nbsp;<\/span><\/font><font style=\"font-family: Baskerville;font-size: 16px;font-style: normal;font-weight: 400;letter-spacing: normal;text-align: left;text-indent: 0px;text-transform: none;text-decoration: none;vertical-align: inherit\">Diese h\u00fcbsche Freundschaftskarte hat zwei H\u00e4nde, die ein kleines Versprechen geben und damit ihre Hingabe an ihre Freundschaft zeigen.<span class=\"Apple-converted-space\">&nbsp;<\/span><\/font><font style=\"font-family: Baskerville;font-size: 16px;font-style: normal;font-weight: 400;letter-spacing: normal;text-align: left;text-indent: 0px;text-transform: none;text-decoration: none;vertical-align: inherit\">Perfekt zum Versenden an Ihren besten Freund, um ihn wissen zu lassen, wie sehr er geliebt und gesch\u00e4tzt wird.<span class=\"Apple-converted-space\">&nbsp;<\/span><\/font><\/p>\n","protected":false},"excerpt":{"rendered":"<p>Gl\u00fcck ist eine jahrelange Freundschaft.&nbsp;Diese h\u00fcbsche Freundschaftskarte hat zwei H\u00e4nde, die ein kleines Versprechen geben und damit ihre Hingabe an ihre Freundschaft zeigen.&nbsp;Perfekt zum Versenden an Ihren besten Freund, um ihn wissen zu lassen, wie sehr er geliebt und gesch\u00e4tzt wird.&nbsp;<\/p>\n","protected":false},"featured_media":38280,"comment_status":"open","ping_status":"closed","template":"","meta":[],"product_cat":[201],"product_tag":[],"class_list":{"0":"post-38587","1":"product","2":"type-product","3":"status-publish","4":"has-post-thumbnail","6":"product_brand-hammondgower-de","7":"product_cat-einladungen-karten","9":"first","10":"instock","11":"taxable","12":"shipping-taxable","13":"purchasable","14":"product-type-simple"},"_links":{"self":[{"href":"https:\/\/camaleoparty.ch\/de\/wp-json\/wp\/v2\/product\/38587","targetHints":{"allow":["GET"]}}],"collection":[{"href":"https:\/\/camaleoparty.ch\/de\/wp-json\/wp\/v2\/product"}],"about":[{"href":"https:\/\/camaleoparty.ch\/de\/wp-json\/wp\/v2\/types\/product"}],"replies":[{"embeddable":true,"href":"https:\/\/camaleoparty.ch\/de\/wp-json\/wp\/v2\/comments?post=38587"}],"wp:featuredmedia":[{"embeddable":true,"href":"https:\/\/camaleoparty.ch\/de\/wp-json\/wp\/v2\/media\/38280"}],"wp:attachment":[{"href":"https:\/\/camaleoparty.ch\/de\/wp-json\/wp\/v2\/media?parent=38587"}],"wp:term":[{"taxonomy":"product_cat","embeddable":true,"href":"https:\/\/camaleoparty.ch\/de\/wp-json\/wp\/v2\/product_cat?post=38587"},{"taxonomy":"product_tag","embeddable":true,"href":"https:\/\/camaleoparty.ch\/de\/wp-json\/wp\/v2\/product_tag?post=38587"}],"curies":[{"name":"wp","href":"https:\/\/api.w.org\/{rel}","templated":true}]}}